{"id":1578,"date":"2024-07-07T14:40:27","date_gmt":"2024-07-07T14:40:27","guid":{"rendered":"https:\/\/f-wines.com\/?page_id=1578"},"modified":"2025-01-24T10:55:24","modified_gmt":"2025-01-24T10:55:24","slug":"mas-de-boislauzon","status":"publish","type":"page","link":"https:\/\/f-wines.com\/fr\/mas-de-boislauzon\/","title":{"rendered":"MAS DE BOISLAUZON"},"content":{"rendered":"<div data-elementor-type=\"wp-page\" data-elementor-id=\"1578\" class=\"elementor elementor-1578\">\n\t\t\t\t<div class=\"elementor-element elementor-element-380a597a e-flex e-con-boxed e-con e-parent\" data-id=\"380a597a\" data-element_type=\"container\" data-e-type=\"container\">\n\t\t\t\t\t<div class=\"e-con-inner\">\n\t\t\t\t<div class=\"elementor-element elementor-element-1cd2d305 elementor-widget elementor-widget-heading\" data-id=\"1cd2d305\" data-element_type=\"widget\" data-e-type=\"widget\" data-widget_type=\"heading.default\">\n\t\t\t\t<div class=\"elementor-widget-container\">\n\t\t\t\t\t<h2 class=\"elementor-heading-title elementor-size-default\">AOC CH\u00c2TEAUNEUF-DU-PAPE<\/h2>\t\t\t\t<\/div>\n\t\t\t\t<\/div>\n\t\t\t\t\t<\/div>\n\t\t\t\t<\/div>\n\t\t<div class=\"elementor-element elementor-element-7c17062e e-flex e-con-boxed e-con e-parent\" data-id=\"7c17062e\" data-element_type=\"container\" data-e-type=\"container\">\n\t\t\t\t\t<div class=\"e-con-inner\">\n\t\t<div class=\"elementor-element elementor-element-43feb515 e-con-full e-flex e-con e-child\" data-id=\"43feb515\" data-element_type=\"container\" data-e-type=\"container\">\n\t\t\t\t<div class=\"elementor-element elementor-element-377ca56 hvr-shrink elementor-widget elementor-widget-button\" data-id=\"377ca56\" data-element_type=\"widget\" data-e-type=\"widget\" data-widget_type=\"button.default\">\n\t\t\t\t<div class=\"elementor-widget-container\">\n\t\t\t\t\t\t\t\t\t<div class=\"elementor-button-wrapper\">\n\t\t\t\t\t<a class=\"elementor-button elementor-button-link elementor-size-sm\" href=\"https:\/\/f-wines.com\/fr\/our-partners\/\">\n\t\t\t\t\t\t<span class=\"elementor-button-content-wrapper\">\n\t\t\t\t\t\t<span class=\"elementor-button-icon\">\n\t\t\t\t<svg aria-hidden=\"true\" class=\"e-font-icon-svg e-far-arrow-alt-circle-left\" viewbox=\"0 0 512 512\" xmlns=\"http:\/\/www.w3.org\/2000\/svg\"><path d=\"M8 256c0 137 111 248 248 248s248-111 248-248S393 8 256 8 8 119 8 256zm448 0c0 110.5-89.5 200-200 200S56 366.5 56 256 145.5 56 256 56s200 89.5 200 200zm-72-20v40c0 6.6-5.4 12-12 12H256v67c0 10.7-12.9 16-20.5 8.5l-99-99c-4.7-4.7-4.7-12.3 0-17l99-99c7.6-7.6 20.5-2.2 20.5 8.5v67h116c6.6 0 12 5.4 12 12z\"><\/path><\/svg>\t\t\t<\/span>\n\t\t\t\t\t\t\t\t\t<span class=\"elementor-button-text\"><u>Retour<\/u><\/span>\n\t\t\t\t\t<\/span>\n\t\t\t\t\t<\/a>\n\t\t\t\t<\/div>\n\t\t\t\t\t\t\t\t<\/div>\n\t\t\t\t<\/div>\n\t\t\t\t<\/div>\n\t\t<div class=\"elementor-element elementor-element-4e36d8a e-con-full e-flex e-con e-child\" data-id=\"4e36d8a\" data-element_type=\"container\" data-e-type=\"container\">\n\t\t\t\t<div class=\"elementor-element elementor-element-5f51c6c6 elementor-align-right hvr-shrink elementor-widget elementor-widget-button\" data-id=\"5f51c6c6\" data-element_type=\"widget\" data-e-type=\"widget\" data-widget_type=\"button.default\">\n\t\t\t\t<div class=\"elementor-widget-container\">\n\t\t\t\t\t\t\t\t\t<div class=\"elementor-button-wrapper\">\n\t\t\t\t\t<a class=\"elementor-button elementor-button-link elementor-size-sm\" href=\"https:\/\/f-wines.com\/fr\/chateau-cascadais\/\">\n\t\t\t\t\t\t<span class=\"elementor-button-content-wrapper\">\n\t\t\t\t\t\t<span class=\"elementor-button-icon\">\n\t\t\t\t<svg aria-hidden=\"true\" class=\"e-font-icon-svg e-far-arrow-alt-circle-right\" viewbox=\"0 0 512 512\" xmlns=\"http:\/\/www.w3.org\/2000\/svg\"><path d=\"M504 256C504 119 393 8 256 8S8 119 8 256s111 248 248 248 248-111 248-248zm-448 0c0-110.5 89.5-200 200-200s200 89.5 200 200-89.5 200-200 200S56 366.5 56 256zm72 20v-40c0-6.6 5.4-12 12-12h116v-67c0-10.7 12.9-16 20.5-8.5l99 99c4.7 4.7 4.7 12.3 0 17l-99 99c-7.6 7.6-20.5 2.2-20.5-8.5v-67H140c-6.6 0-12-5.4-12-12z\"><\/path><\/svg>\t\t\t<\/span>\n\t\t\t\t\t\t\t\t\t<span class=\"elementor-button-text\"><u>Prochain domaine<\/u><\/span>\n\t\t\t\t\t<\/span>\n\t\t\t\t\t<\/a>\n\t\t\t\t<\/div>\n\t\t\t\t\t\t\t\t<\/div>\n\t\t\t\t<\/div>\n\t\t\t\t<\/div>\n\t\t\t\t\t<\/div>\n\t\t\t\t<\/div>\n\t\t\t\t<section class=\"elementor-section elementor-top-section elementor-element elementor-element-3b6e0066 elementor-section-boxed elementor-section-height-default elementor-section-height-default\" data-id=\"3b6e0066\" data-element_type=\"section\" data-e-type=\"section\" data-settings=\"{&quot;background_background&quot;:&quot;classic&quot;}\">\n\t\t\t\t\t\t<div class=\"elementor-container elementor-column-gap-no\">\n\t\t\t\t\t<div class=\"elementor-column elementor-col-100 elementor-top-column elementor-element elementor-element-41c292c7\" data-id=\"41c292c7\" data-element_type=\"column\" data-e-type=\"column\">\n\t\t\t<div class=\"elementor-widget-wrap elementor-element-populated\">\n\t\t\t\t\t\t<section class=\"elementor-section elementor-inner-section elementor-element elementor-element-d909e5b elementor-section-boxed elementor-section-height-default elementor-section-height-default\" data-id=\"d909e5b\" data-element_type=\"section\" data-e-type=\"section\" data-settings=\"{&quot;background_background&quot;:&quot;classic&quot;}\">\n\t\t\t\t\t\t<div class=\"elementor-container elementor-column-gap-no\">\n\t\t\t\t\t<div class=\"elementor-column elementor-col-50 elementor-inner-column elementor-element elementor-element-7beb1c7b\" data-id=\"7beb1c7b\" data-element_type=\"column\" data-e-type=\"column\">\n\t\t\t<div class=\"elementor-widget-wrap elementor-element-populated\">\n\t\t\t\t\t\t<div class=\"elementor-element elementor-element-f36a0e9 elementor-view-default elementor-widget elementor-widget-icon\" data-id=\"f36a0e9\" data-element_type=\"widget\" data-e-type=\"widget\" data-widget_type=\"icon.default\">\n\t\t\t\t<div class=\"elementor-widget-container\">\n\t\t\t\t\t\t\t<div class=\"elementor-icon-wrapper\">\n\t\t\t<div class=\"elementor-icon\">\n\t\t\t<svg aria-hidden=\"true\" class=\"e-font-icon-svg e-fas-quote-left\" viewbox=\"0 0 512 512\" xmlns=\"http:\/\/www.w3.org\/2000\/svg\"><path d=\"M464 256h-80v-64c0-35.3 28.7-64 64-64h8c13.3 0 24-10.7 24-24V56c0-13.3-10.7-24-24-24h-8c-88.4 0-160 71.6-160 160v240c0 26.5 21.5 48 48 48h128c26.5 0 48-21.5 48-48V304c0-26.5-21.5-48-48-48zm-288 0H96v-64c0-35.3 28.7-64 64-64h8c13.3 0 24-10.7 24-24V56c0-13.3-10.7-24-24-24h-8C71.6 32 0 103.6 0 192v240c0 26.5 21.5 48 48 48h128c26.5 0 48-21.5 48-48V304c0-26.5-21.5-48-48-48z\"><\/path><\/svg>\t\t\t<\/div>\n\t\t<\/div>\n\t\t\t\t\t\t<\/div>\n\t\t\t\t<\/div>\n\t\t\t\t\t<\/div>\n\t\t<\/div>\n\t\t\t\t<div class=\"elementor-column elementor-col-50 elementor-inner-column elementor-element elementor-element-69eb9b32\" data-id=\"69eb9b32\" data-element_type=\"column\" data-e-type=\"column\">\n\t\t\t<div class=\"elementor-widget-wrap elementor-element-populated\">\n\t\t\t\t\t\t<div class=\"elementor-element elementor-element-476e9487 elementor-widget elementor-widget-heading\" data-id=\"476e9487\" data-element_type=\"widget\" data-e-type=\"widget\" data-widget_type=\"heading.default\">\n\t\t\t\t<div class=\"elementor-widget-container\">\n\t\t\t\t\t<h3 class=\"elementor-heading-title elementor-size-medium\"><span><p dir=\"ltr\" style=\"font-weight: normal;line-height: 1.38;margin-top: 0pt;margin-bottom: 0pt\"><span style=\"font-size: 14.6667px;font-family: Montserrat;font-weight: var( --e-global-typography-primary-font-weight )\"> \u00ab&nbsp;<i>Depuis six g\u00e9n\u00e9rations, notre famille s'engage \u00e0 produire des vins d'exception sur les appellations de Ch\u00e2teauneuf-du-Pape et de C\u00f4tes-du-Rh\u00f4ne Villages. \u00bb<\/i> Quentin, Joris, et Arnaud<br><\/span><\/p><\/span><br><span style=\"font-weight: normal\"><span><font color=\"#000000\" face=\"Montserrat\"><span style=\"font-size: 14.6667px\">Ancr\u00e9e dans un engagement envers la qualit\u00e9 et la tradition, la famille Chaussy est fi\u00e8re de d\u00e9tenir la certification biologique depuis 2012 et la certification biodynamique depuis 2021.\n <\/span><\/font><\/span><br><br><span><font color=\"#000000\" face=\"Montserrat\"><span style=\"font-size: 14.6667px\">En tant que vignerons passionn\u00e9s, Quentin, Joris et Arnaud mettent leur savoir-faire et leur amour pour la terre dans chacune des bouteilles \u00e9labor\u00e9es. Nich\u00e9 sur la commune d'Orange, officiellement d\u00e9sign\u00e9e sous l'appellation C\u00f4tes-du-Rh\u00f4ne Villages, le vignoble est enclav\u00e9 de mani\u00e8re unique par l'estim\u00e9e appellation Ch\u00e2teauneuf-du-Pape. \n<br><br>\nLe symbole embl\u00e9matique de leur domaine, deux ch\u00eanes majestueux, t\u00e9moigne visuellement de la fronti\u00e8re qui s\u00e9pare ces deux appellations de renom.<\/span><\/font><\/span><\/span><\/h3>\t\t\t\t<\/div>\n\t\t\t\t<\/div>\n\t\t\t\t<div class=\"elementor-element elementor-element-5d32654 elementor-widget elementor-widget-image\" data-id=\"5d32654\" data-element_type=\"widget\" data-e-type=\"widget\" data-widget_type=\"image.default\">\n\t\t\t\t<div class=\"elementor-widget-container\">\n\t\t\t\t\t\t\t\t\t\t\t\t\t\t\t<img decoding=\"async\" width=\"300\" height=\"127\" src=\"https:\/\/f-wines.com\/wp-content\/uploads\/2024\/07\/Logos-domaines-meme-taille-copie-2-300x127.jpg\" class=\"attachment-medium size-medium wp-image-1533\" alt=\"\" srcset=\"https:\/\/f-wines.com\/wp-content\/uploads\/2024\/07\/Logos-domaines-meme-taille-copie-2-300x127.jpg 300w, https:\/\/f-wines.com\/wp-content\/uploads\/2024\/07\/Logos-domaines-meme-taille-copie-2-1024x432.jpg 1024w, https:\/\/f-wines.com\/wp-content\/uploads\/2024\/07\/Logos-domaines-meme-taille-copie-2-768x324.jpg 768w, https:\/\/f-wines.com\/wp-content\/uploads\/2024\/07\/Logos-domaines-meme-taille-copie-2-18x8.jpg 18w, https:\/\/f-wines.com\/wp-content\/uploads\/2024\/07\/Logos-domaines-meme-taille-copie-2.jpg 1075w\" sizes=\"(max-width: 300px) 100vw, 300px\" \/>\t\t\t\t\t\t\t\t\t\t\t\t\t\t\t<\/div>\n\t\t\t\t<\/div>\n\t\t\t\t\t<\/div>\n\t\t<\/div>\n\t\t\t\t\t<\/div>\n\t\t<\/section>\n\t\t\t\t\t<\/div>\n\t\t<\/div>\n\t\t\t\t\t<\/div>\n\t\t<\/section>\n\t\t<div class=\"elementor-element elementor-element-1aeeeaa9 e-flex e-con-boxed e-con e-parent\" data-id=\"1aeeeaa9\" data-element_type=\"container\" data-e-type=\"container\">\n\t\t\t\t\t<div class=\"e-con-inner\">\n\t\t\t\t<div class=\"elementor-element elementor-element-53f86c50 elementor-widget elementor-widget-image-gallery\" data-id=\"53f86c50\" data-element_type=\"widget\" data-e-type=\"widget\" data-widget_type=\"image-gallery.default\">\n\t\t\t\t<div class=\"elementor-widget-container\">\n\t\t\t\t\t\t\t<div class=\"elementor-image-gallery\">\n\t\t\t<div id='gallery-4' class='gallery galleryid-1578 gallery-columns-4 gallery-size-full'><figure class='gallery-item'>\n\t\t\t<div class='gallery-icon portrait'>\n\t\t\t\t<img fetchpriority=\"high\" decoding=\"async\" width=\"1707\" height=\"2560\" src=\"https:\/\/f-wines.com\/wp-content\/uploads\/2024\/07\/94.jpg\" class=\"attachment-full size-full\" alt=\"\" srcset=\"https:\/\/f-wines.com\/wp-content\/uploads\/2024\/07\/94.jpg 1707w, https:\/\/f-wines.com\/wp-content\/uploads\/2024\/07\/94-200x300.jpg 200w, https:\/\/f-wines.com\/wp-content\/uploads\/2024\/07\/94-683x1024.jpg 683w, https:\/\/f-wines.com\/wp-content\/uploads\/2024\/07\/94-768x1152.jpg 768w, https:\/\/f-wines.com\/wp-content\/uploads\/2024\/07\/94-1024x1536.jpg 1024w, https:\/\/f-wines.com\/wp-content\/uploads\/2024\/07\/94-1366x2048.jpg 1366w, https:\/\/f-wines.com\/wp-content\/uploads\/2024\/07\/94-8x12.jpg 8w\" sizes=\"(max-width: 1707px) 100vw, 1707px\" \/>\n\t\t\t<\/div><\/figure><figure class='gallery-item'>\n\t\t\t<div class='gallery-icon portrait'>\n\t\t\t\t<img decoding=\"async\" width=\"1707\" height=\"2560\" src=\"https:\/\/f-wines.com\/wp-content\/uploads\/2024\/07\/96.jpg\" class=\"attachment-full size-full\" alt=\"\" srcset=\"https:\/\/f-wines.com\/wp-content\/uploads\/2024\/07\/96.jpg 1707w, https:\/\/f-wines.com\/wp-content\/uploads\/2024\/07\/96-200x300.jpg 200w, https:\/\/f-wines.com\/wp-content\/uploads\/2024\/07\/96-683x1024.jpg 683w, https:\/\/f-wines.com\/wp-content\/uploads\/2024\/07\/96-768x1152.jpg 768w, https:\/\/f-wines.com\/wp-content\/uploads\/2024\/07\/96-1024x1536.jpg 1024w, https:\/\/f-wines.com\/wp-content\/uploads\/2024\/07\/96-1366x2048.jpg 1366w, https:\/\/f-wines.com\/wp-content\/uploads\/2024\/07\/96-8x12.jpg 8w\" sizes=\"(max-width: 1707px) 100vw, 1707px\" \/>\n\t\t\t<\/div><\/figure><figure class='gallery-item'>\n\t\t\t<div class='gallery-icon portrait'>\n\t\t\t\t<img loading=\"lazy\" decoding=\"async\" width=\"1707\" height=\"2560\" src=\"https:\/\/f-wines.com\/wp-content\/uploads\/2024\/07\/41.jpg\" class=\"attachment-full size-full\" alt=\"\" srcset=\"https:\/\/f-wines.com\/wp-content\/uploads\/2024\/07\/41.jpg 1707w, https:\/\/f-wines.com\/wp-content\/uploads\/2024\/07\/41-200x300.jpg 200w, https:\/\/f-wines.com\/wp-content\/uploads\/2024\/07\/41-683x1024.jpg 683w, https:\/\/f-wines.com\/wp-content\/uploads\/2024\/07\/41-768x1152.jpg 768w, https:\/\/f-wines.com\/wp-content\/uploads\/2024\/07\/41-1024x1536.jpg 1024w, https:\/\/f-wines.com\/wp-content\/uploads\/2024\/07\/41-1366x2048.jpg 1366w, https:\/\/f-wines.com\/wp-content\/uploads\/2024\/07\/41-8x12.jpg 8w\" sizes=\"(max-width: 1707px) 100vw, 1707px\" \/>\n\t\t\t<\/div><\/figure><figure class='gallery-item'>\n\t\t\t<div class='gallery-icon portrait'>\n\t\t\t\t<img loading=\"lazy\" decoding=\"async\" width=\"1707\" height=\"2560\" src=\"https:\/\/f-wines.com\/wp-content\/uploads\/2024\/07\/99.jpg\" class=\"attachment-full size-full\" alt=\"\" srcset=\"https:\/\/f-wines.com\/wp-content\/uploads\/2024\/07\/99.jpg 1707w, https:\/\/f-wines.com\/wp-content\/uploads\/2024\/07\/99-200x300.jpg 200w, https:\/\/f-wines.com\/wp-content\/uploads\/2024\/07\/99-683x1024.jpg 683w, https:\/\/f-wines.com\/wp-content\/uploads\/2024\/07\/99-768x1152.jpg 768w, https:\/\/f-wines.com\/wp-content\/uploads\/2024\/07\/99-1024x1536.jpg 1024w, https:\/\/f-wines.com\/wp-content\/uploads\/2024\/07\/99-1366x2048.jpg 1366w, https:\/\/f-wines.com\/wp-content\/uploads\/2024\/07\/99-8x12.jpg 8w\" sizes=\"(max-width: 1707px) 100vw, 1707px\" \/>\n\t\t\t<\/div><\/figure>\n\t\t<\/div>\n\t\t<\/div>\n\t\t\t\t\t\t<\/div>\n\t\t\t\t<\/div>\n\t\t\t\t\t<\/div>\n\t\t\t\t<\/div>\n\t\t<div class=\"elementor-element elementor-element-4989e33e e-flex e-con-boxed e-con e-parent\" data-id=\"4989e33e\" data-element_type=\"container\" data-e-type=\"container\">\n\t\t\t\t\t<div class=\"e-con-inner\">\n\t\t\t\t<div class=\"elementor-element elementor-element-4e26e01a elementor-widget elementor-widget-text-editor\" data-id=\"4e26e01a\" data-element_type=\"widget\" data-e-type=\"widget\" data-widget_type=\"text-editor.default\">\n\t\t\t\t<div class=\"elementor-widget-container\">\n\t\t\t\t\t\t\t\t\t<p>Pour plus d'informations sur les disponibilit\u00e9s export du <strong>Mas de Boislauzon<\/strong> contactez-nous \u00e0 <span style=\"text-decoration: underline;\"><a href=\"mailto:contact@f-wines.com\">contact@f-wines.com<\/a><\/span><\/p>\t\t\t\t\t\t\t\t<\/div>\n\t\t\t\t<\/div>\n\t\t\t\t\t<\/div>\n\t\t\t\t<\/div>\n\t\t<div class=\"elementor-element elementor-element-6d376701 e-flex e-con-boxed e-con e-parent\" data-id=\"6d376701\" data-element_type=\"container\" data-e-type=\"container\">\n\t\t\t\t\t<div class=\"e-con-inner\">\n\t\t\t\t\t<\/div>\n\t\t\t\t<\/div>\n\t\t\t\t<\/div>","protected":false},"excerpt":{"rendered":"<p>AOC CH\u00c2TEAUNEUF-DU-PAPE Back Next Producer \u00ab&nbsp;For six generations, our family has been dedicated to crafting exceptional wines from both Ch\u00e2teauneuf-du-Pape and C\u00f4tes du Rh\u00f4ne Villages.&nbsp;\u00bb Quentin, Joris, and Arnaud Rooted in a commitment to quality and tradition, the Chaussy family proudly holds the organic certification since 2012 and biodynamic certification since 2021. As passionate winemakers, [&hellip;]<\/p>\n","protected":false},"author":2,"featured_media":0,"parent":0,"menu_order":0,"comment_status":"closed","ping_status":"closed","template":"","meta":{"footnotes":""},"folder":[32],"class_list":["post-1578","page","type-page","status-publish","hentry"],"aioseo_notices":[],"jetpack_sharing_enabled":true,"_links":{"self":[{"href":"https:\/\/f-wines.com\/fr\/wp-json\/wp\/v2\/pages\/1578","targetHints":{"allow":["GET"]}}],"collection":[{"href":"https:\/\/f-wines.com\/fr\/wp-json\/wp\/v2\/pages"}],"about":[{"href":"https:\/\/f-wines.com\/fr\/wp-json\/wp\/v2\/types\/page"}],"author":[{"embeddable":true,"href":"https:\/\/f-wines.com\/fr\/wp-json\/wp\/v2\/users\/2"}],"replies":[{"embeddable":true,"href":"https:\/\/f-wines.com\/fr\/wp-json\/wp\/v2\/comments?post=1578"}],"version-history":[{"count":43,"href":"https:\/\/f-wines.com\/fr\/wp-json\/wp\/v2\/pages\/1578\/revisions"}],"predecessor-version":[{"id":3027,"href":"https:\/\/f-wines.com\/fr\/wp-json\/wp\/v2\/pages\/1578\/revisions\/3027"}],"wp:attachment":[{"href":"https:\/\/f-wines.com\/fr\/wp-json\/wp\/v2\/media?parent=1578"}],"wp:term":[{"taxonomy":"folder","embeddable":true,"href":"https:\/\/f-wines.com\/fr\/wp-json\/wp\/v2\/folder?post=1578"}],"curies":[{"name":"wp","href":"https:\/\/api.w.org\/{rel}","templated":true}]}}