{"id":1583,"date":"2024-07-07T14:41:06","date_gmt":"2024-07-07T14:41:06","guid":{"rendered":"https:\/\/f-wines.com\/?page_id=1583"},"modified":"2025-01-24T10:52:42","modified_gmt":"2025-01-24T10:52:42","slug":"clos-du-calvaire","status":"publish","type":"page","link":"https:\/\/f-wines.com\/fr\/clos-du-calvaire\/","title":{"rendered":"CLOS DU CALVAIRE"},"content":{"rendered":"<div data-elementor-type=\"wp-page\" data-elementor-id=\"1583\" class=\"elementor elementor-1583\">\n\t\t\t\t<div class=\"elementor-element elementor-element-14e7bd12 e-flex e-con-boxed e-con e-parent\" data-id=\"14e7bd12\" data-element_type=\"container\" data-e-type=\"container\">\n\t\t\t\t\t<div class=\"e-con-inner\">\n\t\t\t\t<div class=\"elementor-element elementor-element-3d00d91d elementor-widget elementor-widget-heading\" data-id=\"3d00d91d\" data-element_type=\"widget\" data-e-type=\"widget\" data-widget_type=\"heading.default\">\n\t\t\t\t<div class=\"elementor-widget-container\">\n\t\t\t\t\t<h2 class=\"elementor-heading-title elementor-size-default\">AOC CH\u00c2TEAUNEUF-DU-PAPE<\/h2>\t\t\t\t<\/div>\n\t\t\t\t<\/div>\n\t\t\t\t\t<\/div>\n\t\t\t\t<\/div>\n\t\t<div class=\"elementor-element elementor-element-60f1b5f4 e-flex e-con-boxed e-con e-parent\" data-id=\"60f1b5f4\" data-element_type=\"container\" data-e-type=\"container\">\n\t\t\t\t\t<div class=\"e-con-inner\">\n\t\t<div class=\"elementor-element elementor-element-3dceb0d8 e-con-full e-flex e-con e-child\" data-id=\"3dceb0d8\" data-element_type=\"container\" data-e-type=\"container\">\n\t\t\t\t<div class=\"elementor-element elementor-element-53320e5a hvr-shrink elementor-widget elementor-widget-button\" data-id=\"53320e5a\" data-element_type=\"widget\" data-e-type=\"widget\" data-widget_type=\"button.default\">\n\t\t\t\t<div class=\"elementor-widget-container\">\n\t\t\t\t\t\t\t\t\t<div class=\"elementor-button-wrapper\">\n\t\t\t\t\t<a class=\"elementor-button elementor-button-link elementor-size-sm\" href=\"https:\/\/f-wines.com\/fr\/our-partners\/\">\n\t\t\t\t\t\t<span class=\"elementor-button-content-wrapper\">\n\t\t\t\t\t\t<span class=\"elementor-button-icon\">\n\t\t\t\t<svg aria-hidden=\"true\" class=\"e-font-icon-svg e-far-arrow-alt-circle-left\" viewbox=\"0 0 512 512\" xmlns=\"http:\/\/www.w3.org\/2000\/svg\"><path d=\"M8 256c0 137 111 248 248 248s248-111 248-248S393 8 256 8 8 119 8 256zm448 0c0 110.5-89.5 200-200 200S56 366.5 56 256 145.5 56 256 56s200 89.5 200 200zm-72-20v40c0 6.6-5.4 12-12 12H256v67c0 10.7-12.9 16-20.5 8.5l-99-99c-4.7-4.7-4.7-12.3 0-17l99-99c7.6-7.6 20.5-2.2 20.5 8.5v67h116c6.6 0 12 5.4 12 12z\"><\/path><\/svg>\t\t\t<\/span>\n\t\t\t\t\t\t\t\t\t<span class=\"elementor-button-text\"><u>Retour<\/u><\/span>\n\t\t\t\t\t<\/span>\n\t\t\t\t\t<\/a>\n\t\t\t\t<\/div>\n\t\t\t\t\t\t\t\t<\/div>\n\t\t\t\t<\/div>\n\t\t\t\t<\/div>\n\t\t<div class=\"elementor-element elementor-element-980b9d4 e-con-full e-flex e-con e-child\" data-id=\"980b9d4\" data-element_type=\"container\" data-e-type=\"container\">\n\t\t\t\t<div class=\"elementor-element elementor-element-7500128c elementor-align-right hvr-shrink elementor-widget elementor-widget-button\" data-id=\"7500128c\" data-element_type=\"widget\" data-e-type=\"widget\" data-widget_type=\"button.default\">\n\t\t\t\t<div class=\"elementor-widget-container\">\n\t\t\t\t\t\t\t\t\t<div class=\"elementor-button-wrapper\">\n\t\t\t\t\t<a class=\"elementor-button elementor-button-link elementor-size-sm\" href=\"https:\/\/f-wines.com\/fr\/mas-de-boislauzon\/\">\n\t\t\t\t\t\t<span class=\"elementor-button-content-wrapper\">\n\t\t\t\t\t\t<span class=\"elementor-button-icon\">\n\t\t\t\t<svg aria-hidden=\"true\" class=\"e-font-icon-svg e-far-arrow-alt-circle-right\" viewbox=\"0 0 512 512\" xmlns=\"http:\/\/www.w3.org\/2000\/svg\"><path d=\"M504 256C504 119 393 8 256 8S8 119 8 256s111 248 248 248 248-111 248-248zm-448 0c0-110.5 89.5-200 200-200s200 89.5 200 200-89.5 200-200 200S56 366.5 56 256zm72 20v-40c0-6.6 5.4-12 12-12h116v-67c0-10.7 12.9-16 20.5-8.5l99 99c4.7 4.7 4.7 12.3 0 17l-99 99c-7.6 7.6-20.5 2.2-20.5-8.5v-67H140c-6.6 0-12-5.4-12-12z\"><\/path><\/svg>\t\t\t<\/span>\n\t\t\t\t\t\t\t\t\t<span class=\"elementor-button-text\"><u>Prochain domaine<\/u><\/span>\n\t\t\t\t\t<\/span>\n\t\t\t\t\t<\/a>\n\t\t\t\t<\/div>\n\t\t\t\t\t\t\t\t<\/div>\n\t\t\t\t<\/div>\n\t\t\t\t<\/div>\n\t\t\t\t\t<\/div>\n\t\t\t\t<\/div>\n\t\t\t\t<section class=\"elementor-section elementor-top-section elementor-element elementor-element-5c835702 elementor-section-boxed elementor-section-height-default elementor-section-height-default\" data-id=\"5c835702\" data-element_type=\"section\" data-e-type=\"section\" data-settings=\"{&quot;background_background&quot;:&quot;classic&quot;}\">\n\t\t\t\t\t\t<div class=\"elementor-container elementor-column-gap-no\">\n\t\t\t\t\t<div class=\"elementor-column elementor-col-100 elementor-top-column elementor-element elementor-element-2abcc508\" data-id=\"2abcc508\" data-element_type=\"column\" data-e-type=\"column\">\n\t\t\t<div class=\"elementor-widget-wrap elementor-element-populated\">\n\t\t\t\t\t\t<section class=\"elementor-section elementor-inner-section elementor-element elementor-element-6152b57f elementor-section-boxed elementor-section-height-default elementor-section-height-default\" data-id=\"6152b57f\" data-element_type=\"section\" data-e-type=\"section\" data-settings=\"{&quot;background_background&quot;:&quot;classic&quot;}\">\n\t\t\t\t\t\t<div class=\"elementor-container elementor-column-gap-no\">\n\t\t\t\t\t<div class=\"elementor-column elementor-col-50 elementor-inner-column elementor-element elementor-element-66c5a6e6\" data-id=\"66c5a6e6\" data-element_type=\"column\" data-e-type=\"column\">\n\t\t\t<div class=\"elementor-widget-wrap elementor-element-populated\">\n\t\t\t\t\t\t<div class=\"elementor-element elementor-element-5d17ca68 elementor-view-default elementor-widget elementor-widget-icon\" data-id=\"5d17ca68\" data-element_type=\"widget\" data-e-type=\"widget\" data-widget_type=\"icon.default\">\n\t\t\t\t<div class=\"elementor-widget-container\">\n\t\t\t\t\t\t\t<div class=\"elementor-icon-wrapper\">\n\t\t\t<div class=\"elementor-icon\">\n\t\t\t<svg aria-hidden=\"true\" class=\"e-font-icon-svg e-fas-quote-left\" viewbox=\"0 0 512 512\" xmlns=\"http:\/\/www.w3.org\/2000\/svg\"><path d=\"M464 256h-80v-64c0-35.3 28.7-64 64-64h8c13.3 0 24-10.7 24-24V56c0-13.3-10.7-24-24-24h-8c-88.4 0-160 71.6-160 160v240c0 26.5 21.5 48 48 48h128c26.5 0 48-21.5 48-48V304c0-26.5-21.5-48-48-48zm-288 0H96v-64c0-35.3 28.7-64 64-64h8c13.3 0 24-10.7 24-24V56c0-13.3-10.7-24-24-24h-8C71.6 32 0 103.6 0 192v240c0 26.5 21.5 48 48 48h128c26.5 0 48-21.5 48-48V304c0-26.5-21.5-48-48-48z\"><\/path><\/svg>\t\t\t<\/div>\n\t\t<\/div>\n\t\t\t\t\t\t<\/div>\n\t\t\t\t<\/div>\n\t\t\t\t\t<\/div>\n\t\t<\/div>\n\t\t\t\t<div class=\"elementor-column elementor-col-50 elementor-inner-column elementor-element elementor-element-5f594c44\" data-id=\"5f594c44\" data-element_type=\"column\" data-e-type=\"column\">\n\t\t\t<div class=\"elementor-widget-wrap elementor-element-populated\">\n\t\t\t\t\t\t<div class=\"elementor-element elementor-element-69110fe3 elementor-widget elementor-widget-heading\" data-id=\"69110fe3\" data-element_type=\"widget\" data-e-type=\"widget\" data-widget_type=\"heading.default\">\n\t\t\t\t<div class=\"elementor-widget-container\">\n\t\t\t\t\t<h3 class=\"elementor-heading-title elementor-size-medium\"><span><p dir=\"ltr\" style=\"font-weight: normal;line-height: 1.38;margin-top: 0pt;margin-bottom: 0pt\"><span style=\"font-size: 14.6667px;font-family: Montserrat;font-weight: var( --e-global-typography-primary-font-weight )\">Fond\u00e9 en 1923, le domaine familial se perp\u00e9tue depuis cinq g\u00e9n\u00e9rations historiquement par la Famille Mayard, puis Roumieux.\n<\/span><\/p><\/span><br><span style=\"font-weight: normal\"><span><font color=\"#000000\" face=\"Montserrat\"><span style=\"font-size: 14.6667px\">Fran\u00e7oise Roumieux, aux c\u00f4t\u00e9s de ses enfants Nicolas et Coline, animent ensemble le domaine en qu\u00eate de respect du terroir et d\u2019\u00e9quilibre. Partage et savoir-faire se transmettent et se renouvellent, leur philosophie est r\u00e9solument tourn\u00e9e vers le respect du vivant et de l\u2019\u00e9cosyst\u00e8me dans lequel la vigne prend racine.\n<br><br>\nLe vignoble de 32 hectares est cultiv\u00e9 en agriculture biologique et en agro\u00e9cologie pour d\u00e9velopper la biodiversit\u00e9 au sein des parcelles.\n\n<br><br> <i>\u00ab Au fil du travail de chaque g\u00e9n\u00e9ration de vigneron, nous gardons comme objectif de produire des cuv\u00e9es refl\u00e9tant l\u2019authenticit\u00e9 des c\u00e9pages et la beaut\u00e9 des terroirs de l\u2019appellation Ch\u00e2teauneuf du Pape. \u00bb <\/i> <strong>Fran\u00e7oise, Coline, et Nicolas<\/strong><\/span><\/font><\/span><\/span><\/h3>\t\t\t\t<\/div>\n\t\t\t\t<\/div>\n\t\t\t\t<div class=\"elementor-element elementor-element-64d94555 elementor-widget elementor-widget-image\" data-id=\"64d94555\" data-element_type=\"widget\" data-e-type=\"widget\" data-widget_type=\"image.default\">\n\t\t\t\t<div class=\"elementor-widget-container\">\n\t\t\t\t\t\t\t\t\t\t\t\t\t\t\t<img decoding=\"async\" width=\"300\" height=\"127\" src=\"https:\/\/f-wines.com\/wp-content\/uploads\/2024\/07\/9-300x127.png\" class=\"attachment-medium size-medium wp-image-1724\" alt=\"\" srcset=\"https:\/\/f-wines.com\/wp-content\/uploads\/2024\/07\/9-300x127.png 300w, https:\/\/f-wines.com\/wp-content\/uploads\/2024\/07\/9-1024x432.png 1024w, https:\/\/f-wines.com\/wp-content\/uploads\/2024\/07\/9-768x324.png 768w, https:\/\/f-wines.com\/wp-content\/uploads\/2024\/07\/9-18x8.png 18w, https:\/\/f-wines.com\/wp-content\/uploads\/2024\/07\/9.png 1075w\" sizes=\"(max-width: 300px) 100vw, 300px\" \/>\t\t\t\t\t\t\t\t\t\t\t\t\t\t\t<\/div>\n\t\t\t\t<\/div>\n\t\t\t\t\t<\/div>\n\t\t<\/div>\n\t\t\t\t\t<\/div>\n\t\t<\/section>\n\t\t\t\t\t<\/div>\n\t\t<\/div>\n\t\t\t\t\t<\/div>\n\t\t<\/section>\n\t\t<div class=\"elementor-element elementor-element-1b1665f0 e-flex e-con-boxed e-con e-parent\" data-id=\"1b1665f0\" data-element_type=\"container\" data-e-type=\"container\">\n\t\t\t\t\t<div class=\"e-con-inner\">\n\t\t\t\t<div class=\"elementor-element elementor-element-2303272c elementor-widget elementor-widget-image-gallery\" data-id=\"2303272c\" data-element_type=\"widget\" data-e-type=\"widget\" data-widget_type=\"image-gallery.default\">\n\t\t\t\t<div class=\"elementor-widget-container\">\n\t\t\t\t\t\t\t<div class=\"elementor-image-gallery\">\n\t\t\t<div id='gallery-9' class='gallery galleryid-1583 gallery-columns-4 gallery-size-full'><figure class='gallery-item'>\n\t\t\t<div class='gallery-icon portrait'>\n\t\t\t\t<img fetchpriority=\"high\" decoding=\"async\" width=\"1707\" height=\"2560\" src=\"https:\/\/f-wines.com\/wp-content\/uploads\/2024\/07\/56.jpg\" class=\"attachment-full size-full\" alt=\"\" srcset=\"https:\/\/f-wines.com\/wp-content\/uploads\/2024\/07\/56.jpg 1707w, https:\/\/f-wines.com\/wp-content\/uploads\/2024\/07\/56-200x300.jpg 200w, https:\/\/f-wines.com\/wp-content\/uploads\/2024\/07\/56-683x1024.jpg 683w, https:\/\/f-wines.com\/wp-content\/uploads\/2024\/07\/56-768x1152.jpg 768w, https:\/\/f-wines.com\/wp-content\/uploads\/2024\/07\/56-1024x1536.jpg 1024w, https:\/\/f-wines.com\/wp-content\/uploads\/2024\/07\/56-1366x2048.jpg 1366w, https:\/\/f-wines.com\/wp-content\/uploads\/2024\/07\/56-8x12.jpg 8w\" sizes=\"(max-width: 1707px) 100vw, 1707px\" \/>\n\t\t\t<\/div><\/figure><figure class='gallery-item'>\n\t\t\t<div class='gallery-icon portrait'>\n\t\t\t\t<img decoding=\"async\" width=\"1707\" height=\"2560\" src=\"https:\/\/f-wines.com\/wp-content\/uploads\/2024\/07\/65.jpg\" class=\"attachment-full size-full\" alt=\"\" srcset=\"https:\/\/f-wines.com\/wp-content\/uploads\/2024\/07\/65.jpg 1707w, https:\/\/f-wines.com\/wp-content\/uploads\/2024\/07\/65-200x300.jpg 200w, https:\/\/f-wines.com\/wp-content\/uploads\/2024\/07\/65-683x1024.jpg 683w, https:\/\/f-wines.com\/wp-content\/uploads\/2024\/07\/65-768x1152.jpg 768w, https:\/\/f-wines.com\/wp-content\/uploads\/2024\/07\/65-1024x1536.jpg 1024w, https:\/\/f-wines.com\/wp-content\/uploads\/2024\/07\/65-1366x2048.jpg 1366w, https:\/\/f-wines.com\/wp-content\/uploads\/2024\/07\/65-8x12.jpg 8w\" sizes=\"(max-width: 1707px) 100vw, 1707px\" \/>\n\t\t\t<\/div><\/figure><figure class='gallery-item'>\n\t\t\t<div class='gallery-icon portrait'>\n\t\t\t\t<img loading=\"lazy\" decoding=\"async\" width=\"1707\" height=\"2560\" src=\"https:\/\/f-wines.com\/wp-content\/uploads\/2024\/07\/66.jpg\" class=\"attachment-full size-full\" alt=\"\" srcset=\"https:\/\/f-wines.com\/wp-content\/uploads\/2024\/07\/66.jpg 1707w, https:\/\/f-wines.com\/wp-content\/uploads\/2024\/07\/66-200x300.jpg 200w, https:\/\/f-wines.com\/wp-content\/uploads\/2024\/07\/66-683x1024.jpg 683w, https:\/\/f-wines.com\/wp-content\/uploads\/2024\/07\/66-768x1152.jpg 768w, https:\/\/f-wines.com\/wp-content\/uploads\/2024\/07\/66-1024x1536.jpg 1024w, https:\/\/f-wines.com\/wp-content\/uploads\/2024\/07\/66-1366x2048.jpg 1366w, https:\/\/f-wines.com\/wp-content\/uploads\/2024\/07\/66-8x12.jpg 8w\" sizes=\"(max-width: 1707px) 100vw, 1707px\" \/>\n\t\t\t<\/div><\/figure><figure class='gallery-item'>\n\t\t\t<div class='gallery-icon portrait'>\n\t\t\t\t<img loading=\"lazy\" decoding=\"async\" width=\"1707\" height=\"2560\" src=\"https:\/\/f-wines.com\/wp-content\/uploads\/2024\/07\/52.jpg\" class=\"attachment-full size-full\" alt=\"\" srcset=\"https:\/\/f-wines.com\/wp-content\/uploads\/2024\/07\/52.jpg 1707w, https:\/\/f-wines.com\/wp-content\/uploads\/2024\/07\/52-200x300.jpg 200w, https:\/\/f-wines.com\/wp-content\/uploads\/2024\/07\/52-683x1024.jpg 683w, https:\/\/f-wines.com\/wp-content\/uploads\/2024\/07\/52-768x1152.jpg 768w, https:\/\/f-wines.com\/wp-content\/uploads\/2024\/07\/52-1024x1536.jpg 1024w, https:\/\/f-wines.com\/wp-content\/uploads\/2024\/07\/52-1366x2048.jpg 1366w, https:\/\/f-wines.com\/wp-content\/uploads\/2024\/07\/52-8x12.jpg 8w\" sizes=\"(max-width: 1707px) 100vw, 1707px\" \/>\n\t\t\t<\/div><\/figure>\n\t\t<\/div>\n\t\t<\/div>\n\t\t\t\t\t\t<\/div>\n\t\t\t\t<\/div>\n\t\t\t\t\t<\/div>\n\t\t\t\t<\/div>\n\t\t<div class=\"elementor-element elementor-element-1e35dad e-flex e-con-boxed e-con e-parent\" data-id=\"1e35dad\" data-element_type=\"container\" data-e-type=\"container\">\n\t\t\t\t\t<div class=\"e-con-inner\">\n\t\t\t\t<div class=\"elementor-element elementor-element-75a467d elementor-widget elementor-widget-text-editor\" data-id=\"75a467d\" data-element_type=\"widget\" data-e-type=\"widget\" data-widget_type=\"text-editor.default\">\n\t\t\t\t<div class=\"elementor-widget-container\">\n\t\t\t\t\t\t\t\t\t<p>Pour plus d'informations sur les disponibilit\u00e9s export du <strong>Clos Du Calvaire<\/strong>\u00a0contactez-nous \u00e0 <span style=\"text-decoration: underline;\"><a href=\"mailto:contact@f-wines.com\">contact@f-wines.com<\/a><\/span><\/p>\t\t\t\t\t\t\t\t<\/div>\n\t\t\t\t<\/div>\n\t\t\t\t\t<\/div>\n\t\t\t\t<\/div>\n\t\t<div class=\"elementor-element elementor-element-48d2984a e-flex e-con-boxed e-con e-parent\" data-id=\"48d2984a\" data-element_type=\"container\" data-e-type=\"container\">\n\t\t\t\t\t<div class=\"e-con-inner\">\n\t\t\t\t\t<\/div>\n\t\t\t\t<\/div>\n\t\t\t\t<\/div>","protected":false},"excerpt":{"rendered":"<p>AOC CH\u00c2TEAUNEUF-DU-PAPE Back Next Producer The family estate has been passed down for five generations since 1923, historically through the Mayard family, and now the Roumieux family. Fran\u00e7oise Roumieux, alongside her children Nicolas and Coline, runs the estate with the focus on respecting the terroir and achieving balance. Sharing knowledge and expertise, their philosophy is [&hellip;]<\/p>\n","protected":false},"author":2,"featured_media":0,"parent":0,"menu_order":0,"comment_status":"closed","ping_status":"closed","template":"","meta":{"footnotes":""},"folder":[32],"class_list":["post-1583","page","type-page","status-publish","hentry"],"aioseo_notices":[],"jetpack_sharing_enabled":true,"_links":{"self":[{"href":"https:\/\/f-wines.com\/fr\/wp-json\/wp\/v2\/pages\/1583","targetHints":{"allow":["GET"]}}],"collection":[{"href":"https:\/\/f-wines.com\/fr\/wp-json\/wp\/v2\/pages"}],"about":[{"href":"https:\/\/f-wines.com\/fr\/wp-json\/wp\/v2\/types\/page"}],"author":[{"embeddable":true,"href":"https:\/\/f-wines.com\/fr\/wp-json\/wp\/v2\/users\/2"}],"replies":[{"embeddable":true,"href":"https:\/\/f-wines.com\/fr\/wp-json\/wp\/v2\/comments?post=1583"}],"version-history":[{"count":27,"href":"https:\/\/f-wines.com\/fr\/wp-json\/wp\/v2\/pages\/1583\/revisions"}],"predecessor-version":[{"id":3022,"href":"https:\/\/f-wines.com\/fr\/wp-json\/wp\/v2\/pages\/1583\/revisions\/3022"}],"wp:attachment":[{"href":"https:\/\/f-wines.com\/fr\/wp-json\/wp\/v2\/media?parent=1583"}],"wp:term":[{"taxonomy":"folder","embeddable":true,"href":"https:\/\/f-wines.com\/fr\/wp-json\/wp\/v2\/folder?post=1583"}],"curies":[{"name":"wp","href":"https:\/\/api.w.org\/{rel}","templated":true}]}}