{"id":1600,"date":"2024-07-07T14:47:32","date_gmt":"2024-07-07T14:47:32","guid":{"rendered":"https:\/\/f-wines.com\/?page_id=1600"},"modified":"2024-09-19T16:28:25","modified_gmt":"2024-09-19T16:28:25","slug":"sant-armettu","status":"publish","type":"page","link":"https:\/\/f-wines.com\/fr\/sant-armettu\/","title":{"rendered":"SANT ARMETTU"},"content":{"rendered":"<div data-elementor-type=\"wp-page\" data-elementor-id=\"1600\" class=\"elementor elementor-1600\">\n\t\t\t\t<div class=\"elementor-element elementor-element-b3a20c1 e-flex e-con-boxed e-con e-parent\" data-id=\"b3a20c1\" data-element_type=\"container\" data-e-type=\"container\">\n\t\t\t\t\t<div class=\"e-con-inner\">\n\t\t\t\t<div class=\"elementor-element elementor-element-1cb44ce elementor-widget elementor-widget-heading\" data-id=\"1cb44ce\" data-element_type=\"widget\" data-e-type=\"widget\" data-widget_type=\"heading.default\">\n\t\t\t\t<div class=\"elementor-widget-container\">\n\t\t\t\t\t<h2 class=\"elementor-heading-title elementor-size-default\">AOC SARTENE<\/h2>\t\t\t\t<\/div>\n\t\t\t\t<\/div>\n\t\t\t\t\t<\/div>\n\t\t\t\t<\/div>\n\t\t<div class=\"elementor-element elementor-element-45589e62 e-flex e-con-boxed e-con e-parent\" data-id=\"45589e62\" data-element_type=\"container\" data-e-type=\"container\">\n\t\t\t\t\t<div class=\"e-con-inner\">\n\t\t<div class=\"elementor-element elementor-element-291a9819 e-con-full e-flex e-con e-child\" data-id=\"291a9819\" data-element_type=\"container\" data-e-type=\"container\">\n\t\t\t\t<div class=\"elementor-element elementor-element-34cb64f3 hvr-shrink elementor-widget elementor-widget-button\" data-id=\"34cb64f3\" data-element_type=\"widget\" data-e-type=\"widget\" data-widget_type=\"button.default\">\n\t\t\t\t<div class=\"elementor-widget-container\">\n\t\t\t\t\t\t\t\t\t<div class=\"elementor-button-wrapper\">\n\t\t\t\t\t<a class=\"elementor-button elementor-button-link elementor-size-sm\" href=\"https:\/\/f-wines.com\/fr\/our-partners\/\">\n\t\t\t\t\t\t<span class=\"elementor-button-content-wrapper\">\n\t\t\t\t\t\t<span class=\"elementor-button-icon\">\n\t\t\t\t<svg aria-hidden=\"true\" class=\"e-font-icon-svg e-far-arrow-alt-circle-left\" viewbox=\"0 0 512 512\" xmlns=\"http:\/\/www.w3.org\/2000\/svg\"><path d=\"M8 256c0 137 111 248 248 248s248-111 248-248S393 8 256 8 8 119 8 256zm448 0c0 110.5-89.5 200-200 200S56 366.5 56 256 145.5 56 256 56s200 89.5 200 200zm-72-20v40c0 6.6-5.4 12-12 12H256v67c0 10.7-12.9 16-20.5 8.5l-99-99c-4.7-4.7-4.7-12.3 0-17l99-99c7.6-7.6 20.5-2.2 20.5 8.5v67h116c6.6 0 12 5.4 12 12z\"><\/path><\/svg>\t\t\t<\/span>\n\t\t\t\t\t\t\t\t\t<span class=\"elementor-button-text\"><u>Retour<\/u><\/span>\n\t\t\t\t\t<\/span>\n\t\t\t\t\t<\/a>\n\t\t\t\t<\/div>\n\t\t\t\t\t\t\t\t<\/div>\n\t\t\t\t<\/div>\n\t\t\t\t<\/div>\n\t\t<div class=\"elementor-element elementor-element-a9cd342 e-con-full e-flex e-con e-child\" data-id=\"a9cd342\" data-element_type=\"container\" data-e-type=\"container\">\n\t\t\t\t<div class=\"elementor-element elementor-element-5c8abebd elementor-align-right hvr-shrink elementor-widget elementor-widget-button\" data-id=\"5c8abebd\" data-element_type=\"widget\" data-e-type=\"widget\" data-widget_type=\"button.default\">\n\t\t\t\t<div class=\"elementor-widget-container\">\n\t\t\t\t\t\t\t\t\t<div class=\"elementor-button-wrapper\">\n\t\t\t\t\t<a class=\"elementor-button elementor-button-link elementor-size-sm\" href=\"https:\/\/f-wines.com\/fr\/domaine-la-royere\/\">\n\t\t\t\t\t\t<span class=\"elementor-button-content-wrapper\">\n\t\t\t\t\t\t<span class=\"elementor-button-icon\">\n\t\t\t\t<svg aria-hidden=\"true\" class=\"e-font-icon-svg e-far-arrow-alt-circle-right\" viewbox=\"0 0 512 512\" xmlns=\"http:\/\/www.w3.org\/2000\/svg\"><path d=\"M504 256C504 119 393 8 256 8S8 119 8 256s111 248 248 248 248-111 248-248zm-448 0c0-110.5 89.5-200 200-200s200 89.5 200 200-89.5 200-200 200S56 366.5 56 256zm72 20v-40c0-6.6 5.4-12 12-12h116v-67c0-10.7 12.9-16 20.5-8.5l99 99c4.7 4.7 4.7 12.3 0 17l-99 99c-7.6 7.6-20.5 2.2-20.5-8.5v-67H140c-6.6 0-12-5.4-12-12z\"><\/path><\/svg>\t\t\t<\/span>\n\t\t\t\t\t\t\t\t\t<span class=\"elementor-button-text\"><u>Prochain domaine<\/u><\/span>\n\t\t\t\t\t<\/span>\n\t\t\t\t\t<\/a>\n\t\t\t\t<\/div>\n\t\t\t\t\t\t\t\t<\/div>\n\t\t\t\t<\/div>\n\t\t\t\t<\/div>\n\t\t\t\t\t<\/div>\n\t\t\t\t<\/div>\n\t\t\t\t<section class=\"elementor-section elementor-top-section elementor-element elementor-element-58f7a39b elementor-section-boxed elementor-section-height-default elementor-section-height-default\" data-id=\"58f7a39b\" data-element_type=\"section\" data-e-type=\"section\" data-settings=\"{&quot;background_background&quot;:&quot;classic&quot;}\">\n\t\t\t\t\t\t<div class=\"elementor-container elementor-column-gap-no\">\n\t\t\t\t\t<div class=\"elementor-column elementor-col-100 elementor-top-column elementor-element elementor-element-3c8f0167\" data-id=\"3c8f0167\" data-element_type=\"column\" data-e-type=\"column\">\n\t\t\t<div class=\"elementor-widget-wrap elementor-element-populated\">\n\t\t\t\t\t\t<section class=\"elementor-section elementor-inner-section elementor-element elementor-element-5d9ea0d elementor-section-boxed elementor-section-height-default elementor-section-height-default\" data-id=\"5d9ea0d\" data-element_type=\"section\" data-e-type=\"section\" data-settings=\"{&quot;background_background&quot;:&quot;classic&quot;}\">\n\t\t\t\t\t\t<div class=\"elementor-container elementor-column-gap-no\">\n\t\t\t\t\t<div class=\"elementor-column elementor-col-50 elementor-inner-column elementor-element elementor-element-56556651\" data-id=\"56556651\" data-element_type=\"column\" data-e-type=\"column\">\n\t\t\t<div class=\"elementor-widget-wrap elementor-element-populated\">\n\t\t\t\t\t\t<div class=\"elementor-element elementor-element-6323e3de elementor-view-default elementor-widget elementor-widget-icon\" data-id=\"6323e3de\" data-element_type=\"widget\" data-e-type=\"widget\" data-widget_type=\"icon.default\">\n\t\t\t\t<div class=\"elementor-widget-container\">\n\t\t\t\t\t\t\t<div class=\"elementor-icon-wrapper\">\n\t\t\t<div class=\"elementor-icon\">\n\t\t\t<svg aria-hidden=\"true\" class=\"e-font-icon-svg e-fas-quote-left\" viewbox=\"0 0 512 512\" xmlns=\"http:\/\/www.w3.org\/2000\/svg\"><path d=\"M464 256h-80v-64c0-35.3 28.7-64 64-64h8c13.3 0 24-10.7 24-24V56c0-13.3-10.7-24-24-24h-8c-88.4 0-160 71.6-160 160v240c0 26.5 21.5 48 48 48h128c26.5 0 48-21.5 48-48V304c0-26.5-21.5-48-48-48zm-288 0H96v-64c0-35.3 28.7-64 64-64h8c13.3 0 24-10.7 24-24V56c0-13.3-10.7-24-24-24h-8C71.6 32 0 103.6 0 192v240c0 26.5 21.5 48 48 48h128c26.5 0 48-21.5 48-48V304c0-26.5-21.5-48-48-48z\"><\/path><\/svg>\t\t\t<\/div>\n\t\t<\/div>\n\t\t\t\t\t\t<\/div>\n\t\t\t\t<\/div>\n\t\t\t\t\t<\/div>\n\t\t<\/div>\n\t\t\t\t<div class=\"elementor-column elementor-col-50 elementor-inner-column elementor-element elementor-element-788d31df\" data-id=\"788d31df\" data-element_type=\"column\" data-e-type=\"column\">\n\t\t\t<div class=\"elementor-widget-wrap elementor-element-populated\">\n\t\t\t\t\t\t<div class=\"elementor-element elementor-element-7a5cbad8 elementor-widget elementor-widget-heading\" data-id=\"7a5cbad8\" data-element_type=\"widget\" data-e-type=\"widget\" data-widget_type=\"heading.default\">\n\t\t\t\t<div class=\"elementor-widget-container\">\n\t\t\t\t\t<h3 class=\"elementor-heading-title elementor-size-medium\"><span><p dir=\"ltr\" style=\"font-weight: normal;line-height: 1.38;margin-top: 0pt;margin-bottom: 0pt\"><span style=\"font-size: 14.6667px;font-family: Montserrat;font-weight: var( --e-global-typography-primary-font-weight )\">Un H\u00e9ritage Familial de 4 g\u00e9n\u00e9rations\n\n <\/span><\/p><\/span><br><span style=\"font-weight: normal\"><span><font color=\"#000000\" face=\"Montserrat\"><span style=\"font-size: 14.6667px\">Since its creation in 1964 by Lucien &amp; Paul Seroin in Sartene, in southern Corsica, Sant' Armettu estate, led by Gilles since 1996, is distinguished by its cultivation of endemic grape varieties such as Sciaccarellu, Minustellu, Genovese, Rimenese, among many others.\n<br><br>\nEn 2020, Guillaume, \u0153nologue et ing\u00e9nieur agronome, rejoint son p\u00e8re pour poursuivre l'h\u00e9ritage familial, partageant une vision de viticulture minimaliste et respectueuse du terroir avec sa s\u0153ur Jeanne, \u00e9galement impliqu\u00e9e dans la production.\n<br><br>\nLes sols granitiques de la r\u00e9gion offrent des vins a\u00e9riens, juteux, gourmands et expressifs. Sur la seconde parcelle, dans la vall\u00e9e de Tizzano, les vins sont plus charnus, aromatiques mais curieusement plus \u00e9nergiques.\n\n\n\n\n\n<\/span><\/font><\/span><\/span><\/h3>\t\t\t\t<\/div>\n\t\t\t\t<\/div>\n\t\t\t\t<div class=\"elementor-element elementor-element-229bd4b7 elementor-widget elementor-widget-image\" data-id=\"229bd4b7\" data-element_type=\"widget\" data-e-type=\"widget\" data-widget_type=\"image.default\">\n\t\t\t\t<div class=\"elementor-widget-container\">\n\t\t\t\t\t\t\t\t\t\t\t\t\t\t\t<img decoding=\"async\" width=\"300\" height=\"127\" src=\"https:\/\/f-wines.com\/wp-content\/uploads\/2024\/07\/10-300x127.png\" class=\"attachment-medium size-medium wp-image-1726\" alt=\"\" srcset=\"https:\/\/f-wines.com\/wp-content\/uploads\/2024\/07\/10-300x127.png 300w, https:\/\/f-wines.com\/wp-content\/uploads\/2024\/07\/10-1024x432.png 1024w, https:\/\/f-wines.com\/wp-content\/uploads\/2024\/07\/10-768x324.png 768w, https:\/\/f-wines.com\/wp-content\/uploads\/2024\/07\/10-18x8.png 18w, https:\/\/f-wines.com\/wp-content\/uploads\/2024\/07\/10.png 1075w\" sizes=\"(max-width: 300px) 100vw, 300px\" \/>\t\t\t\t\t\t\t\t\t\t\t\t\t\t\t<\/div>\n\t\t\t\t<\/div>\n\t\t\t\t\t<\/div>\n\t\t<\/div>\n\t\t\t\t\t<\/div>\n\t\t<\/section>\n\t\t\t\t\t<\/div>\n\t\t<\/div>\n\t\t\t\t\t<\/div>\n\t\t<\/section>\n\t\t<div class=\"elementor-element elementor-element-4b8410be e-flex e-con-boxed e-con e-parent\" data-id=\"4b8410be\" data-element_type=\"container\" data-e-type=\"container\">\n\t\t\t\t\t<div class=\"e-con-inner\">\n\t\t\t\t<div class=\"elementor-element elementor-element-252a0e08 elementor-widget elementor-widget-image-gallery\" data-id=\"252a0e08\" data-element_type=\"widget\" data-e-type=\"widget\" data-widget_type=\"image-gallery.default\">\n\t\t\t\t<div class=\"elementor-widget-container\">\n\t\t\t\t\t\t\t<div class=\"elementor-image-gallery\">\n\t\t\t<div id='gallery-13' class='gallery galleryid-1600 gallery-columns-4 gallery-size-full'><figure class='gallery-item'>\n\t\t\t<div class='gallery-icon portrait'>\n\t\t\t\t<img fetchpriority=\"high\" decoding=\"async\" width=\"1707\" height=\"2560\" src=\"https:\/\/f-wines.com\/wp-content\/uploads\/2024\/07\/72.jpg\" class=\"attachment-full size-full\" alt=\"\" srcset=\"https:\/\/f-wines.com\/wp-content\/uploads\/2024\/07\/72.jpg 1707w, https:\/\/f-wines.com\/wp-content\/uploads\/2024\/07\/72-200x300.jpg 200w, https:\/\/f-wines.com\/wp-content\/uploads\/2024\/07\/72-683x1024.jpg 683w, https:\/\/f-wines.com\/wp-content\/uploads\/2024\/07\/72-768x1152.jpg 768w, https:\/\/f-wines.com\/wp-content\/uploads\/2024\/07\/72-1024x1536.jpg 1024w, https:\/\/f-wines.com\/wp-content\/uploads\/2024\/07\/72-1366x2048.jpg 1366w, https:\/\/f-wines.com\/wp-content\/uploads\/2024\/07\/72-8x12.jpg 8w\" sizes=\"(max-width: 1707px) 100vw, 1707px\" \/>\n\t\t\t<\/div><\/figure><figure class='gallery-item'>\n\t\t\t<div class='gallery-icon portrait'>\n\t\t\t\t<img decoding=\"async\" width=\"1707\" height=\"2560\" src=\"https:\/\/f-wines.com\/wp-content\/uploads\/2024\/07\/68.jpg\" class=\"attachment-full size-full\" alt=\"\" srcset=\"https:\/\/f-wines.com\/wp-content\/uploads\/2024\/07\/68.jpg 1707w, https:\/\/f-wines.com\/wp-content\/uploads\/2024\/07\/68-200x300.jpg 200w, https:\/\/f-wines.com\/wp-content\/uploads\/2024\/07\/68-683x1024.jpg 683w, https:\/\/f-wines.com\/wp-content\/uploads\/2024\/07\/68-768x1152.jpg 768w, https:\/\/f-wines.com\/wp-content\/uploads\/2024\/07\/68-1024x1536.jpg 1024w, https:\/\/f-wines.com\/wp-content\/uploads\/2024\/07\/68-1366x2048.jpg 1366w, https:\/\/f-wines.com\/wp-content\/uploads\/2024\/07\/68-8x12.jpg 8w\" sizes=\"(max-width: 1707px) 100vw, 1707px\" \/>\n\t\t\t<\/div><\/figure><figure class='gallery-item'>\n\t\t\t<div class='gallery-icon portrait'>\n\t\t\t\t<img loading=\"lazy\" decoding=\"async\" width=\"1707\" height=\"2560\" src=\"https:\/\/f-wines.com\/wp-content\/uploads\/2024\/07\/70.jpg\" class=\"attachment-full size-full\" alt=\"\" srcset=\"https:\/\/f-wines.com\/wp-content\/uploads\/2024\/07\/70.jpg 1707w, https:\/\/f-wines.com\/wp-content\/uploads\/2024\/07\/70-200x300.jpg 200w, https:\/\/f-wines.com\/wp-content\/uploads\/2024\/07\/70-683x1024.jpg 683w, https:\/\/f-wines.com\/wp-content\/uploads\/2024\/07\/70-768x1152.jpg 768w, https:\/\/f-wines.com\/wp-content\/uploads\/2024\/07\/70-1024x1536.jpg 1024w, https:\/\/f-wines.com\/wp-content\/uploads\/2024\/07\/70-1366x2048.jpg 1366w, https:\/\/f-wines.com\/wp-content\/uploads\/2024\/07\/70-8x12.jpg 8w\" sizes=\"(max-width: 1707px) 100vw, 1707px\" \/>\n\t\t\t<\/div><\/figure><figure class='gallery-item'>\n\t\t\t<div class='gallery-icon portrait'>\n\t\t\t\t<img loading=\"lazy\" decoding=\"async\" width=\"1707\" height=\"2560\" src=\"https:\/\/f-wines.com\/wp-content\/uploads\/2024\/07\/76.jpg\" class=\"attachment-full size-full\" alt=\"\" srcset=\"https:\/\/f-wines.com\/wp-content\/uploads\/2024\/07\/76.jpg 1707w, https:\/\/f-wines.com\/wp-content\/uploads\/2024\/07\/76-200x300.jpg 200w, https:\/\/f-wines.com\/wp-content\/uploads\/2024\/07\/76-683x1024.jpg 683w, https:\/\/f-wines.com\/wp-content\/uploads\/2024\/07\/76-768x1152.jpg 768w, https:\/\/f-wines.com\/wp-content\/uploads\/2024\/07\/76-1024x1536.jpg 1024w, https:\/\/f-wines.com\/wp-content\/uploads\/2024\/07\/76-1366x2048.jpg 1366w, https:\/\/f-wines.com\/wp-content\/uploads\/2024\/07\/76-8x12.jpg 8w\" sizes=\"(max-width: 1707px) 100vw, 1707px\" \/>\n\t\t\t<\/div><\/figure>\n\t\t<\/div>\n\t\t<\/div>\n\t\t\t\t\t\t<\/div>\n\t\t\t\t<\/div>\n\t\t\t\t\t<\/div>\n\t\t\t\t<\/div>\n\t\t<div class=\"elementor-element elementor-element-5e328b51 e-flex e-con-boxed e-con e-parent\" data-id=\"5e328b51\" data-element_type=\"container\" data-e-type=\"container\">\n\t\t\t\t\t<div class=\"e-con-inner\">\n\t\t\t\t<div class=\"elementor-element elementor-element-51f93688 elementor-widget elementor-widget-text-editor\" data-id=\"51f93688\" data-element_type=\"widget\" data-e-type=\"widget\" data-widget_type=\"text-editor.default\">\n\t\t\t\t<div class=\"elementor-widget-container\">\n\t\t\t\t\t\t\t\t\t<p>Pour plus d'informations sur les disponibilit\u00e9s export du <strong>Sant Armettu<\/strong> export availability, contact us at <span style=\"text-decoration: underline;\"><a href=\"mailto:contact@f-wines.com\">contact@f-wines.com<\/a><\/span><\/p>\t\t\t\t\t\t\t\t<\/div>\n\t\t\t\t<\/div>\n\t\t\t\t\t<\/div>\n\t\t\t\t<\/div>\n\t\t<div class=\"elementor-element elementor-element-8f34156 e-flex e-con-boxed e-con e-parent\" data-id=\"8f34156\" data-element_type=\"container\" data-e-type=\"container\">\n\t\t\t\t\t<div class=\"e-con-inner\">\n\t\t\t\t\t<\/div>\n\t\t\t\t<\/div>\n\t\t\t\t<\/div>","protected":false},"excerpt":{"rendered":"<p>AOC SARTENE Back Next Producer A Four-Generation Family Legacy Since its creation in 1964 by Lucien &#038; Paul Seroin in Sartene, in southern Corsica, Sant&#8217; Armettu estate, led by Gilles since 1996, is distinguished by its cultivation of endemic grape varieties such as Sciaccarellu, Minustellu, Genovese, Rimenese, among many others. In 2020, Guillaume, an oenologist [&hellip;]<\/p>\n","protected":false},"author":2,"featured_media":0,"parent":0,"menu_order":0,"comment_status":"closed","ping_status":"closed","template":"","meta":{"footnotes":""},"folder":[32],"class_list":["post-1600","page","type-page","status-publish","hentry"],"aioseo_notices":[],"jetpack_sharing_enabled":true,"_links":{"self":[{"href":"https:\/\/f-wines.com\/fr\/wp-json\/wp\/v2\/pages\/1600","targetHints":{"allow":["GET"]}}],"collection":[{"href":"https:\/\/f-wines.com\/fr\/wp-json\/wp\/v2\/pages"}],"about":[{"href":"https:\/\/f-wines.com\/fr\/wp-json\/wp\/v2\/types\/page"}],"author":[{"embeddable":true,"href":"https:\/\/f-wines.com\/fr\/wp-json\/wp\/v2\/users\/2"}],"replies":[{"embeddable":true,"href":"https:\/\/f-wines.com\/fr\/wp-json\/wp\/v2\/comments?post=1600"}],"version-history":[{"count":26,"href":"https:\/\/f-wines.com\/fr\/wp-json\/wp\/v2\/pages\/1600\/revisions"}],"predecessor-version":[{"id":2799,"href":"https:\/\/f-wines.com\/fr\/wp-json\/wp\/v2\/pages\/1600\/revisions\/2799"}],"wp:attachment":[{"href":"https:\/\/f-wines.com\/fr\/wp-json\/wp\/v2\/media?parent=1600"}],"wp:term":[{"taxonomy":"folder","embeddable":true,"href":"https:\/\/f-wines.com\/fr\/wp-json\/wp\/v2\/folder?post=1600"}],"curies":[{"name":"wp","href":"https:\/\/api.w.org\/{rel}","templated":true}]}}