{"id":1605,"date":"2024-07-07T14:48:06","date_gmt":"2024-07-07T14:48:06","guid":{"rendered":"https:\/\/f-wines.com\/?page_id=1605"},"modified":"2025-01-24T10:54:25","modified_gmt":"2025-01-24T10:54:25","slug":"domaine-la-royere","status":"publish","type":"page","link":"https:\/\/f-wines.com\/fr\/domaine-la-royere\/","title":{"rendered":"LA ROYERE"},"content":{"rendered":"<div data-elementor-type=\"wp-page\" data-elementor-id=\"1605\" class=\"elementor elementor-1605\">\n\t\t\t\t<div class=\"elementor-element elementor-element-38578b52 e-flex e-con-boxed e-con e-parent\" data-id=\"38578b52\" data-element_type=\"container\" data-e-type=\"container\">\n\t\t\t\t\t<div class=\"e-con-inner\">\n\t\t\t\t<div class=\"elementor-element elementor-element-1ebdb824 elementor-widget elementor-widget-heading\" data-id=\"1ebdb824\" data-element_type=\"widget\" data-e-type=\"widget\" data-widget_type=\"heading.default\">\n\t\t\t\t<div class=\"elementor-widget-container\">\n\t\t\t\t\t<h2 class=\"elementor-heading-title elementor-size-default\">AOC LUBERON<\/h2>\t\t\t\t<\/div>\n\t\t\t\t<\/div>\n\t\t\t\t\t<\/div>\n\t\t\t\t<\/div>\n\t\t<div class=\"elementor-element elementor-element-7cbfa910 e-flex e-con-boxed e-con e-parent\" data-id=\"7cbfa910\" data-element_type=\"container\" data-e-type=\"container\">\n\t\t\t\t\t<div class=\"e-con-inner\">\n\t\t<div class=\"elementor-element elementor-element-278108be e-con-full e-flex e-con e-child\" data-id=\"278108be\" data-element_type=\"container\" data-e-type=\"container\">\n\t\t\t\t<div class=\"elementor-element elementor-element-3fb7cfde hvr-shrink elementor-widget elementor-widget-button\" data-id=\"3fb7cfde\" data-element_type=\"widget\" data-e-type=\"widget\" data-widget_type=\"button.default\">\n\t\t\t\t<div class=\"elementor-widget-container\">\n\t\t\t\t\t\t\t\t\t<div class=\"elementor-button-wrapper\">\n\t\t\t\t\t<a class=\"elementor-button elementor-button-link elementor-size-sm\" href=\"https:\/\/f-wines.com\/fr\/our-partners\/\">\n\t\t\t\t\t\t<span class=\"elementor-button-content-wrapper\">\n\t\t\t\t\t\t<span class=\"elementor-button-icon\">\n\t\t\t\t<svg aria-hidden=\"true\" class=\"e-font-icon-svg e-far-arrow-alt-circle-left\" viewbox=\"0 0 512 512\" xmlns=\"http:\/\/www.w3.org\/2000\/svg\"><path d=\"M8 256c0 137 111 248 248 248s248-111 248-248S393 8 256 8 8 119 8 256zm448 0c0 110.5-89.5 200-200 200S56 366.5 56 256 145.5 56 256 56s200 89.5 200 200zm-72-20v40c0 6.6-5.4 12-12 12H256v67c0 10.7-12.9 16-20.5 8.5l-99-99c-4.7-4.7-4.7-12.3 0-17l99-99c7.6-7.6 20.5-2.2 20.5 8.5v67h116c6.6 0 12 5.4 12 12z\"><\/path><\/svg>\t\t\t<\/span>\n\t\t\t\t\t\t\t\t\t<span class=\"elementor-button-text\"><u>Retour<\/u><\/span>\n\t\t\t\t\t<\/span>\n\t\t\t\t\t<\/a>\n\t\t\t\t<\/div>\n\t\t\t\t\t\t\t\t<\/div>\n\t\t\t\t<\/div>\n\t\t\t\t<\/div>\n\t\t<div class=\"elementor-element elementor-element-7682480b e-con-full e-flex e-con e-child\" data-id=\"7682480b\" data-element_type=\"container\" data-e-type=\"container\">\n\t\t\t\t<div class=\"elementor-element elementor-element-59cf2158 elementor-align-right hvr-shrink elementor-widget elementor-widget-button\" data-id=\"59cf2158\" data-element_type=\"widget\" data-e-type=\"widget\" data-widget_type=\"button.default\">\n\t\t\t\t<div class=\"elementor-widget-container\">\n\t\t\t\t\t\t\t\t\t<div class=\"elementor-button-wrapper\">\n\t\t\t\t\t<a class=\"elementor-button elementor-button-link elementor-size-sm\" href=\"https:\/\/f-wines.com\/fr\/domaine-de-la-grande-bauquiere\/\">\n\t\t\t\t\t\t<span class=\"elementor-button-content-wrapper\">\n\t\t\t\t\t\t<span class=\"elementor-button-icon\">\n\t\t\t\t<svg aria-hidden=\"true\" class=\"e-font-icon-svg e-far-arrow-alt-circle-right\" viewbox=\"0 0 512 512\" xmlns=\"http:\/\/www.w3.org\/2000\/svg\"><path d=\"M504 256C504 119 393 8 256 8S8 119 8 256s111 248 248 248 248-111 248-248zm-448 0c0-110.5 89.5-200 200-200s200 89.5 200 200-89.5 200-200 200S56 366.5 56 256zm72 20v-40c0-6.6 5.4-12 12-12h116v-67c0-10.7 12.9-16 20.5-8.5l99 99c4.7 4.7 4.7 12.3 0 17l-99 99c-7.6 7.6-20.5 2.2-20.5-8.5v-67H140c-6.6 0-12-5.4-12-12z\"><\/path><\/svg>\t\t\t<\/span>\n\t\t\t\t\t\t\t\t\t<span class=\"elementor-button-text\"><u>Prochain domaine<\/u><\/span>\n\t\t\t\t\t<\/span>\n\t\t\t\t\t<\/a>\n\t\t\t\t<\/div>\n\t\t\t\t\t\t\t\t<\/div>\n\t\t\t\t<\/div>\n\t\t\t\t<\/div>\n\t\t\t\t\t<\/div>\n\t\t\t\t<\/div>\n\t\t\t\t<section class=\"elementor-section elementor-top-section elementor-element elementor-element-51e0de9c elementor-section-boxed elementor-section-height-default elementor-section-height-default\" data-id=\"51e0de9c\" data-element_type=\"section\" data-e-type=\"section\" data-settings=\"{&quot;background_background&quot;:&quot;classic&quot;}\">\n\t\t\t\t\t\t<div class=\"elementor-container elementor-column-gap-no\">\n\t\t\t\t\t<div class=\"elementor-column elementor-col-100 elementor-top-column elementor-element elementor-element-129d4703\" data-id=\"129d4703\" data-element_type=\"column\" data-e-type=\"column\">\n\t\t\t<div class=\"elementor-widget-wrap elementor-element-populated\">\n\t\t\t\t\t\t<section class=\"elementor-section elementor-inner-section elementor-element elementor-element-305b4bd2 elementor-section-boxed elementor-section-height-default elementor-section-height-default\" data-id=\"305b4bd2\" data-element_type=\"section\" data-e-type=\"section\" data-settings=\"{&quot;background_background&quot;:&quot;classic&quot;}\">\n\t\t\t\t\t\t<div class=\"elementor-container elementor-column-gap-no\">\n\t\t\t\t\t<div class=\"elementor-column elementor-col-50 elementor-inner-column elementor-element elementor-element-415eae3d\" data-id=\"415eae3d\" data-element_type=\"column\" data-e-type=\"column\">\n\t\t\t<div class=\"elementor-widget-wrap elementor-element-populated\">\n\t\t\t\t\t\t<div class=\"elementor-element elementor-element-dd77675 elementor-view-default elementor-widget elementor-widget-icon\" data-id=\"dd77675\" data-element_type=\"widget\" data-e-type=\"widget\" data-widget_type=\"icon.default\">\n\t\t\t\t<div class=\"elementor-widget-container\">\n\t\t\t\t\t\t\t<div class=\"elementor-icon-wrapper\">\n\t\t\t<div class=\"elementor-icon\">\n\t\t\t<svg aria-hidden=\"true\" class=\"e-font-icon-svg e-fas-quote-left\" viewbox=\"0 0 512 512\" xmlns=\"http:\/\/www.w3.org\/2000\/svg\"><path d=\"M464 256h-80v-64c0-35.3 28.7-64 64-64h8c13.3 0 24-10.7 24-24V56c0-13.3-10.7-24-24-24h-8c-88.4 0-160 71.6-160 160v240c0 26.5 21.5 48 48 48h128c26.5 0 48-21.5 48-48V304c0-26.5-21.5-48-48-48zm-288 0H96v-64c0-35.3 28.7-64 64-64h8c13.3 0 24-10.7 24-24V56c0-13.3-10.7-24-24-24h-8C71.6 32 0 103.6 0 192v240c0 26.5 21.5 48 48 48h128c26.5 0 48-21.5 48-48V304c0-26.5-21.5-48-48-48z\"><\/path><\/svg>\t\t\t<\/div>\n\t\t<\/div>\n\t\t\t\t\t\t<\/div>\n\t\t\t\t<\/div>\n\t\t\t\t\t<\/div>\n\t\t<\/div>\n\t\t\t\t<div class=\"elementor-column elementor-col-50 elementor-inner-column elementor-element elementor-element-13828ffd\" data-id=\"13828ffd\" data-element_type=\"column\" data-e-type=\"column\">\n\t\t\t<div class=\"elementor-widget-wrap elementor-element-populated\">\n\t\t\t\t\t\t<div class=\"elementor-element elementor-element-453e2062 elementor-widget elementor-widget-heading\" data-id=\"453e2062\" data-element_type=\"widget\" data-e-type=\"widget\" data-widget_type=\"heading.default\">\n\t\t\t\t<div class=\"elementor-widget-container\">\n\t\t\t\t\t<h3 class=\"elementor-heading-title elementor-size-medium\"><span><p dir=\"ltr\" style=\"font-weight: normal;line-height: 1.38;margin-top: 0pt;margin-bottom: 0pt\"><span style=\"font-size: 14.6667px;font-family: Montserrat;font-weight: var( --e-global-typography-primary-font-weight )\">Fond\u00e9e en 1988 avec la cr\u00e9ation de l'AOC Luberon, La Roy\u00e8re est la propri\u00e9t\u00e9 de la famille Hugues depuis plusieurs g\u00e9n\u00e9rations. <\/span><\/p><\/span><br><span style=\"font-weight: normal\"><span><font color=\"#000000\" face=\"Montserrat\"><span style=\"font-size: 14.6667px\">\u2028Le domaine s'\u00e9tend sur une quarantaine d'hectares en agriculture biologique, sans utilisation d\u00e9sherbants ni engrais chimiques. Le travail raisonn\u00e9 du sol favorise un enherbement naturel permanent et la biodiversit\u00e9 du vignoble. <\/span><\/font><\/span><br><br><span><font color=\"#000000\" face=\"Montserrat\"><span style=\"font-size: 14.6667px\">Le terroir de La Roy\u00e8re est plut\u00f4t sablonneux, avec des cailloutis par endroits qui favorisent le drainage des sols. Plus de la moiti\u00e9 du parcellaire est taill\u00e9e en Gobelet, l\u2019autre partie en Cordon de Royat double et les vignes les plus anciennes sont centenaires. <br><br>60% de la production est vendang\u00e9e \u00e0 la main pour garantir une qualit\u00e9 optimale des vins, avec des rendements limit\u00e9s \u00e0 environ 30hl\/ha, permettant d'obtenir des concentrations en polyph\u00e9nols et une acidit\u00e9 totale tr\u00e8s int\u00e9ressante. Au chai, les intrants sont limit\u00e9s pour exprimer pleinement la typicit\u00e9 du terroir.<\/span><\/font><\/span><\/span><\/h3>\t\t\t\t<\/div>\n\t\t\t\t<\/div>\n\t\t\t\t<div class=\"elementor-element elementor-element-6c7e1dec elementor-widget elementor-widget-image\" data-id=\"6c7e1dec\" data-element_type=\"widget\" data-e-type=\"widget\" data-widget_type=\"image.default\">\n\t\t\t\t<div class=\"elementor-widget-container\">\n\t\t\t\t\t\t\t\t\t\t\t\t\t\t\t<img decoding=\"async\" width=\"300\" height=\"127\" src=\"https:\/\/f-wines.com\/wp-content\/uploads\/2024\/07\/11-300x127.png\" class=\"attachment-medium size-medium wp-image-1725\" alt=\"\" srcset=\"https:\/\/f-wines.com\/wp-content\/uploads\/2024\/07\/11-300x127.png 300w, https:\/\/f-wines.com\/wp-content\/uploads\/2024\/07\/11-1024x432.png 1024w, https:\/\/f-wines.com\/wp-content\/uploads\/2024\/07\/11-768x324.png 768w, https:\/\/f-wines.com\/wp-content\/uploads\/2024\/07\/11-18x8.png 18w, https:\/\/f-wines.com\/wp-content\/uploads\/2024\/07\/11.png 1075w\" sizes=\"(max-width: 300px) 100vw, 300px\" \/>\t\t\t\t\t\t\t\t\t\t\t\t\t\t\t<\/div>\n\t\t\t\t<\/div>\n\t\t\t\t\t<\/div>\n\t\t<\/div>\n\t\t\t\t\t<\/div>\n\t\t<\/section>\n\t\t\t\t\t<\/div>\n\t\t<\/div>\n\t\t\t\t\t<\/div>\n\t\t<\/section>\n\t\t<div class=\"elementor-element elementor-element-1f6384bf e-flex e-con-boxed e-con e-parent\" data-id=\"1f6384bf\" data-element_type=\"container\" data-e-type=\"container\">\n\t\t\t\t\t<div class=\"e-con-inner\">\n\t\t\t\t<div class=\"elementor-element elementor-element-b88afe9 elementor-widget elementor-widget-image-gallery\" data-id=\"b88afe9\" data-element_type=\"widget\" data-e-type=\"widget\" data-widget_type=\"image-gallery.default\">\n\t\t\t\t<div class=\"elementor-widget-container\">\n\t\t\t\t\t\t\t<div class=\"elementor-image-gallery\">\n\t\t\t<div id='gallery-7' class='gallery galleryid-1605 gallery-columns-4 gallery-size-full'><figure class='gallery-item'>\n\t\t\t<div class='gallery-icon portrait'>\n\t\t\t\t<img fetchpriority=\"high\" decoding=\"async\" width=\"1707\" height=\"2560\" src=\"https:\/\/f-wines.com\/wp-content\/uploads\/2024\/07\/90.jpg\" class=\"attachment-full size-full\" alt=\"\" srcset=\"https:\/\/f-wines.com\/wp-content\/uploads\/2024\/07\/90.jpg 1707w, https:\/\/f-wines.com\/wp-content\/uploads\/2024\/07\/90-200x300.jpg 200w, https:\/\/f-wines.com\/wp-content\/uploads\/2024\/07\/90-683x1024.jpg 683w, https:\/\/f-wines.com\/wp-content\/uploads\/2024\/07\/90-768x1152.jpg 768w, https:\/\/f-wines.com\/wp-content\/uploads\/2024\/07\/90-1024x1536.jpg 1024w, https:\/\/f-wines.com\/wp-content\/uploads\/2024\/07\/90-1366x2048.jpg 1366w, https:\/\/f-wines.com\/wp-content\/uploads\/2024\/07\/90-8x12.jpg 8w\" sizes=\"(max-width: 1707px) 100vw, 1707px\" \/>\n\t\t\t<\/div><\/figure><figure class='gallery-item'>\n\t\t\t<div class='gallery-icon portrait'>\n\t\t\t\t<img decoding=\"async\" width=\"1707\" height=\"2560\" src=\"https:\/\/f-wines.com\/wp-content\/uploads\/2024\/07\/87.jpg\" class=\"attachment-full size-full\" alt=\"\" srcset=\"https:\/\/f-wines.com\/wp-content\/uploads\/2024\/07\/87.jpg 1707w, https:\/\/f-wines.com\/wp-content\/uploads\/2024\/07\/87-200x300.jpg 200w, https:\/\/f-wines.com\/wp-content\/uploads\/2024\/07\/87-683x1024.jpg 683w, https:\/\/f-wines.com\/wp-content\/uploads\/2024\/07\/87-768x1152.jpg 768w, https:\/\/f-wines.com\/wp-content\/uploads\/2024\/07\/87-1024x1536.jpg 1024w, https:\/\/f-wines.com\/wp-content\/uploads\/2024\/07\/87-1366x2048.jpg 1366w, https:\/\/f-wines.com\/wp-content\/uploads\/2024\/07\/87-8x12.jpg 8w\" sizes=\"(max-width: 1707px) 100vw, 1707px\" \/>\n\t\t\t<\/div><\/figure><figure class='gallery-item'>\n\t\t\t<div class='gallery-icon portrait'>\n\t\t\t\t<img loading=\"lazy\" decoding=\"async\" width=\"1707\" height=\"2560\" src=\"https:\/\/f-wines.com\/wp-content\/uploads\/2024\/07\/84.jpg\" class=\"attachment-full size-full\" alt=\"\" srcset=\"https:\/\/f-wines.com\/wp-content\/uploads\/2024\/07\/84.jpg 1707w, https:\/\/f-wines.com\/wp-content\/uploads\/2024\/07\/84-200x300.jpg 200w, https:\/\/f-wines.com\/wp-content\/uploads\/2024\/07\/84-683x1024.jpg 683w, https:\/\/f-wines.com\/wp-content\/uploads\/2024\/07\/84-768x1152.jpg 768w, https:\/\/f-wines.com\/wp-content\/uploads\/2024\/07\/84-1024x1536.jpg 1024w, https:\/\/f-wines.com\/wp-content\/uploads\/2024\/07\/84-1366x2048.jpg 1366w, https:\/\/f-wines.com\/wp-content\/uploads\/2024\/07\/84-8x12.jpg 8w\" sizes=\"(max-width: 1707px) 100vw, 1707px\" \/>\n\t\t\t<\/div><\/figure><figure class='gallery-item'>\n\t\t\t<div class='gallery-icon portrait'>\n\t\t\t\t<img loading=\"lazy\" decoding=\"async\" width=\"1707\" height=\"2560\" src=\"https:\/\/f-wines.com\/wp-content\/uploads\/2024\/07\/88.jpg\" class=\"attachment-full size-full\" alt=\"\" srcset=\"https:\/\/f-wines.com\/wp-content\/uploads\/2024\/07\/88.jpg 1707w, https:\/\/f-wines.com\/wp-content\/uploads\/2024\/07\/88-200x300.jpg 200w, https:\/\/f-wines.com\/wp-content\/uploads\/2024\/07\/88-683x1024.jpg 683w, https:\/\/f-wines.com\/wp-content\/uploads\/2024\/07\/88-768x1152.jpg 768w, https:\/\/f-wines.com\/wp-content\/uploads\/2024\/07\/88-1024x1536.jpg 1024w, https:\/\/f-wines.com\/wp-content\/uploads\/2024\/07\/88-1366x2048.jpg 1366w, https:\/\/f-wines.com\/wp-content\/uploads\/2024\/07\/88-8x12.jpg 8w\" sizes=\"(max-width: 1707px) 100vw, 1707px\" \/>\n\t\t\t<\/div><\/figure>\n\t\t<\/div>\n\t\t<\/div>\n\t\t\t\t\t\t<\/div>\n\t\t\t\t<\/div>\n\t\t\t\t\t<\/div>\n\t\t\t\t<\/div>\n\t\t<div class=\"elementor-element elementor-element-19c45b3e e-flex e-con-boxed e-con e-parent\" data-id=\"19c45b3e\" data-element_type=\"container\" data-e-type=\"container\">\n\t\t\t\t\t<div class=\"e-con-inner\">\n\t\t\t\t<div class=\"elementor-element elementor-element-6b252622 elementor-widget elementor-widget-text-editor\" data-id=\"6b252622\" data-element_type=\"widget\" data-e-type=\"widget\" data-widget_type=\"text-editor.default\">\n\t\t\t\t<div class=\"elementor-widget-container\">\n\t\t\t\t\t\t\t\t\t<p>Pour plus d'informations sur les disponibilit\u00e9s export du <strong>La\u00a0<\/strong><b>Roy\u00e8re<\/b>\u00a0contactez-nous \u00e0 <span style=\"text-decoration: underline;\"><a href=\"mailto:contact@f-wines.com\">contact@f-wines.com<\/a><\/span><\/p>\t\t\t\t\t\t\t\t<\/div>\n\t\t\t\t<\/div>\n\t\t\t\t\t<\/div>\n\t\t\t\t<\/div>\n\t\t<div class=\"elementor-element elementor-element-5c7a2f39 e-flex e-con-boxed e-con e-parent\" data-id=\"5c7a2f39\" data-element_type=\"container\" data-e-type=\"container\">\n\t\t\t\t\t<div class=\"e-con-inner\">\n\t\t\t\t\t<\/div>\n\t\t\t\t<\/div>\n\t\t\t\t<\/div>","protected":false},"excerpt":{"rendered":"<p>AOC LUBERON Back Next Producer Founded in 1988 with the creation of the AOC Luberon, La Roy\u00e8re has been owned by the Hugues family for several generations. The estate spans 40 hectares in organic farming, with no use of herbicides or chemical fertilizers. Sustainable soil management promotes permanent natural grass cover and vineyard biodiversity. La [&hellip;]<\/p>\n","protected":false},"author":2,"featured_media":0,"parent":0,"menu_order":0,"comment_status":"closed","ping_status":"closed","template":"","meta":{"footnotes":""},"folder":[32],"class_list":["post-1605","page","type-page","status-publish","hentry"],"aioseo_notices":[],"jetpack_sharing_enabled":true,"_links":{"self":[{"href":"https:\/\/f-wines.com\/fr\/wp-json\/wp\/v2\/pages\/1605","targetHints":{"allow":["GET"]}}],"collection":[{"href":"https:\/\/f-wines.com\/fr\/wp-json\/wp\/v2\/pages"}],"about":[{"href":"https:\/\/f-wines.com\/fr\/wp-json\/wp\/v2\/types\/page"}],"author":[{"embeddable":true,"href":"https:\/\/f-wines.com\/fr\/wp-json\/wp\/v2\/users\/2"}],"replies":[{"embeddable":true,"href":"https:\/\/f-wines.com\/fr\/wp-json\/wp\/v2\/comments?post=1605"}],"version-history":[{"count":36,"href":"https:\/\/f-wines.com\/fr\/wp-json\/wp\/v2\/pages\/1605\/revisions"}],"predecessor-version":[{"id":3024,"href":"https:\/\/f-wines.com\/fr\/wp-json\/wp\/v2\/pages\/1605\/revisions\/3024"}],"wp:attachment":[{"href":"https:\/\/f-wines.com\/fr\/wp-json\/wp\/v2\/media?parent=1605"}],"wp:term":[{"taxonomy":"folder","embeddable":true,"href":"https:\/\/f-wines.com\/fr\/wp-json\/wp\/v2\/folder?post=1605"}],"curies":[{"name":"wp","href":"https:\/\/api.w.org\/{rel}","templated":true}]}}