{"id":1610,"date":"2024-07-07T14:48:45","date_gmt":"2024-07-07T14:48:45","guid":{"rendered":"https:\/\/f-wines.com\/?page_id=1610"},"modified":"2024-09-19T16:27:50","modified_gmt":"2024-09-19T16:27:50","slug":"chateau-cascadais","status":"publish","type":"page","link":"https:\/\/f-wines.com\/fr\/chateau-cascadais\/","title":{"rendered":"CH\u00c2TEAU CASCADAIS"},"content":{"rendered":"<div data-elementor-type=\"wp-page\" data-elementor-id=\"1610\" class=\"elementor elementor-1610\">\n\t\t\t\t<div class=\"elementor-element elementor-element-7e59d696 e-flex e-con-boxed e-con e-parent\" data-id=\"7e59d696\" data-element_type=\"container\" data-e-type=\"container\">\n\t\t\t\t\t<div class=\"e-con-inner\">\n\t\t\t\t<div class=\"elementor-element elementor-element-6fe000f5 elementor-widget elementor-widget-heading\" data-id=\"6fe000f5\" data-element_type=\"widget\" data-e-type=\"widget\" data-widget_type=\"heading.default\">\n\t\t\t\t<div class=\"elementor-widget-container\">\n\t\t\t\t\t<h2 class=\"elementor-heading-title elementor-size-default\">AOC CORBI\u00c8RES<\/h2>\t\t\t\t<\/div>\n\t\t\t\t<\/div>\n\t\t\t\t\t<\/div>\n\t\t\t\t<\/div>\n\t\t<div class=\"elementor-element elementor-element-b30275a e-flex e-con-boxed e-con e-parent\" data-id=\"b30275a\" data-element_type=\"container\" data-e-type=\"container\">\n\t\t\t\t\t<div class=\"e-con-inner\">\n\t\t<div class=\"elementor-element elementor-element-4dd15f37 e-con-full e-flex e-con e-child\" data-id=\"4dd15f37\" data-element_type=\"container\" data-e-type=\"container\">\n\t\t\t\t<div class=\"elementor-element elementor-element-5a8dd437 hvr-shrink elementor-widget elementor-widget-button\" data-id=\"5a8dd437\" data-element_type=\"widget\" data-e-type=\"widget\" data-widget_type=\"button.default\">\n\t\t\t\t<div class=\"elementor-widget-container\">\n\t\t\t\t\t\t\t\t\t<div class=\"elementor-button-wrapper\">\n\t\t\t\t\t<a class=\"elementor-button elementor-button-link elementor-size-sm\" href=\"https:\/\/f-wines.com\/fr\/our-partners\/\">\n\t\t\t\t\t\t<span class=\"elementor-button-content-wrapper\">\n\t\t\t\t\t\t<span class=\"elementor-button-icon\">\n\t\t\t\t<svg aria-hidden=\"true\" class=\"e-font-icon-svg e-far-arrow-alt-circle-left\" viewbox=\"0 0 512 512\" xmlns=\"http:\/\/www.w3.org\/2000\/svg\"><path d=\"M8 256c0 137 111 248 248 248s248-111 248-248S393 8 256 8 8 119 8 256zm448 0c0 110.5-89.5 200-200 200S56 366.5 56 256 145.5 56 256 56s200 89.5 200 200zm-72-20v40c0 6.6-5.4 12-12 12H256v67c0 10.7-12.9 16-20.5 8.5l-99-99c-4.7-4.7-4.7-12.3 0-17l99-99c7.6-7.6 20.5-2.2 20.5 8.5v67h116c6.6 0 12 5.4 12 12z\"><\/path><\/svg>\t\t\t<\/span>\n\t\t\t\t\t\t\t\t\t<span class=\"elementor-button-text\"><u>Retour<\/u><\/span>\n\t\t\t\t\t<\/span>\n\t\t\t\t\t<\/a>\n\t\t\t\t<\/div>\n\t\t\t\t\t\t\t\t<\/div>\n\t\t\t\t<\/div>\n\t\t\t\t<\/div>\n\t\t<div class=\"elementor-element elementor-element-b0b38bd e-con-full e-flex e-con e-child\" data-id=\"b0b38bd\" data-element_type=\"container\" data-e-type=\"container\">\n\t\t\t\t<div class=\"elementor-element elementor-element-24bed0d2 elementor-align-right hvr-shrink elementor-widget elementor-widget-button\" data-id=\"24bed0d2\" data-element_type=\"widget\" data-e-type=\"widget\" data-widget_type=\"button.default\">\n\t\t\t\t<div class=\"elementor-widget-container\">\n\t\t\t\t\t\t\t\t\t<div class=\"elementor-button-wrapper\">\n\t\t\t\t\t<a class=\"elementor-button elementor-button-link elementor-size-sm\" href=\"https:\/\/f-wines.com\/fr\/sant-armettu\/\">\n\t\t\t\t\t\t<span class=\"elementor-button-content-wrapper\">\n\t\t\t\t\t\t<span class=\"elementor-button-icon\">\n\t\t\t\t<svg aria-hidden=\"true\" class=\"e-font-icon-svg e-far-arrow-alt-circle-right\" viewbox=\"0 0 512 512\" xmlns=\"http:\/\/www.w3.org\/2000\/svg\"><path d=\"M504 256C504 119 393 8 256 8S8 119 8 256s111 248 248 248 248-111 248-248zm-448 0c0-110.5 89.5-200 200-200s200 89.5 200 200-89.5 200-200 200S56 366.5 56 256zm72 20v-40c0-6.6 5.4-12 12-12h116v-67c0-10.7 12.9-16 20.5-8.5l99 99c4.7 4.7 4.7 12.3 0 17l-99 99c-7.6 7.6-20.5 2.2-20.5-8.5v-67H140c-6.6 0-12-5.4-12-12z\"><\/path><\/svg>\t\t\t<\/span>\n\t\t\t\t\t\t\t\t\t<span class=\"elementor-button-text\"><u>Prochain domaine<\/u><\/span>\n\t\t\t\t\t<\/span>\n\t\t\t\t\t<\/a>\n\t\t\t\t<\/div>\n\t\t\t\t\t\t\t\t<\/div>\n\t\t\t\t<\/div>\n\t\t\t\t<\/div>\n\t\t\t\t\t<\/div>\n\t\t\t\t<\/div>\n\t\t\t\t<section class=\"elementor-section elementor-top-section elementor-element elementor-element-29b8cdad elementor-section-boxed elementor-section-height-default elementor-section-height-default\" data-id=\"29b8cdad\" data-element_type=\"section\" data-e-type=\"section\" data-settings=\"{&quot;background_background&quot;:&quot;classic&quot;}\">\n\t\t\t\t\t\t<div class=\"elementor-container elementor-column-gap-no\">\n\t\t\t\t\t<div class=\"elementor-column elementor-col-100 elementor-top-column elementor-element elementor-element-3310c362\" data-id=\"3310c362\" data-element_type=\"column\" data-e-type=\"column\">\n\t\t\t<div class=\"elementor-widget-wrap elementor-element-populated\">\n\t\t\t\t\t\t<section class=\"elementor-section elementor-inner-section elementor-element elementor-element-4d63a4eb elementor-section-boxed elementor-section-height-default elementor-section-height-default\" data-id=\"4d63a4eb\" data-element_type=\"section\" data-e-type=\"section\" data-settings=\"{&quot;background_background&quot;:&quot;classic&quot;}\">\n\t\t\t\t\t\t<div class=\"elementor-container elementor-column-gap-no\">\n\t\t\t\t\t<div class=\"elementor-column elementor-col-50 elementor-inner-column elementor-element elementor-element-58ccaa28\" data-id=\"58ccaa28\" data-element_type=\"column\" data-e-type=\"column\">\n\t\t\t<div class=\"elementor-widget-wrap elementor-element-populated\">\n\t\t\t\t\t\t<div class=\"elementor-element elementor-element-1ed0cf92 elementor-view-default elementor-widget elementor-widget-icon\" data-id=\"1ed0cf92\" data-element_type=\"widget\" data-e-type=\"widget\" data-widget_type=\"icon.default\">\n\t\t\t\t<div class=\"elementor-widget-container\">\n\t\t\t\t\t\t\t<div class=\"elementor-icon-wrapper\">\n\t\t\t<div class=\"elementor-icon\">\n\t\t\t<svg aria-hidden=\"true\" class=\"e-font-icon-svg e-fas-quote-left\" viewbox=\"0 0 512 512\" xmlns=\"http:\/\/www.w3.org\/2000\/svg\"><path d=\"M464 256h-80v-64c0-35.3 28.7-64 64-64h8c13.3 0 24-10.7 24-24V56c0-13.3-10.7-24-24-24h-8c-88.4 0-160 71.6-160 160v240c0 26.5 21.5 48 48 48h128c26.5 0 48-21.5 48-48V304c0-26.5-21.5-48-48-48zm-288 0H96v-64c0-35.3 28.7-64 64-64h8c13.3 0 24-10.7 24-24V56c0-13.3-10.7-24-24-24h-8C71.6 32 0 103.6 0 192v240c0 26.5 21.5 48 48 48h128c26.5 0 48-21.5 48-48V304c0-26.5-21.5-48-48-48z\"><\/path><\/svg>\t\t\t<\/div>\n\t\t<\/div>\n\t\t\t\t\t\t<\/div>\n\t\t\t\t<\/div>\n\t\t\t\t\t<\/div>\n\t\t<\/div>\n\t\t\t\t<div class=\"elementor-column elementor-col-50 elementor-inner-column elementor-element elementor-element-79503d46\" data-id=\"79503d46\" data-element_type=\"column\" data-e-type=\"column\">\n\t\t\t<div class=\"elementor-widget-wrap elementor-element-populated\">\n\t\t\t\t\t\t<div class=\"elementor-element elementor-element-311bca9e elementor-widget elementor-widget-heading\" data-id=\"311bca9e\" data-element_type=\"widget\" data-e-type=\"widget\" data-widget_type=\"heading.default\">\n\t\t\t\t<div class=\"elementor-widget-container\">\n\t\t\t\t\t<h3 class=\"elementor-heading-title elementor-size-medium\"><span><p dir=\"ltr\" style=\"font-weight: normal;line-height: 1.38;margin-top: 0pt;margin-bottom: 0pt\"><span style=\"font-size: 14.6667px;font-family: Montserrat;font-weight: var( --e-global-typography-primary-font-weight )\">Un Vignoble au C\u0153ur des Corbi\u00e8res <\/span><\/p><\/span><br><span style=\"font-weight: normal\"><span><font color=\"#000000\" face=\"Montserrat\"><span style=\"font-size: 14.6667px\">Propri\u00e9taires du Ch\u00e2teau Tour Haut-Cassan dans le M\u00e9doc, la famille Courrian fait l\u2019acquisition du Ch\u00e2teau Cascadais dans les Corbi\u00e8res en 1992. \u00c0 cette date, Philippe Courrian et ses enfants, V\u00e9ronique et Fabien, tombent amoureux de ce site Pagnolesque au centre des Corbi\u00e8res.\n<br><br>Le vignoble est entour\u00e9 de 50 hectares de garrigues, 10 hectares de terre, 3 hectares d'oliviers et 25 hectares de vignes. Le Ch\u00e2teau Cascadais doit son nom \u00e0 la cascade qui vient abonder la piscine naturelle situ\u00e9e au coeur de la propri\u00e9t\u00e9.\n<br><br>Les vendanges sont exclusivement manuelles avec \u00e9tude des maturit\u00e9s, et toute la r\u00e9colte est certifi\u00e9e en agriculture biologique depuis 2009.\n<br><br><i>\u00ab Apr\u00e8s plusieurs ann\u00e9es d'exp\u00e9rience, nous r\u00e9alisons des vins purs et droits, gais dans leur jeunesse mais qui peuvent se conserver une dizaine d'ann\u00e9es. \u00bb<\/i> <strong>Philippe Courrian<\/strong>\n<\/span><\/font><\/span><\/span><\/h3>\t\t\t\t<\/div>\n\t\t\t\t<\/div>\n\t\t\t\t<div class=\"elementor-element elementor-element-40cf9cea elementor-widget elementor-widget-image\" data-id=\"40cf9cea\" data-element_type=\"widget\" data-e-type=\"widget\" data-widget_type=\"image.default\">\n\t\t\t\t<div class=\"elementor-widget-container\">\n\t\t\t\t\t\t\t\t\t\t\t\t\t\t\t<img decoding=\"async\" width=\"300\" height=\"127\" src=\"https:\/\/f-wines.com\/wp-content\/uploads\/2024\/08\/Logos-domaines-meme-taille-2-300x127.jpg\" class=\"attachment-medium size-medium wp-image-2096\" alt=\"\" srcset=\"https:\/\/f-wines.com\/wp-content\/uploads\/2024\/08\/Logos-domaines-meme-taille-2-300x127.jpg 300w, https:\/\/f-wines.com\/wp-content\/uploads\/2024\/08\/Logos-domaines-meme-taille-2-1024x432.jpg 1024w, https:\/\/f-wines.com\/wp-content\/uploads\/2024\/08\/Logos-domaines-meme-taille-2-768x324.jpg 768w, https:\/\/f-wines.com\/wp-content\/uploads\/2024\/08\/Logos-domaines-meme-taille-2-18x8.jpg 18w, https:\/\/f-wines.com\/wp-content\/uploads\/2024\/08\/Logos-domaines-meme-taille-2.jpg 1075w\" sizes=\"(max-width: 300px) 100vw, 300px\" \/>\t\t\t\t\t\t\t\t\t\t\t\t\t\t\t<\/div>\n\t\t\t\t<\/div>\n\t\t\t\t\t<\/div>\n\t\t<\/div>\n\t\t\t\t\t<\/div>\n\t\t<\/section>\n\t\t\t\t\t<\/div>\n\t\t<\/div>\n\t\t\t\t\t<\/div>\n\t\t<\/section>\n\t\t<div class=\"elementor-element elementor-element-fc479df e-flex e-con-boxed e-con e-parent\" data-id=\"fc479df\" data-element_type=\"container\" data-e-type=\"container\">\n\t\t\t\t\t<div class=\"e-con-inner\">\n\t\t\t\t<div class=\"elementor-element elementor-element-53067888 elementor-widget elementor-widget-image-gallery\" data-id=\"53067888\" data-element_type=\"widget\" data-e-type=\"widget\" data-widget_type=\"image-gallery.default\">\n\t\t\t\t<div class=\"elementor-widget-container\">\n\t\t\t\t\t\t\t<div class=\"elementor-image-gallery\">\n\t\t\t<div id='gallery-14' class='gallery galleryid-1610 gallery-columns-4 gallery-size-full'><figure class='gallery-item'>\n\t\t\t<div class='gallery-icon portrait'>\n\t\t\t\t<img fetchpriority=\"high\" decoding=\"async\" width=\"1707\" height=\"2560\" src=\"https:\/\/f-wines.com\/wp-content\/uploads\/2024\/08\/100.jpg\" class=\"attachment-full size-full\" alt=\"\" srcset=\"https:\/\/f-wines.com\/wp-content\/uploads\/2024\/08\/100.jpg 1707w, https:\/\/f-wines.com\/wp-content\/uploads\/2024\/08\/100-200x300.jpg 200w, https:\/\/f-wines.com\/wp-content\/uploads\/2024\/08\/100-683x1024.jpg 683w, https:\/\/f-wines.com\/wp-content\/uploads\/2024\/08\/100-768x1152.jpg 768w, https:\/\/f-wines.com\/wp-content\/uploads\/2024\/08\/100-1024x1536.jpg 1024w, https:\/\/f-wines.com\/wp-content\/uploads\/2024\/08\/100-1366x2048.jpg 1366w, https:\/\/f-wines.com\/wp-content\/uploads\/2024\/08\/100-8x12.jpg 8w\" sizes=\"(max-width: 1707px) 100vw, 1707px\" \/>\n\t\t\t<\/div><\/figure><figure class='gallery-item'>\n\t\t\t<div class='gallery-icon portrait'>\n\t\t\t\t<img decoding=\"async\" width=\"1707\" height=\"2560\" src=\"https:\/\/f-wines.com\/wp-content\/uploads\/2024\/08\/102.jpg\" class=\"attachment-full size-full\" alt=\"\" srcset=\"https:\/\/f-wines.com\/wp-content\/uploads\/2024\/08\/102.jpg 1707w, https:\/\/f-wines.com\/wp-content\/uploads\/2024\/08\/102-200x300.jpg 200w, https:\/\/f-wines.com\/wp-content\/uploads\/2024\/08\/102-683x1024.jpg 683w, https:\/\/f-wines.com\/wp-content\/uploads\/2024\/08\/102-768x1152.jpg 768w, https:\/\/f-wines.com\/wp-content\/uploads\/2024\/08\/102-1024x1536.jpg 1024w, https:\/\/f-wines.com\/wp-content\/uploads\/2024\/08\/102-1366x2048.jpg 1366w, https:\/\/f-wines.com\/wp-content\/uploads\/2024\/08\/102-8x12.jpg 8w\" sizes=\"(max-width: 1707px) 100vw, 1707px\" \/>\n\t\t\t<\/div><\/figure><figure class='gallery-item'>\n\t\t\t<div class='gallery-icon portrait'>\n\t\t\t\t<img loading=\"lazy\" decoding=\"async\" width=\"1707\" height=\"2560\" src=\"https:\/\/f-wines.com\/wp-content\/uploads\/2024\/08\/106.jpg\" class=\"attachment-full size-full\" alt=\"\" srcset=\"https:\/\/f-wines.com\/wp-content\/uploads\/2024\/08\/106.jpg 1707w, https:\/\/f-wines.com\/wp-content\/uploads\/2024\/08\/106-200x300.jpg 200w, https:\/\/f-wines.com\/wp-content\/uploads\/2024\/08\/106-683x1024.jpg 683w, https:\/\/f-wines.com\/wp-content\/uploads\/2024\/08\/106-768x1152.jpg 768w, https:\/\/f-wines.com\/wp-content\/uploads\/2024\/08\/106-1024x1536.jpg 1024w, https:\/\/f-wines.com\/wp-content\/uploads\/2024\/08\/106-1366x2048.jpg 1366w, https:\/\/f-wines.com\/wp-content\/uploads\/2024\/08\/106-8x12.jpg 8w\" sizes=\"(max-width: 1707px) 100vw, 1707px\" \/>\n\t\t\t<\/div><\/figure><figure class='gallery-item'>\n\t\t\t<div class='gallery-icon portrait'>\n\t\t\t\t<img loading=\"lazy\" decoding=\"async\" width=\"1707\" height=\"2560\" src=\"https:\/\/f-wines.com\/wp-content\/uploads\/2024\/08\/105.jpg\" class=\"attachment-full size-full\" alt=\"\" srcset=\"https:\/\/f-wines.com\/wp-content\/uploads\/2024\/08\/105.jpg 1707w, https:\/\/f-wines.com\/wp-content\/uploads\/2024\/08\/105-200x300.jpg 200w, https:\/\/f-wines.com\/wp-content\/uploads\/2024\/08\/105-683x1024.jpg 683w, https:\/\/f-wines.com\/wp-content\/uploads\/2024\/08\/105-768x1152.jpg 768w, https:\/\/f-wines.com\/wp-content\/uploads\/2024\/08\/105-1024x1536.jpg 1024w, https:\/\/f-wines.com\/wp-content\/uploads\/2024\/08\/105-1366x2048.jpg 1366w, https:\/\/f-wines.com\/wp-content\/uploads\/2024\/08\/105-8x12.jpg 8w\" sizes=\"(max-width: 1707px) 100vw, 1707px\" \/>\n\t\t\t<\/div><\/figure>\n\t\t<\/div>\n\t\t<\/div>\n\t\t\t\t\t\t<\/div>\n\t\t\t\t<\/div>\n\t\t\t\t\t<\/div>\n\t\t\t\t<\/div>\n\t\t<div class=\"elementor-element elementor-element-417dff33 e-flex e-con-boxed e-con e-parent\" data-id=\"417dff33\" data-element_type=\"container\" data-e-type=\"container\">\n\t\t\t\t\t<div class=\"e-con-inner\">\n\t\t\t\t<div class=\"elementor-element elementor-element-3c26faa9 elementor-widget elementor-widget-text-editor\" data-id=\"3c26faa9\" data-element_type=\"widget\" data-e-type=\"widget\" data-widget_type=\"text-editor.default\">\n\t\t\t\t<div class=\"elementor-widget-container\">\n\t\t\t\t\t\t\t\t\t<p>Pour plus d'informations sur les disponibilit\u00e9s export du <strong>Ch\u00e2teau Cascadais<\/strong> contactez-nous \u00e0 <span style=\"text-decoration: underline;\"><a href=\"mailto:contact@f-wines.com\">contact@f-wines.com<\/a><\/span><\/p>\t\t\t\t\t\t\t\t<\/div>\n\t\t\t\t<\/div>\n\t\t\t\t\t<\/div>\n\t\t\t\t<\/div>\n\t\t<div class=\"elementor-element elementor-element-6e5dbb03 e-flex e-con-boxed e-con e-parent\" data-id=\"6e5dbb03\" data-element_type=\"container\" data-e-type=\"container\">\n\t\t\t\t\t<div class=\"e-con-inner\">\n\t\t\t\t\t<\/div>\n\t\t\t\t<\/div>\n\t\t\t\t<\/div>","protected":false},"excerpt":{"rendered":"<p>AOC CORBI\u00c8RES Back Next Producer A Vineyard in the Heart of Corbi\u00e8res In 1992, the Courrian family, owners of Ch\u00e2teau Tour Haut-Cassan in M\u00e9doc, acquired Ch\u00e2teau Cascadais in the Corbi\u00e8res region. Philippe Courrian and his children, V\u00e9ronique and Fabien, fell in love with this idyllic site nestled in the heart of Corbi\u00e8res. The vineyard is [&hellip;]<\/p>\n","protected":false},"author":2,"featured_media":0,"parent":0,"menu_order":0,"comment_status":"closed","ping_status":"closed","template":"","meta":{"footnotes":""},"folder":[32],"class_list":["post-1610","page","type-page","status-publish","hentry"],"aioseo_notices":[],"jetpack_sharing_enabled":true,"_links":{"self":[{"href":"https:\/\/f-wines.com\/fr\/wp-json\/wp\/v2\/pages\/1610","targetHints":{"allow":["GET"]}}],"collection":[{"href":"https:\/\/f-wines.com\/fr\/wp-json\/wp\/v2\/pages"}],"about":[{"href":"https:\/\/f-wines.com\/fr\/wp-json\/wp\/v2\/types\/page"}],"author":[{"embeddable":true,"href":"https:\/\/f-wines.com\/fr\/wp-json\/wp\/v2\/users\/2"}],"replies":[{"embeddable":true,"href":"https:\/\/f-wines.com\/fr\/wp-json\/wp\/v2\/comments?post=1610"}],"version-history":[{"count":29,"href":"https:\/\/f-wines.com\/fr\/wp-json\/wp\/v2\/pages\/1610\/revisions"}],"predecessor-version":[{"id":2796,"href":"https:\/\/f-wines.com\/fr\/wp-json\/wp\/v2\/pages\/1610\/revisions\/2796"}],"wp:attachment":[{"href":"https:\/\/f-wines.com\/fr\/wp-json\/wp\/v2\/media?parent=1610"}],"wp:term":[{"taxonomy":"folder","embeddable":true,"href":"https:\/\/f-wines.com\/fr\/wp-json\/wp\/v2\/folder?post=1610"}],"curies":[{"name":"wp","href":"https:\/\/api.w.org\/{rel}","templated":true}]}}