{"id":2188,"date":"2024-08-30T14:52:44","date_gmt":"2024-08-30T14:52:44","guid":{"rendered":"https:\/\/f-wines.com\/?page_id=2188"},"modified":"2024-09-19T16:24:26","modified_gmt":"2024-09-19T16:24:26","slug":"domaine-bott-geyl","status":"publish","type":"page","link":"https:\/\/f-wines.com\/fr\/domaine-bott-geyl\/","title":{"rendered":"DOMAINE BOTT-GEYL"},"content":{"rendered":"<div data-elementor-type=\"wp-page\" data-elementor-id=\"2188\" class=\"elementor elementor-2188\">\n\t\t\t\t<div class=\"elementor-element elementor-element-f919283 e-flex e-con-boxed e-con e-parent\" data-id=\"f919283\" data-element_type=\"container\" data-e-type=\"container\">\n\t\t\t\t\t<div class=\"e-con-inner\">\n\t\t\t\t<div class=\"elementor-element elementor-element-aabbff3 elementor-widget elementor-widget-heading\" data-id=\"aabbff3\" data-element_type=\"widget\" data-e-type=\"widget\" data-widget_type=\"heading.default\">\n\t\t\t\t<div class=\"elementor-widget-container\">\n\t\t\t\t\t<h2 class=\"elementor-heading-title elementor-size-default\">AOC ALSACE CRUS &amp; GRANDS CRUS<\/h2>\t\t\t\t<\/div>\n\t\t\t\t<\/div>\n\t\t\t\t\t<\/div>\n\t\t\t\t<\/div>\n\t\t<div class=\"elementor-element elementor-element-a2cff99 e-flex e-con-boxed e-con e-parent\" data-id=\"a2cff99\" data-element_type=\"container\" data-e-type=\"container\">\n\t\t\t\t\t<div class=\"e-con-inner\">\n\t\t<div class=\"elementor-element elementor-element-ebd7d0c e-con-full e-flex e-con e-child\" data-id=\"ebd7d0c\" data-element_type=\"container\" data-e-type=\"container\">\n\t\t\t\t<div class=\"elementor-element elementor-element-bf3291e hvr-shrink elementor-align-left elementor-widget elementor-widget-button\" data-id=\"bf3291e\" data-element_type=\"widget\" data-e-type=\"widget\" data-widget_type=\"button.default\">\n\t\t\t\t<div class=\"elementor-widget-container\">\n\t\t\t\t\t\t\t\t\t<div class=\"elementor-button-wrapper\">\n\t\t\t\t\t<a class=\"elementor-button elementor-button-link elementor-size-sm\" href=\"https:\/\/f-wines.com\/fr\/our-partners\/\">\n\t\t\t\t\t\t<span class=\"elementor-button-content-wrapper\">\n\t\t\t\t\t\t<span class=\"elementor-button-icon\">\n\t\t\t\t<svg aria-hidden=\"true\" class=\"e-font-icon-svg e-far-arrow-alt-circle-left\" viewbox=\"0 0 512 512\" xmlns=\"http:\/\/www.w3.org\/2000\/svg\"><path d=\"M8 256c0 137 111 248 248 248s248-111 248-248S393 8 256 8 8 119 8 256zm448 0c0 110.5-89.5 200-200 200S56 366.5 56 256 145.5 56 256 56s200 89.5 200 200zm-72-20v40c0 6.6-5.4 12-12 12H256v67c0 10.7-12.9 16-20.5 8.5l-99-99c-4.7-4.7-4.7-12.3 0-17l99-99c7.6-7.6 20.5-2.2 20.5 8.5v67h116c6.6 0 12 5.4 12 12z\"><\/path><\/svg>\t\t\t<\/span>\n\t\t\t\t\t\t\t\t\t<span class=\"elementor-button-text\"><u>Retour<\/u><\/span>\n\t\t\t\t\t<\/span>\n\t\t\t\t\t<\/a>\n\t\t\t\t<\/div>\n\t\t\t\t\t\t\t\t<\/div>\n\t\t\t\t<\/div>\n\t\t\t\t<\/div>\n\t\t<div class=\"elementor-element elementor-element-428e782 e-con-full e-flex e-con e-child\" data-id=\"428e782\" data-element_type=\"container\" data-e-type=\"container\">\n\t\t\t\t<div class=\"elementor-element elementor-element-9fead4c elementor-align-right hvr-shrink elementor-widget elementor-widget-button\" data-id=\"9fead4c\" data-element_type=\"widget\" data-e-type=\"widget\" data-widget_type=\"button.default\">\n\t\t\t\t<div class=\"elementor-widget-container\">\n\t\t\t\t\t\t\t\t\t<div class=\"elementor-button-wrapper\">\n\t\t\t\t\t<a class=\"elementor-button elementor-button-link elementor-size-sm\" href=\"https:\/\/f-wines.com\/fr\/domaine-melinon\/\">\n\t\t\t\t\t\t<span class=\"elementor-button-content-wrapper\">\n\t\t\t\t\t\t<span class=\"elementor-button-icon\">\n\t\t\t\t<svg aria-hidden=\"true\" class=\"e-font-icon-svg e-far-arrow-alt-circle-right\" viewbox=\"0 0 512 512\" xmlns=\"http:\/\/www.w3.org\/2000\/svg\"><path d=\"M504 256C504 119 393 8 256 8S8 119 8 256s111 248 248 248 248-111 248-248zm-448 0c0-110.5 89.5-200 200-200s200 89.5 200 200-89.5 200-200 200S56 366.5 56 256zm72 20v-40c0-6.6 5.4-12 12-12h116v-67c0-10.7 12.9-16 20.5-8.5l99 99c4.7 4.7 4.7 12.3 0 17l-99 99c-7.6 7.6-20.5 2.2-20.5-8.5v-67H140c-6.6 0-12-5.4-12-12z\"><\/path><\/svg>\t\t\t<\/span>\n\t\t\t\t\t\t\t\t\t<span class=\"elementor-button-text\"><u>Prochain domaine<\/u><\/span>\n\t\t\t\t\t<\/span>\n\t\t\t\t\t<\/a>\n\t\t\t\t<\/div>\n\t\t\t\t\t\t\t\t<\/div>\n\t\t\t\t<\/div>\n\t\t\t\t<\/div>\n\t\t\t\t\t<\/div>\n\t\t\t\t<\/div>\n\t\t\t\t<section class=\"elementor-section elementor-top-section elementor-element elementor-element-d87998f elementor-section-boxed elementor-section-height-default elementor-section-height-default\" data-id=\"d87998f\" data-element_type=\"section\" data-e-type=\"section\">\n\t\t\t\t\t\t<div class=\"elementor-container elementor-column-gap-default\">\n\t\t\t\t\t<div class=\"elementor-column elementor-col-100 elementor-top-column elementor-element elementor-element-f69a516\" data-id=\"f69a516\" data-element_type=\"column\" data-e-type=\"column\">\n\t\t\t<div class=\"elementor-widget-wrap elementor-element-populated\">\n\t\t\t\t\t\t<section class=\"elementor-section elementor-inner-section elementor-element elementor-element-cb7a5ca elementor-section-boxed elementor-section-height-default elementor-section-height-default\" data-id=\"cb7a5ca\" data-element_type=\"section\" data-e-type=\"section\" data-settings=\"{&quot;background_background&quot;:&quot;classic&quot;}\">\n\t\t\t\t\t\t<div class=\"elementor-container elementor-column-gap-no\">\n\t\t\t\t\t<div class=\"elementor-column elementor-col-50 elementor-inner-column elementor-element elementor-element-68dfac2\" data-id=\"68dfac2\" data-element_type=\"column\" data-e-type=\"column\">\n\t\t\t<div class=\"elementor-widget-wrap elementor-element-populated\">\n\t\t\t\t\t\t<div class=\"elementor-element elementor-element-292e4f1 elementor-view-default elementor-widget elementor-widget-icon\" data-id=\"292e4f1\" data-element_type=\"widget\" data-e-type=\"widget\" data-widget_type=\"icon.default\">\n\t\t\t\t<div class=\"elementor-widget-container\">\n\t\t\t\t\t\t\t<div class=\"elementor-icon-wrapper\">\n\t\t\t<div class=\"elementor-icon\">\n\t\t\t<svg aria-hidden=\"true\" class=\"e-font-icon-svg e-fas-quote-left\" viewbox=\"0 0 512 512\" xmlns=\"http:\/\/www.w3.org\/2000\/svg\"><path d=\"M464 256h-80v-64c0-35.3 28.7-64 64-64h8c13.3 0 24-10.7 24-24V56c0-13.3-10.7-24-24-24h-8c-88.4 0-160 71.6-160 160v240c0 26.5 21.5 48 48 48h128c26.5 0 48-21.5 48-48V304c0-26.5-21.5-48-48-48zm-288 0H96v-64c0-35.3 28.7-64 64-64h8c13.3 0 24-10.7 24-24V56c0-13.3-10.7-24-24-24h-8C71.6 32 0 103.6 0 192v240c0 26.5 21.5 48 48 48h128c26.5 0 48-21.5 48-48V304c0-26.5-21.5-48-48-48z\"><\/path><\/svg>\t\t\t<\/div>\n\t\t<\/div>\n\t\t\t\t\t\t<\/div>\n\t\t\t\t<\/div>\n\t\t\t\t\t<\/div>\n\t\t<\/div>\n\t\t\t\t<div class=\"elementor-column elementor-col-50 elementor-inner-column elementor-element elementor-element-8fd4319\" data-id=\"8fd4319\" data-element_type=\"column\" data-e-type=\"column\">\n\t\t\t<div class=\"elementor-widget-wrap elementor-element-populated\">\n\t\t\t\t\t\t<div class=\"elementor-element elementor-element-a6d0820 elementor-widget elementor-widget-heading\" data-id=\"a6d0820\" data-element_type=\"widget\" data-e-type=\"widget\" data-widget_type=\"heading.default\">\n\t\t\t\t<div class=\"elementor-widget-container\">\n\t\t\t\t\t<h3 class=\"elementor-heading-title elementor-size-medium\"><span><p dir=\"ltr\" style=\"line-height: 1.38;margin-top: 0pt;margin-bottom: 0pt\"><font color=\"#000000\" face=\"Montserrat\"><span style=\"font-size: 14.6667px\">Le domaine Bott-Geyl est n\u00e9 en 1775, d\u2019une rencontre, celle de deux familles vigneronnes depuis longtemps \u00e9tablies au c\u0153ur du vignoble alsacien.<\/span><\/font><span style=\"font-weight: normal\"><br><\/span><\/p><\/span><br><font color=\"#000000\" face=\"Montserrat\"><span style=\"font-size: 14.6667px;font-weight: 400\">In the 1990s, Jean-Christophe Bott, a passionate advocate for Alsatian crus, took over the estate. His guiding principles are cultivating diversity with respect for the environment, dedication, and an intimate connection with the terroir and nature\u2014he doesn't follow trends.<\/span><\/font><br><br><font color=\"#000000\" face=\"Montserrat\"><span style=\"font-size: 14.6667px;font-weight: 400\">Jean-Christophe realized a dream: to offer wine enthusiasts a pure beverage, aged for several years in the estate's cellars to achieve optimal expression during tasting. <\/span><\/font><br><br><font color=\"#000000\" face=\"Montserrat\"><span style=\"font-size: 14.6667px;font-weight: 400\">La philosophie du domaine Bott-Geyl r\u00e9side dans la volont\u00e9 de cheminer vers le plus haut degr\u00e9 d\u2019expression des terroirs par une agriculture minutieuse en bio et en biodynamie d\u00e8s 1998. <\/span><\/font><br><br><font color=\"#000000\" face=\"Montserrat\"><span style=\"font-size: 14.6667px;font-weight: 400\">Aujourd\u2019hui, le domaine poss\u00e8de 18 hectares dont 6 Grands Crus, 4 Lieux-Dits et 1 Clos historique.<\/span><\/font><\/h3>\t\t\t\t<\/div>\n\t\t\t\t<\/div>\n\t\t\t\t<div class=\"elementor-element elementor-element-ab99a70 elementor-widget elementor-widget-image\" data-id=\"ab99a70\" data-element_type=\"widget\" data-e-type=\"widget\" data-widget_type=\"image.default\">\n\t\t\t\t<div class=\"elementor-widget-container\">\n\t\t\t\t\t\t\t\t\t\t\t\t\t\t\t<img decoding=\"async\" width=\"300\" height=\"127\" src=\"https:\/\/f-wines.com\/wp-content\/uploads\/2024\/07\/Logos-domaines-meme-taille-300x127.png\" class=\"attachment-medium size-medium wp-image-2155\" alt=\"\" srcset=\"https:\/\/f-wines.com\/wp-content\/uploads\/2024\/07\/Logos-domaines-meme-taille-300x127.png 300w, https:\/\/f-wines.com\/wp-content\/uploads\/2024\/07\/Logos-domaines-meme-taille-1024x432.png 1024w, https:\/\/f-wines.com\/wp-content\/uploads\/2024\/07\/Logos-domaines-meme-taille-768x324.png 768w, https:\/\/f-wines.com\/wp-content\/uploads\/2024\/07\/Logos-domaines-meme-taille-18x8.png 18w, https:\/\/f-wines.com\/wp-content\/uploads\/2024\/07\/Logos-domaines-meme-taille.png 1075w\" sizes=\"(max-width: 300px) 100vw, 300px\" \/>\t\t\t\t\t\t\t\t\t\t\t\t\t\t\t<\/div>\n\t\t\t\t<\/div>\n\t\t\t\t\t<\/div>\n\t\t<\/div>\n\t\t\t\t\t<\/div>\n\t\t<\/section>\n\t\t\t\t\t<\/div>\n\t\t<\/div>\n\t\t\t\t\t<\/div>\n\t\t<\/section>\n\t\t<div class=\"elementor-element elementor-element-61c2873 e-flex e-con-boxed e-con e-parent\" data-id=\"61c2873\" data-element_type=\"container\" data-e-type=\"container\">\n\t\t\t\t\t<div class=\"e-con-inner\">\n\t\t\t\t<div class=\"elementor-element elementor-element-14d76b28 elementor-widget elementor-widget-image-gallery\" data-id=\"14d76b28\" data-element_type=\"widget\" data-e-type=\"widget\" data-widget_type=\"image-gallery.default\">\n\t\t\t\t<div class=\"elementor-widget-container\">\n\t\t\t\t\t\t\t<div class=\"elementor-image-gallery\">\n\t\t\t<div id='gallery-15' class='gallery galleryid-2188 gallery-columns-4 gallery-size-medium'><figure class='gallery-item'>\n\t\t\t<div class='gallery-icon portrait'>\n\t\t\t\t<img fetchpriority=\"high\" decoding=\"async\" width=\"200\" height=\"300\" src=\"https:\/\/f-wines.com\/wp-content\/uploads\/2024\/09\/110-200x300.jpg\" class=\"attachment-medium size-medium\" alt=\"\" srcset=\"https:\/\/f-wines.com\/wp-content\/uploads\/2024\/09\/110-200x300.jpg 200w, https:\/\/f-wines.com\/wp-content\/uploads\/2024\/09\/110-683x1024.jpg 683w, https:\/\/f-wines.com\/wp-content\/uploads\/2024\/09\/110-768x1152.jpg 768w, https:\/\/f-wines.com\/wp-content\/uploads\/2024\/09\/110-1024x1536.jpg 1024w, https:\/\/f-wines.com\/wp-content\/uploads\/2024\/09\/110-1366x2048.jpg 1366w, https:\/\/f-wines.com\/wp-content\/uploads\/2024\/09\/110-8x12.jpg 8w, https:\/\/f-wines.com\/wp-content\/uploads\/2024\/09\/110.jpg 1707w\" sizes=\"(max-width: 200px) 100vw, 200px\" \/>\n\t\t\t<\/div><\/figure><figure class='gallery-item'>\n\t\t\t<div class='gallery-icon portrait'>\n\t\t\t\t<img decoding=\"async\" width=\"200\" height=\"300\" src=\"https:\/\/f-wines.com\/wp-content\/uploads\/2024\/09\/111-200x300.jpg\" class=\"attachment-medium size-medium\" alt=\"\" srcset=\"https:\/\/f-wines.com\/wp-content\/uploads\/2024\/09\/111-200x300.jpg 200w, https:\/\/f-wines.com\/wp-content\/uploads\/2024\/09\/111-683x1024.jpg 683w, https:\/\/f-wines.com\/wp-content\/uploads\/2024\/09\/111-768x1152.jpg 768w, https:\/\/f-wines.com\/wp-content\/uploads\/2024\/09\/111-1024x1536.jpg 1024w, https:\/\/f-wines.com\/wp-content\/uploads\/2024\/09\/111-1366x2048.jpg 1366w, https:\/\/f-wines.com\/wp-content\/uploads\/2024\/09\/111-8x12.jpg 8w, https:\/\/f-wines.com\/wp-content\/uploads\/2024\/09\/111.jpg 1707w\" sizes=\"(max-width: 200px) 100vw, 200px\" \/>\n\t\t\t<\/div><\/figure><figure class='gallery-item'>\n\t\t\t<div class='gallery-icon portrait'>\n\t\t\t\t<img loading=\"lazy\" decoding=\"async\" width=\"200\" height=\"300\" src=\"https:\/\/f-wines.com\/wp-content\/uploads\/2024\/09\/108-200x300.jpg\" class=\"attachment-medium size-medium\" alt=\"\" srcset=\"https:\/\/f-wines.com\/wp-content\/uploads\/2024\/09\/108-200x300.jpg 200w, https:\/\/f-wines.com\/wp-content\/uploads\/2024\/09\/108-683x1024.jpg 683w, https:\/\/f-wines.com\/wp-content\/uploads\/2024\/09\/108-768x1152.jpg 768w, https:\/\/f-wines.com\/wp-content\/uploads\/2024\/09\/108-1024x1536.jpg 1024w, https:\/\/f-wines.com\/wp-content\/uploads\/2024\/09\/108-1366x2048.jpg 1366w, https:\/\/f-wines.com\/wp-content\/uploads\/2024\/09\/108-8x12.jpg 8w, https:\/\/f-wines.com\/wp-content\/uploads\/2024\/09\/108.jpg 1707w\" sizes=\"(max-width: 200px) 100vw, 200px\" \/>\n\t\t\t<\/div><\/figure><figure class='gallery-item'>\n\t\t\t<div class='gallery-icon portrait'>\n\t\t\t\t<img loading=\"lazy\" decoding=\"async\" width=\"200\" height=\"300\" src=\"https:\/\/f-wines.com\/wp-content\/uploads\/2024\/09\/112-200x300.jpg\" class=\"attachment-medium size-medium\" alt=\"\" srcset=\"https:\/\/f-wines.com\/wp-content\/uploads\/2024\/09\/112-200x300.jpg 200w, https:\/\/f-wines.com\/wp-content\/uploads\/2024\/09\/112-683x1024.jpg 683w, https:\/\/f-wines.com\/wp-content\/uploads\/2024\/09\/112-768x1152.jpg 768w, https:\/\/f-wines.com\/wp-content\/uploads\/2024\/09\/112-1024x1536.jpg 1024w, https:\/\/f-wines.com\/wp-content\/uploads\/2024\/09\/112-1366x2048.jpg 1366w, https:\/\/f-wines.com\/wp-content\/uploads\/2024\/09\/112-8x12.jpg 8w, https:\/\/f-wines.com\/wp-content\/uploads\/2024\/09\/112.jpg 1707w\" sizes=\"(max-width: 200px) 100vw, 200px\" \/>\n\t\t\t<\/div><\/figure>\n\t\t<\/div>\n\t\t<\/div>\n\t\t\t\t\t\t<\/div>\n\t\t\t\t<\/div>\n\t\t\t\t\t<\/div>\n\t\t\t\t<\/div>\n\t\t<div class=\"elementor-element elementor-element-11794c8 e-flex e-con-boxed e-con e-parent\" data-id=\"11794c8\" data-element_type=\"container\" data-e-type=\"container\">\n\t\t\t\t\t<div class=\"e-con-inner\">\n\t\t\t\t<div class=\"elementor-element elementor-element-41b27fc elementor-widget elementor-widget-text-editor\" data-id=\"41b27fc\" data-element_type=\"widget\" data-e-type=\"widget\" data-widget_type=\"text-editor.default\">\n\t\t\t\t<div class=\"elementor-widget-container\">\n\t\t\t\t\t\t\t\t\t<p>Pour plus d'informations sur les disponibilit\u00e9s export du <strong>Domaine BOTT-GEYL<\/strong> contactez-nous \u00e0 <span style=\"text-decoration: underline;\"><a href=\"mailto:contact@f-wines.com\">contact@f-wines.com<\/a><\/span><\/p>\t\t\t\t\t\t\t\t<\/div>\n\t\t\t\t<\/div>\n\t\t\t\t\t<\/div>\n\t\t\t\t<\/div>\n\t\t\t\t<\/div>","protected":false},"excerpt":{"rendered":"<p>AOC ALSACE CRUS &amp; GRANDS CRUS Back Next Producer Bott-Geyl estate was founded in 1775, from the union of two winemaker families long established in the heart of the Alsatian vineyard. In the 1990s, Jean-Christophe Bott, a passionate advocate for Alsatian crus, took over the estate. His guiding principles are cultivating diversity with respect for [&hellip;]<\/p>\n","protected":false},"author":2,"featured_media":0,"parent":0,"menu_order":0,"comment_status":"closed","ping_status":"closed","template":"","meta":{"footnotes":""},"folder":[32],"class_list":["post-2188","page","type-page","status-publish","hentry"],"aioseo_notices":[],"jetpack_sharing_enabled":true,"_links":{"self":[{"href":"https:\/\/f-wines.com\/fr\/wp-json\/wp\/v2\/pages\/2188","targetHints":{"allow":["GET"]}}],"collection":[{"href":"https:\/\/f-wines.com\/fr\/wp-json\/wp\/v2\/pages"}],"about":[{"href":"https:\/\/f-wines.com\/fr\/wp-json\/wp\/v2\/types\/page"}],"author":[{"embeddable":true,"href":"https:\/\/f-wines.com\/fr\/wp-json\/wp\/v2\/users\/2"}],"replies":[{"embeddable":true,"href":"https:\/\/f-wines.com\/fr\/wp-json\/wp\/v2\/comments?post=2188"}],"version-history":[{"count":59,"href":"https:\/\/f-wines.com\/fr\/wp-json\/wp\/v2\/pages\/2188\/revisions"}],"predecessor-version":[{"id":2772,"href":"https:\/\/f-wines.com\/fr\/wp-json\/wp\/v2\/pages\/2188\/revisions\/2772"}],"wp:attachment":[{"href":"https:\/\/f-wines.com\/fr\/wp-json\/wp\/v2\/media?parent=2188"}],"wp:term":[{"taxonomy":"folder","embeddable":true,"href":"https:\/\/f-wines.com\/fr\/wp-json\/wp\/v2\/folder?post=2188"}],"curies":[{"name":"wp","href":"https:\/\/api.w.org\/{rel}","templated":true}]}}