{"id":2978,"date":"2025-01-17T17:57:06","date_gmt":"2025-01-17T17:57:06","guid":{"rendered":"https:\/\/f-wines.com\/?page_id=2978"},"modified":"2025-11-23T18:06:49","modified_gmt":"2025-11-23T18:06:49","slug":"domaine-des-bernardins","status":"publish","type":"page","link":"https:\/\/f-wines.com\/fr\/domaine-des-bernardins\/","title":{"rendered":"DOMAINE DES BERNARDINS"},"content":{"rendered":"<div data-elementor-type=\"wp-page\" data-elementor-id=\"2978\" class=\"elementor elementor-2978\">\n\t\t\t\t<div class=\"elementor-element elementor-element-63da47dc e-flex e-con-boxed e-con e-parent\" data-id=\"63da47dc\" data-element_type=\"container\" data-e-type=\"container\">\n\t\t\t\t\t<div class=\"e-con-inner\">\n\t\t\t\t<div class=\"elementor-element elementor-element-6ae7905e elementor-widget elementor-widget-heading\" data-id=\"6ae7905e\" data-element_type=\"widget\" data-e-type=\"widget\" data-widget_type=\"heading.default\">\n\t\t\t\t<div class=\"elementor-widget-container\">\n\t\t\t\t\t<h2 class=\"elementor-heading-title elementor-size-default\">AOC BEAUMES-DE-VENISE<\/h2>\t\t\t\t<\/div>\n\t\t\t\t<\/div>\n\t\t\t\t\t<\/div>\n\t\t\t\t<\/div>\n\t\t<div class=\"elementor-element elementor-element-c22d2b7 e-flex e-con-boxed e-con e-parent\" data-id=\"c22d2b7\" data-element_type=\"container\" data-e-type=\"container\">\n\t\t\t\t\t<div class=\"e-con-inner\">\n\t\t<div class=\"elementor-element elementor-element-8890a93 e-con-full e-flex e-con e-child\" data-id=\"8890a93\" data-element_type=\"container\" data-e-type=\"container\">\n\t\t\t\t<div class=\"elementor-element elementor-element-ddc4e32 hvr-shrink elementor-widget elementor-widget-button\" data-id=\"ddc4e32\" data-element_type=\"widget\" data-e-type=\"widget\" data-widget_type=\"button.default\">\n\t\t\t\t<div class=\"elementor-widget-container\">\n\t\t\t\t\t\t\t\t\t<div class=\"elementor-button-wrapper\">\n\t\t\t\t\t<a class=\"elementor-button elementor-button-link elementor-size-sm\" href=\"https:\/\/f-wines.com\/fr\/our-partners\/\">\n\t\t\t\t\t\t<span class=\"elementor-button-content-wrapper\">\n\t\t\t\t\t\t<span class=\"elementor-button-icon\">\n\t\t\t\t<svg aria-hidden=\"true\" class=\"e-font-icon-svg e-far-arrow-alt-circle-left\" viewbox=\"0 0 512 512\" xmlns=\"http:\/\/www.w3.org\/2000\/svg\"><path d=\"M8 256c0 137 111 248 248 248s248-111 248-248S393 8 256 8 8 119 8 256zm448 0c0 110.5-89.5 200-200 200S56 366.5 56 256 145.5 56 256 56s200 89.5 200 200zm-72-20v40c0 6.6-5.4 12-12 12H256v67c0 10.7-12.9 16-20.5 8.5l-99-99c-4.7-4.7-4.7-12.3 0-17l99-99c7.6-7.6 20.5-2.2 20.5 8.5v67h116c6.6 0 12 5.4 12 12z\"><\/path><\/svg>\t\t\t<\/span>\n\t\t\t\t\t\t\t\t\t<span class=\"elementor-button-text\"><u>Retour<\/u><\/span>\n\t\t\t\t\t<\/span>\n\t\t\t\t\t<\/a>\n\t\t\t\t<\/div>\n\t\t\t\t\t\t\t\t<\/div>\n\t\t\t\t<\/div>\n\t\t\t\t<\/div>\n\t\t<div class=\"elementor-element elementor-element-f0d9c34 e-con-full e-flex e-con e-child\" data-id=\"f0d9c34\" data-element_type=\"container\" data-e-type=\"container\">\n\t\t\t\t<div class=\"elementor-element elementor-element-73e3dcb elementor-align-right hvr-shrink elementor-widget elementor-widget-button\" data-id=\"73e3dcb\" data-element_type=\"widget\" data-e-type=\"widget\" data-widget_type=\"button.default\">\n\t\t\t\t<div class=\"elementor-widget-container\">\n\t\t\t\t\t\t\t\t\t<div class=\"elementor-button-wrapper\">\n\t\t\t\t\t<a class=\"elementor-button elementor-button-link elementor-size-sm\" href=\"https:\/\/f-wines.com\/fr\/maison-lestapis\/\">\n\t\t\t\t\t\t<span class=\"elementor-button-content-wrapper\">\n\t\t\t\t\t\t<span class=\"elementor-button-icon\">\n\t\t\t\t<svg aria-hidden=\"true\" class=\"e-font-icon-svg e-far-arrow-alt-circle-right\" viewbox=\"0 0 512 512\" xmlns=\"http:\/\/www.w3.org\/2000\/svg\"><path d=\"M504 256C504 119 393 8 256 8S8 119 8 256s111 248 248 248 248-111 248-248zm-448 0c0-110.5 89.5-200 200-200s200 89.5 200 200-89.5 200-200 200S56 366.5 56 256zm72 20v-40c0-6.6 5.4-12 12-12h116v-67c0-10.7 12.9-16 20.5-8.5l99 99c4.7 4.7 4.7 12.3 0 17l-99 99c-7.6 7.6-20.5 2.2-20.5-8.5v-67H140c-6.6 0-12-5.4-12-12z\"><\/path><\/svg>\t\t\t<\/span>\n\t\t\t\t\t\t\t\t\t<span class=\"elementor-button-text\"><u>Prochain domaine<\/u><\/span>\n\t\t\t\t\t<\/span>\n\t\t\t\t\t<\/a>\n\t\t\t\t<\/div>\n\t\t\t\t\t\t\t\t<\/div>\n\t\t\t\t<\/div>\n\t\t\t\t<\/div>\n\t\t\t\t\t<\/div>\n\t\t\t\t<\/div>\n\t\t\t\t<section class=\"elementor-section elementor-top-section elementor-element elementor-element-60015aaf elementor-section-boxed elementor-section-height-default elementor-section-height-default\" data-id=\"60015aaf\" data-element_type=\"section\" data-e-type=\"section\" data-settings=\"{&quot;background_background&quot;:&quot;classic&quot;}\">\n\t\t\t\t\t\t<div class=\"elementor-container elementor-column-gap-no\">\n\t\t\t\t\t<div class=\"elementor-column elementor-col-100 elementor-top-column elementor-element elementor-element-29551d6a\" data-id=\"29551d6a\" data-element_type=\"column\" data-e-type=\"column\">\n\t\t\t<div class=\"elementor-widget-wrap elementor-element-populated\">\n\t\t\t\t\t\t<section class=\"elementor-section elementor-inner-section elementor-element elementor-element-1c33f316 elementor-section-boxed elementor-section-height-default elementor-section-height-default\" data-id=\"1c33f316\" data-element_type=\"section\" data-e-type=\"section\" data-settings=\"{&quot;background_background&quot;:&quot;classic&quot;}\">\n\t\t\t\t\t\t<div class=\"elementor-container elementor-column-gap-no\">\n\t\t\t\t\t<div class=\"elementor-column elementor-col-50 elementor-inner-column elementor-element elementor-element-279777c5\" data-id=\"279777c5\" data-element_type=\"column\" data-e-type=\"column\">\n\t\t\t<div class=\"elementor-widget-wrap elementor-element-populated\">\n\t\t\t\t\t\t<div class=\"elementor-element elementor-element-454ccab0 elementor-view-default elementor-widget elementor-widget-icon\" data-id=\"454ccab0\" data-element_type=\"widget\" data-e-type=\"widget\" data-widget_type=\"icon.default\">\n\t\t\t\t<div class=\"elementor-widget-container\">\n\t\t\t\t\t\t\t<div class=\"elementor-icon-wrapper\">\n\t\t\t<div class=\"elementor-icon\">\n\t\t\t<svg aria-hidden=\"true\" class=\"e-font-icon-svg e-fas-quote-left\" viewbox=\"0 0 512 512\" xmlns=\"http:\/\/www.w3.org\/2000\/svg\"><path d=\"M464 256h-80v-64c0-35.3 28.7-64 64-64h8c13.3 0 24-10.7 24-24V56c0-13.3-10.7-24-24-24h-8c-88.4 0-160 71.6-160 160v240c0 26.5 21.5 48 48 48h128c26.5 0 48-21.5 48-48V304c0-26.5-21.5-48-48-48zm-288 0H96v-64c0-35.3 28.7-64 64-64h8c13.3 0 24-10.7 24-24V56c0-13.3-10.7-24-24-24h-8C71.6 32 0 103.6 0 192v240c0 26.5 21.5 48 48 48h128c26.5 0 48-21.5 48-48V304c0-26.5-21.5-48-48-48z\"><\/path><\/svg>\t\t\t<\/div>\n\t\t<\/div>\n\t\t\t\t\t\t<\/div>\n\t\t\t\t<\/div>\n\t\t\t\t\t<\/div>\n\t\t<\/div>\n\t\t\t\t<div class=\"elementor-column elementor-col-50 elementor-inner-column elementor-element elementor-element-15497fa6\" data-id=\"15497fa6\" data-element_type=\"column\" data-e-type=\"column\">\n\t\t\t<div class=\"elementor-widget-wrap elementor-element-populated\">\n\t\t\t\t\t\t<div class=\"elementor-element elementor-element-555833fa elementor-widget elementor-widget-heading\" data-id=\"555833fa\" data-element_type=\"widget\" data-e-type=\"widget\" data-widget_type=\"heading.default\">\n\t\t\t\t<div class=\"elementor-widget-container\">\n\t\t\t\t\t<h3 class=\"elementor-heading-title elementor-size-medium\"><span><p dir=\"ltr\" style=\"font-weight: normal;line-height: 1.38;margin-top: 0pt;margin-bottom: 0pt\"><span style=\"font-size: 14.6667px;font-family: Montserrat;font-weight: var( --e-global-typography-primary-font-weight )\">Le Domaine des Bernardins, autrefois propri\u00e9t\u00e9 des moines Bernardins, est devenu un vignoble familial au d\u00e9but du XIXe si\u00e8cle.  <\/span><\/p><\/span><br><span style=\"font-weight: normal\"><span><font color=\"#000000\" face=\"Montserrat\"><span style=\"font-size: 14.6667px\">Aujourd'hui, Romain Hall, oenologue de formation et 6e g\u00e9n\u00e9ration, g\u00e8re 25 hectares de terres dans l'appellation Beaumes-de-Venise, au pied des Dentelles de Montmirail.\n<br><br>\nLe domaine se concentre sur le Muscat Petits Grains, produisant le c\u00e9l\u00e8bre Muscat de Beaumes-de-Venise (15 hectares), tandis que 10 hectares sont d\u00e9di\u00e9s \u00e0 la production de vin rouge pour l'AOC Beaumes-de-Venise.\n<br><br>\nEn transition vers l'agriculture biologique, le domaine met l'accent sur la protection du terroir et de la biodiversit\u00e9 \u00e0 travers des pratiques durables telles que l'enherbement des sols et la plantation d'arbres locaux.<\/span><\/font><\/span><\/span><\/h3>\t\t\t\t<\/div>\n\t\t\t\t<\/div>\n\t\t\t\t<div class=\"elementor-element elementor-element-86bab52 elementor-widget elementor-widget-image\" data-id=\"86bab52\" data-element_type=\"widget\" data-e-type=\"widget\" data-widget_type=\"image.default\">\n\t\t\t\t<div class=\"elementor-widget-container\">\n\t\t\t\t\t\t\t\t\t\t\t\t\t\t\t<img decoding=\"async\" width=\"300\" height=\"127\" src=\"https:\/\/f-wines.com\/wp-content\/uploads\/2025\/01\/Logos-domaines-meme-taille-1-300x127.png\" class=\"attachment-medium size-medium wp-image-2985\" alt=\"\" srcset=\"https:\/\/f-wines.com\/wp-content\/uploads\/2025\/01\/Logos-domaines-meme-taille-1-300x127.png 300w, https:\/\/f-wines.com\/wp-content\/uploads\/2025\/01\/Logos-domaines-meme-taille-1-1024x432.png 1024w, https:\/\/f-wines.com\/wp-content\/uploads\/2025\/01\/Logos-domaines-meme-taille-1-768x324.png 768w, https:\/\/f-wines.com\/wp-content\/uploads\/2025\/01\/Logos-domaines-meme-taille-1-18x8.png 18w, https:\/\/f-wines.com\/wp-content\/uploads\/2025\/01\/Logos-domaines-meme-taille-1.png 1075w\" sizes=\"(max-width: 300px) 100vw, 300px\" \/>\t\t\t\t\t\t\t\t\t\t\t\t\t\t\t<\/div>\n\t\t\t\t<\/div>\n\t\t\t\t\t<\/div>\n\t\t<\/div>\n\t\t\t\t\t<\/div>\n\t\t<\/section>\n\t\t\t\t\t<\/div>\n\t\t<\/div>\n\t\t\t\t\t<\/div>\n\t\t<\/section>\n\t\t<div class=\"elementor-element elementor-element-5b4ff68b e-flex e-con-boxed e-con e-parent\" data-id=\"5b4ff68b\" data-element_type=\"container\" data-e-type=\"container\">\n\t\t\t\t\t<div class=\"e-con-inner\">\n\t\t\t\t<div class=\"elementor-element elementor-element-4aa60bb6 elementor-widget elementor-widget-image-gallery\" data-id=\"4aa60bb6\" data-element_type=\"widget\" data-e-type=\"widget\" data-widget_type=\"image-gallery.default\">\n\t\t\t\t<div class=\"elementor-widget-container\">\n\t\t\t\t\t\t\t<div class=\"elementor-image-gallery\">\n\t\t\t<div id='gallery-1' class='gallery galleryid-2978 gallery-columns-4 gallery-size-full'><figure class='gallery-item'>\n\t\t\t<div class='gallery-icon portrait'>\n\t\t\t\t<img fetchpriority=\"high\" decoding=\"async\" width=\"1707\" height=\"2560\" src=\"https:\/\/f-wines.com\/wp-content\/uploads\/2025\/01\/140.png\" class=\"attachment-full size-full\" alt=\"\" srcset=\"https:\/\/f-wines.com\/wp-content\/uploads\/2025\/01\/140.png 1707w, https:\/\/f-wines.com\/wp-content\/uploads\/2025\/01\/140-200x300.png 200w, https:\/\/f-wines.com\/wp-content\/uploads\/2025\/01\/140-683x1024.png 683w, https:\/\/f-wines.com\/wp-content\/uploads\/2025\/01\/140-768x1152.png 768w, https:\/\/f-wines.com\/wp-content\/uploads\/2025\/01\/140-1024x1536.png 1024w, https:\/\/f-wines.com\/wp-content\/uploads\/2025\/01\/140-1366x2048.png 1366w, https:\/\/f-wines.com\/wp-content\/uploads\/2025\/01\/140-8x12.png 8w\" sizes=\"(max-width: 1707px) 100vw, 1707px\" \/>\n\t\t\t<\/div><\/figure><figure class='gallery-item'>\n\t\t\t<div class='gallery-icon portrait'>\n\t\t\t\t<img decoding=\"async\" width=\"1707\" height=\"2560\" src=\"https:\/\/f-wines.com\/wp-content\/uploads\/2025\/01\/139.png\" class=\"attachment-full size-full\" alt=\"\" srcset=\"https:\/\/f-wines.com\/wp-content\/uploads\/2025\/01\/139.png 1707w, https:\/\/f-wines.com\/wp-content\/uploads\/2025\/01\/139-200x300.png 200w, https:\/\/f-wines.com\/wp-content\/uploads\/2025\/01\/139-683x1024.png 683w, https:\/\/f-wines.com\/wp-content\/uploads\/2025\/01\/139-768x1152.png 768w, https:\/\/f-wines.com\/wp-content\/uploads\/2025\/01\/139-1024x1536.png 1024w, https:\/\/f-wines.com\/wp-content\/uploads\/2025\/01\/139-1366x2048.png 1366w, https:\/\/f-wines.com\/wp-content\/uploads\/2025\/01\/139-8x12.png 8w\" sizes=\"(max-width: 1707px) 100vw, 1707px\" \/>\n\t\t\t<\/div><\/figure><figure class='gallery-item'>\n\t\t\t<div class='gallery-icon portrait'>\n\t\t\t\t<img loading=\"lazy\" decoding=\"async\" width=\"1707\" height=\"2560\" src=\"https:\/\/f-wines.com\/wp-content\/uploads\/2025\/01\/Design-sans-titre-2.png\" class=\"attachment-full size-full\" alt=\"\" srcset=\"https:\/\/f-wines.com\/wp-content\/uploads\/2025\/01\/Design-sans-titre-2.png 1707w, https:\/\/f-wines.com\/wp-content\/uploads\/2025\/01\/Design-sans-titre-2-200x300.png 200w, https:\/\/f-wines.com\/wp-content\/uploads\/2025\/01\/Design-sans-titre-2-683x1024.png 683w, https:\/\/f-wines.com\/wp-content\/uploads\/2025\/01\/Design-sans-titre-2-768x1152.png 768w, https:\/\/f-wines.com\/wp-content\/uploads\/2025\/01\/Design-sans-titre-2-1024x1536.png 1024w, https:\/\/f-wines.com\/wp-content\/uploads\/2025\/01\/Design-sans-titre-2-1366x2048.png 1366w, https:\/\/f-wines.com\/wp-content\/uploads\/2025\/01\/Design-sans-titre-2-8x12.png 8w\" sizes=\"(max-width: 1707px) 100vw, 1707px\" \/>\n\t\t\t<\/div><\/figure><figure class='gallery-item'>\n\t\t\t<div class='gallery-icon portrait'>\n\t\t\t\t<img loading=\"lazy\" decoding=\"async\" width=\"1707\" height=\"2560\" src=\"https:\/\/f-wines.com\/wp-content\/uploads\/2025\/01\/137.png\" class=\"attachment-full size-full\" alt=\"\" srcset=\"https:\/\/f-wines.com\/wp-content\/uploads\/2025\/01\/137.png 1707w, https:\/\/f-wines.com\/wp-content\/uploads\/2025\/01\/137-200x300.png 200w, https:\/\/f-wines.com\/wp-content\/uploads\/2025\/01\/137-683x1024.png 683w, https:\/\/f-wines.com\/wp-content\/uploads\/2025\/01\/137-768x1152.png 768w, https:\/\/f-wines.com\/wp-content\/uploads\/2025\/01\/137-1024x1536.png 1024w, https:\/\/f-wines.com\/wp-content\/uploads\/2025\/01\/137-1366x2048.png 1366w, https:\/\/f-wines.com\/wp-content\/uploads\/2025\/01\/137-8x12.png 8w\" sizes=\"(max-width: 1707px) 100vw, 1707px\" \/>\n\t\t\t<\/div><\/figure>\n\t\t<\/div>\n\t\t<\/div>\n\t\t\t\t\t\t<\/div>\n\t\t\t\t<\/div>\n\t\t\t\t\t<\/div>\n\t\t\t\t<\/div>\n\t\t<div class=\"elementor-element elementor-element-1b63fc02 e-flex e-con-boxed e-con e-parent\" data-id=\"1b63fc02\" data-element_type=\"container\" data-e-type=\"container\">\n\t\t\t\t\t<div class=\"e-con-inner\">\n\t\t\t\t<div class=\"elementor-element elementor-element-6f54d24c elementor-widget elementor-widget-text-editor\" data-id=\"6f54d24c\" data-element_type=\"widget\" data-e-type=\"widget\" data-widget_type=\"text-editor.default\">\n\t\t\t\t<div class=\"elementor-widget-container\">\n\t\t\t\t\t\t\t\t\t<p>Pour plus d'informations sur les disponibilit\u00e9s export du <strong>Domaines Des Bernardins<\/strong>\u00a0contactez-nous \u00e0 <span style=\"text-decoration: underline;\"><a href=\"mailto:contact@f-wines.com\">contact@f-wines.com<\/a><\/span><\/p>\t\t\t\t\t\t\t\t<\/div>\n\t\t\t\t<\/div>\n\t\t\t\t\t<\/div>\n\t\t\t\t<\/div>\n\t\t<div class=\"elementor-element elementor-element-42b9882c e-flex e-con-boxed e-con e-parent\" data-id=\"42b9882c\" data-element_type=\"container\" data-e-type=\"container\">\n\t\t\t\t\t<div class=\"e-con-inner\">\n\t\t\t\t\t<\/div>\n\t\t\t\t<\/div>\n\t\t\t\t<\/div>","protected":false},"excerpt":{"rendered":"<p>AOC BEAUMES-DE-VENISE Back Next Producer Domaine des Bernardins, once owned by Bernardin monks, became a family-run vineyard in the early 19th century. Today, Romain Hall, oenologist by academic training and sixth-generation owner, manages 25 hectares of land in the Beaumes-de-Venise appellation, at the foot of the Dentelles de Montmirail. The estate focuses on Muscat Petits [&hellip;]<\/p>\n","protected":false},"author":2,"featured_media":0,"parent":0,"menu_order":0,"comment_status":"closed","ping_status":"closed","template":"","meta":{"footnotes":""},"folder":[],"class_list":["post-2978","page","type-page","status-publish","hentry"],"aioseo_notices":[],"jetpack_sharing_enabled":true,"_links":{"self":[{"href":"https:\/\/f-wines.com\/fr\/wp-json\/wp\/v2\/pages\/2978","targetHints":{"allow":["GET"]}}],"collection":[{"href":"https:\/\/f-wines.com\/fr\/wp-json\/wp\/v2\/pages"}],"about":[{"href":"https:\/\/f-wines.com\/fr\/wp-json\/wp\/v2\/types\/page"}],"author":[{"embeddable":true,"href":"https:\/\/f-wines.com\/fr\/wp-json\/wp\/v2\/users\/2"}],"replies":[{"embeddable":true,"href":"https:\/\/f-wines.com\/fr\/wp-json\/wp\/v2\/comments?post=2978"}],"version-history":[{"count":69,"href":"https:\/\/f-wines.com\/fr\/wp-json\/wp\/v2\/pages\/2978\/revisions"}],"predecessor-version":[{"id":3269,"href":"https:\/\/f-wines.com\/fr\/wp-json\/wp\/v2\/pages\/2978\/revisions\/3269"}],"wp:attachment":[{"href":"https:\/\/f-wines.com\/fr\/wp-json\/wp\/v2\/media?parent=2978"}],"wp:term":[{"taxonomy":"folder","embeddable":true,"href":"https:\/\/f-wines.com\/fr\/wp-json\/wp\/v2\/folder?post=2978"}],"curies":[{"name":"wp","href":"https:\/\/api.w.org\/{rel}","templated":true}]}}