{"id":3037,"date":"2025-05-08T18:11:30","date_gmt":"2025-05-08T18:11:30","guid":{"rendered":"https:\/\/f-wines.com\/?page_id=3037"},"modified":"2025-05-08T18:47:09","modified_gmt":"2025-05-08T18:47:09","slug":"chateau-de-chambert","status":"publish","type":"page","link":"https:\/\/f-wines.com\/fr\/chateau-de-chambert\/","title":{"rendered":"CH\u00c2TEAU DE CHAMBERT"},"content":{"rendered":"<div data-elementor-type=\"wp-page\" data-elementor-id=\"3037\" class=\"elementor elementor-3037\">\n\t\t\t\t<div class=\"elementor-element elementor-element-499c0f35 e-flex e-con-boxed e-con e-parent\" data-id=\"499c0f35\" data-element_type=\"container\" data-e-type=\"container\">\n\t\t\t\t\t<div class=\"e-con-inner\">\n\t\t\t\t<div class=\"elementor-element elementor-element-452de157 elementor-widget elementor-widget-heading\" data-id=\"452de157\" data-element_type=\"widget\" data-e-type=\"widget\" data-widget_type=\"heading.default\">\n\t\t\t\t<div class=\"elementor-widget-container\">\n\t\t\t\t\t<h2 class=\"elementor-heading-title elementor-size-default\">AOC CAHORS<\/h2>\t\t\t\t<\/div>\n\t\t\t\t<\/div>\n\t\t\t\t\t<\/div>\n\t\t\t\t<\/div>\n\t\t<div class=\"elementor-element elementor-element-4390da7a e-flex e-con-boxed e-con e-parent\" data-id=\"4390da7a\" data-element_type=\"container\" data-e-type=\"container\">\n\t\t\t\t\t<div class=\"e-con-inner\">\n\t\t<div class=\"elementor-element elementor-element-6d7b552e e-con-full e-flex e-con e-child\" data-id=\"6d7b552e\" data-element_type=\"container\" data-e-type=\"container\">\n\t\t\t\t<div class=\"elementor-element elementor-element-2727e498 hvr-shrink elementor-widget elementor-widget-button\" data-id=\"2727e498\" data-element_type=\"widget\" data-e-type=\"widget\" data-widget_type=\"button.default\">\n\t\t\t\t<div class=\"elementor-widget-container\">\n\t\t\t\t\t\t\t\t\t<div class=\"elementor-button-wrapper\">\n\t\t\t\t\t<a class=\"elementor-button elementor-button-link elementor-size-sm\" href=\"https:\/\/f-wines.com\/fr\/our-partners\/\">\n\t\t\t\t\t\t<span class=\"elementor-button-content-wrapper\">\n\t\t\t\t\t\t<span class=\"elementor-button-icon\">\n\t\t\t\t<svg aria-hidden=\"true\" class=\"e-font-icon-svg e-far-arrow-alt-circle-left\" viewbox=\"0 0 512 512\" xmlns=\"http:\/\/www.w3.org\/2000\/svg\"><path d=\"M8 256c0 137 111 248 248 248s248-111 248-248S393 8 256 8 8 119 8 256zm448 0c0 110.5-89.5 200-200 200S56 366.5 56 256 145.5 56 256 56s200 89.5 200 200zm-72-20v40c0 6.6-5.4 12-12 12H256v67c0 10.7-12.9 16-20.5 8.5l-99-99c-4.7-4.7-4.7-12.3 0-17l99-99c7.6-7.6 20.5-2.2 20.5 8.5v67h116c6.6 0 12 5.4 12 12z\"><\/path><\/svg>\t\t\t<\/span>\n\t\t\t\t\t\t\t\t\t<span class=\"elementor-button-text\"><u>Retour<\/u><\/span>\n\t\t\t\t\t<\/span>\n\t\t\t\t\t<\/a>\n\t\t\t\t<\/div>\n\t\t\t\t\t\t\t\t<\/div>\n\t\t\t\t<\/div>\n\t\t\t\t<\/div>\n\t\t<div class=\"elementor-element elementor-element-4311fcae e-con-full e-flex e-con e-child\" data-id=\"4311fcae\" data-element_type=\"container\" data-e-type=\"container\">\n\t\t\t\t<div class=\"elementor-element elementor-element-4da2d379 elementor-align-right hvr-shrink elementor-widget elementor-widget-button\" data-id=\"4da2d379\" data-element_type=\"widget\" data-e-type=\"widget\" data-widget_type=\"button.default\">\n\t\t\t\t<div class=\"elementor-widget-container\">\n\t\t\t\t\t\t\t\t\t<div class=\"elementor-button-wrapper\">\n\t\t\t\t\t<a class=\"elementor-button elementor-button-link elementor-size-sm\" href=\"https:\/\/f-wines.com\/fr\/chateau-veyran\/\">\n\t\t\t\t\t\t<span class=\"elementor-button-content-wrapper\">\n\t\t\t\t\t\t<span class=\"elementor-button-icon\">\n\t\t\t\t<svg aria-hidden=\"true\" class=\"e-font-icon-svg e-far-arrow-alt-circle-right\" viewbox=\"0 0 512 512\" xmlns=\"http:\/\/www.w3.org\/2000\/svg\"><path d=\"M504 256C504 119 393 8 256 8S8 119 8 256s111 248 248 248 248-111 248-248zm-448 0c0-110.5 89.5-200 200-200s200 89.5 200 200-89.5 200-200 200S56 366.5 56 256zm72 20v-40c0-6.6 5.4-12 12-12h116v-67c0-10.7 12.9-16 20.5-8.5l99 99c4.7 4.7 4.7 12.3 0 17l-99 99c-7.6 7.6-20.5 2.2-20.5-8.5v-67H140c-6.6 0-12-5.4-12-12z\"><\/path><\/svg>\t\t\t<\/span>\n\t\t\t\t\t\t\t\t\t<span class=\"elementor-button-text\"><u>Prochain domaine<\/u><\/span>\n\t\t\t\t\t<\/span>\n\t\t\t\t\t<\/a>\n\t\t\t\t<\/div>\n\t\t\t\t\t\t\t\t<\/div>\n\t\t\t\t<\/div>\n\t\t\t\t<\/div>\n\t\t\t\t\t<\/div>\n\t\t\t\t<\/div>\n\t\t\t\t<section class=\"elementor-section elementor-top-section elementor-element elementor-element-2f751e4e elementor-section-boxed elementor-section-height-default elementor-section-height-default\" data-id=\"2f751e4e\" data-element_type=\"section\" data-e-type=\"section\" data-settings=\"{&quot;background_background&quot;:&quot;classic&quot;}\">\n\t\t\t\t\t\t<div class=\"elementor-container elementor-column-gap-no\">\n\t\t\t\t\t<div class=\"elementor-column elementor-col-100 elementor-top-column elementor-element elementor-element-77966a5f\" data-id=\"77966a5f\" data-element_type=\"column\" data-e-type=\"column\">\n\t\t\t<div class=\"elementor-widget-wrap elementor-element-populated\">\n\t\t\t\t\t\t<section class=\"elementor-section elementor-inner-section elementor-element elementor-element-1224dff8 elementor-section-boxed elementor-section-height-default elementor-section-height-default\" data-id=\"1224dff8\" data-element_type=\"section\" data-e-type=\"section\" data-settings=\"{&quot;background_background&quot;:&quot;classic&quot;}\">\n\t\t\t\t\t\t<div class=\"elementor-container elementor-column-gap-no\">\n\t\t\t\t\t<div class=\"elementor-column elementor-col-50 elementor-inner-column elementor-element elementor-element-2d502e4c\" data-id=\"2d502e4c\" data-element_type=\"column\" data-e-type=\"column\">\n\t\t\t<div class=\"elementor-widget-wrap elementor-element-populated\">\n\t\t\t\t\t\t<div class=\"elementor-element elementor-element-61fccd55 elementor-view-default elementor-widget elementor-widget-icon\" data-id=\"61fccd55\" data-element_type=\"widget\" data-e-type=\"widget\" data-widget_type=\"icon.default\">\n\t\t\t\t<div class=\"elementor-widget-container\">\n\t\t\t\t\t\t\t<div class=\"elementor-icon-wrapper\">\n\t\t\t<div class=\"elementor-icon\">\n\t\t\t<svg aria-hidden=\"true\" class=\"e-font-icon-svg e-fas-quote-left\" viewbox=\"0 0 512 512\" xmlns=\"http:\/\/www.w3.org\/2000\/svg\"><path d=\"M464 256h-80v-64c0-35.3 28.7-64 64-64h8c13.3 0 24-10.7 24-24V56c0-13.3-10.7-24-24-24h-8c-88.4 0-160 71.6-160 160v240c0 26.5 21.5 48 48 48h128c26.5 0 48-21.5 48-48V304c0-26.5-21.5-48-48-48zm-288 0H96v-64c0-35.3 28.7-64 64-64h8c13.3 0 24-10.7 24-24V56c0-13.3-10.7-24-24-24h-8C71.6 32 0 103.6 0 192v240c0 26.5 21.5 48 48 48h128c26.5 0 48-21.5 48-48V304c0-26.5-21.5-48-48-48z\"><\/path><\/svg>\t\t\t<\/div>\n\t\t<\/div>\n\t\t\t\t\t\t<\/div>\n\t\t\t\t<\/div>\n\t\t\t\t\t<\/div>\n\t\t<\/div>\n\t\t\t\t<div class=\"elementor-column elementor-col-50 elementor-inner-column elementor-element elementor-element-46e4abee\" data-id=\"46e4abee\" data-element_type=\"column\" data-e-type=\"column\">\n\t\t\t<div class=\"elementor-widget-wrap elementor-element-populated\">\n\t\t\t\t\t\t<div class=\"elementor-element elementor-element-56506070 elementor-widget elementor-widget-heading\" data-id=\"56506070\" data-element_type=\"widget\" data-e-type=\"widget\" data-widget_type=\"heading.default\">\n\t\t\t\t<div class=\"elementor-widget-container\">\n\t\t\t\t\t<h3 class=\"elementor-heading-title elementor-size-medium\"><span><p dir=\"ltr\" style=\"font-weight: normal;line-height: 1.38;margin-top: 0pt;margin-bottom: 0pt\"><span style=\"font-size: 14.6667px;font-family: Montserrat;font-weight: var( --e-global-typography-primary-font-weight )\">Ch\u00e2teau de Chambert, the largest organic and biodynamic vineyard in Cahors, recognized among the Top 50 World's Best Wines.<\/span><\/p><\/span><br><span style=\"font-weight: normal\"><span><font color=\"#000000\" face=\"Montserrat\"><span style=\"font-size: 14.6667px\">Depuis 2007, sous la direction de Philippe Lejeune, qui a succ\u00e9d\u00e9 \u00e0 la famille Delgoulet, le domaine cultive l'int\u00e9gralit\u00e9 de ses 65 hectares en biodynamie, obtenant la certification biologique (Ecocert) en 2009 et la certification biodynamique (Demeter) en 2012. <br><br>Leurs cuv\u00e9es incluent des vins fruit\u00e9s et accessibles ainsi que des crus prestigieux de haute gastronomie. Tous leurs vins se caract\u00e9risent par des tanins soyeux, une acidit\u00e9 \u00e9quilibr\u00e9e et une harmonie parfaite, offrant fra\u00eecheur et \u00e9l\u00e9gance.  <\/span><\/font><\/span><br><br><span><font color=\"#000000\" face=\"Montserrat\"><span style=\"font-size: 14.6667px\">Vinifi\u00e9s avec des levures indig\u00e8nes et de faibles doses de SO2, les vins parlent d'eux-m\u00eames, mettant en valeur l'unicit\u00e9 de leurs terroirs et la qualit\u00e9 de leurs raisins.<\/span><\/font><\/span><\/span><\/h3>\t\t\t\t<\/div>\n\t\t\t\t<\/div>\n\t\t\t\t<div class=\"elementor-element elementor-element-7b0a9268 elementor-widget elementor-widget-image\" data-id=\"7b0a9268\" data-element_type=\"widget\" data-e-type=\"widget\" data-widget_type=\"image.default\">\n\t\t\t\t<div class=\"elementor-widget-container\">\n\t\t\t\t\t\t\t\t\t\t\t\t\t\t\t<img decoding=\"async\" width=\"300\" height=\"127\" src=\"https:\/\/f-wines.com\/wp-content\/uploads\/2025\/05\/Logos-domaines-meme-taille-300x127.png\" class=\"attachment-medium size-medium wp-image-3040\" alt=\"\" srcset=\"https:\/\/f-wines.com\/wp-content\/uploads\/2025\/05\/Logos-domaines-meme-taille-300x127.png 300w, https:\/\/f-wines.com\/wp-content\/uploads\/2025\/05\/Logos-domaines-meme-taille-1024x432.png 1024w, https:\/\/f-wines.com\/wp-content\/uploads\/2025\/05\/Logos-domaines-meme-taille-768x324.png 768w, https:\/\/f-wines.com\/wp-content\/uploads\/2025\/05\/Logos-domaines-meme-taille-18x8.png 18w, https:\/\/f-wines.com\/wp-content\/uploads\/2025\/05\/Logos-domaines-meme-taille.png 1075w\" sizes=\"(max-width: 300px) 100vw, 300px\" \/>\t\t\t\t\t\t\t\t\t\t\t\t\t\t\t<\/div>\n\t\t\t\t<\/div>\n\t\t\t\t\t<\/div>\n\t\t<\/div>\n\t\t\t\t\t<\/div>\n\t\t<\/section>\n\t\t\t\t\t<\/div>\n\t\t<\/div>\n\t\t\t\t\t<\/div>\n\t\t<\/section>\n\t\t<div class=\"elementor-element elementor-element-2cc9ddc1 e-flex e-con-boxed e-con e-parent\" data-id=\"2cc9ddc1\" data-element_type=\"container\" data-e-type=\"container\">\n\t\t\t\t\t<div class=\"e-con-inner\">\n\t\t\t\t<div class=\"elementor-element elementor-element-3a3ae170 elementor-widget elementor-widget-image-gallery\" data-id=\"3a3ae170\" data-element_type=\"widget\" data-e-type=\"widget\" data-widget_type=\"image-gallery.default\">\n\t\t\t\t<div class=\"elementor-widget-container\">\n\t\t\t\t\t\t\t<div class=\"elementor-image-gallery\">\n\t\t\t<div id='gallery-2' class='gallery galleryid-3037 gallery-columns-4 gallery-size-full'><figure class='gallery-item'>\n\t\t\t<div class='gallery-icon portrait'>\n\t\t\t\t<img fetchpriority=\"high\" decoding=\"async\" width=\"1707\" height=\"2560\" src=\"https:\/\/f-wines.com\/wp-content\/uploads\/2025\/05\/146.png\" class=\"attachment-full size-full\" alt=\"\" srcset=\"https:\/\/f-wines.com\/wp-content\/uploads\/2025\/05\/146.png 1707w, https:\/\/f-wines.com\/wp-content\/uploads\/2025\/05\/146-200x300.png 200w, https:\/\/f-wines.com\/wp-content\/uploads\/2025\/05\/146-683x1024.png 683w, https:\/\/f-wines.com\/wp-content\/uploads\/2025\/05\/146-768x1152.png 768w, https:\/\/f-wines.com\/wp-content\/uploads\/2025\/05\/146-1024x1536.png 1024w, https:\/\/f-wines.com\/wp-content\/uploads\/2025\/05\/146-1366x2048.png 1366w, https:\/\/f-wines.com\/wp-content\/uploads\/2025\/05\/146-8x12.png 8w\" sizes=\"(max-width: 1707px) 100vw, 1707px\" \/>\n\t\t\t<\/div><\/figure><figure class='gallery-item'>\n\t\t\t<div class='gallery-icon portrait'>\n\t\t\t\t<img decoding=\"async\" width=\"1707\" height=\"2560\" src=\"https:\/\/f-wines.com\/wp-content\/uploads\/2025\/05\/142.png\" class=\"attachment-full size-full\" alt=\"\" srcset=\"https:\/\/f-wines.com\/wp-content\/uploads\/2025\/05\/142.png 1707w, https:\/\/f-wines.com\/wp-content\/uploads\/2025\/05\/142-200x300.png 200w, https:\/\/f-wines.com\/wp-content\/uploads\/2025\/05\/142-683x1024.png 683w, https:\/\/f-wines.com\/wp-content\/uploads\/2025\/05\/142-768x1152.png 768w, https:\/\/f-wines.com\/wp-content\/uploads\/2025\/05\/142-1024x1536.png 1024w, https:\/\/f-wines.com\/wp-content\/uploads\/2025\/05\/142-1366x2048.png 1366w, https:\/\/f-wines.com\/wp-content\/uploads\/2025\/05\/142-8x12.png 8w\" sizes=\"(max-width: 1707px) 100vw, 1707px\" \/>\n\t\t\t<\/div><\/figure><figure class='gallery-item'>\n\t\t\t<div class='gallery-icon portrait'>\n\t\t\t\t<img loading=\"lazy\" decoding=\"async\" width=\"1707\" height=\"2560\" src=\"https:\/\/f-wines.com\/wp-content\/uploads\/2025\/05\/144.png\" class=\"attachment-full size-full\" alt=\"\" srcset=\"https:\/\/f-wines.com\/wp-content\/uploads\/2025\/05\/144.png 1707w, https:\/\/f-wines.com\/wp-content\/uploads\/2025\/05\/144-200x300.png 200w, https:\/\/f-wines.com\/wp-content\/uploads\/2025\/05\/144-683x1024.png 683w, https:\/\/f-wines.com\/wp-content\/uploads\/2025\/05\/144-768x1152.png 768w, https:\/\/f-wines.com\/wp-content\/uploads\/2025\/05\/144-1024x1536.png 1024w, https:\/\/f-wines.com\/wp-content\/uploads\/2025\/05\/144-1366x2048.png 1366w, https:\/\/f-wines.com\/wp-content\/uploads\/2025\/05\/144-8x12.png 8w\" sizes=\"(max-width: 1707px) 100vw, 1707px\" \/>\n\t\t\t<\/div><\/figure><figure class='gallery-item'>\n\t\t\t<div class='gallery-icon portrait'>\n\t\t\t\t<img loading=\"lazy\" decoding=\"async\" width=\"1707\" height=\"2560\" src=\"https:\/\/f-wines.com\/wp-content\/uploads\/2025\/05\/141.png\" class=\"attachment-full size-full\" alt=\"\" srcset=\"https:\/\/f-wines.com\/wp-content\/uploads\/2025\/05\/141.png 1707w, https:\/\/f-wines.com\/wp-content\/uploads\/2025\/05\/141-200x300.png 200w, https:\/\/f-wines.com\/wp-content\/uploads\/2025\/05\/141-683x1024.png 683w, https:\/\/f-wines.com\/wp-content\/uploads\/2025\/05\/141-768x1152.png 768w, https:\/\/f-wines.com\/wp-content\/uploads\/2025\/05\/141-1024x1536.png 1024w, https:\/\/f-wines.com\/wp-content\/uploads\/2025\/05\/141-1366x2048.png 1366w, https:\/\/f-wines.com\/wp-content\/uploads\/2025\/05\/141-8x12.png 8w\" sizes=\"(max-width: 1707px) 100vw, 1707px\" \/>\n\t\t\t<\/div><\/figure>\n\t\t<\/div>\n\t\t<\/div>\n\t\t\t\t\t\t<\/div>\n\t\t\t\t<\/div>\n\t\t\t\t\t<\/div>\n\t\t\t\t<\/div>\n\t\t<div class=\"elementor-element elementor-element-4f727d59 e-flex e-con-boxed e-con e-parent\" data-id=\"4f727d59\" data-element_type=\"container\" data-e-type=\"container\">\n\t\t\t\t\t<div class=\"e-con-inner\">\n\t\t\t\t<div class=\"elementor-element elementor-element-6ca14550 elementor-widget elementor-widget-text-editor\" data-id=\"6ca14550\" data-element_type=\"widget\" data-e-type=\"widget\" data-widget_type=\"text-editor.default\">\n\t\t\t\t<div class=\"elementor-widget-container\">\n\t\t\t\t\t\t\t\t\t<p>Pour plus d'informations sur les disponibilit\u00e9s export du <strong>Ch\u00e2teau de Chambert<\/strong> contactez-nous \u00e0 <span style=\"text-decoration: underline;\"><a href=\"mailto:contact@f-wines.com\">contact@f-wines.com<\/a><\/span><\/p>\t\t\t\t\t\t\t\t<\/div>\n\t\t\t\t<\/div>\n\t\t\t\t\t<\/div>\n\t\t\t\t<\/div>\n\t\t\t\t<\/div>","protected":false},"excerpt":{"rendered":"<p>AOC CAHORS Back Next Producer Ch\u00e2teau de Chambert, the largest organic and biodynamic vineyard in Cahors, recognized among the Top 50 World&#8217;s Best Wines. Since 2007, under the leadership of Philippe Lejeune, who succeeded the Delgoulet family, the estate has been cultivating all 65 hectares biodynamically, achieving Organic certification (Ecocert) in 2009 and Biodynamic certification [&hellip;]<\/p>\n","protected":false},"author":2,"featured_media":0,"parent":0,"menu_order":0,"comment_status":"closed","ping_status":"closed","template":"","meta":{"footnotes":""},"folder":[],"class_list":["post-3037","page","type-page","status-publish","hentry"],"aioseo_notices":[],"jetpack_sharing_enabled":true,"_links":{"self":[{"href":"https:\/\/f-wines.com\/fr\/wp-json\/wp\/v2\/pages\/3037","targetHints":{"allow":["GET"]}}],"collection":[{"href":"https:\/\/f-wines.com\/fr\/wp-json\/wp\/v2\/pages"}],"about":[{"href":"https:\/\/f-wines.com\/fr\/wp-json\/wp\/v2\/types\/page"}],"author":[{"embeddable":true,"href":"https:\/\/f-wines.com\/fr\/wp-json\/wp\/v2\/users\/2"}],"replies":[{"embeddable":true,"href":"https:\/\/f-wines.com\/fr\/wp-json\/wp\/v2\/comments?post=3037"}],"version-history":[{"count":4,"href":"https:\/\/f-wines.com\/fr\/wp-json\/wp\/v2\/pages\/3037\/revisions"}],"predecessor-version":[{"id":3052,"href":"https:\/\/f-wines.com\/fr\/wp-json\/wp\/v2\/pages\/3037\/revisions\/3052"}],"wp:attachment":[{"href":"https:\/\/f-wines.com\/fr\/wp-json\/wp\/v2\/media?parent=3037"}],"wp:term":[{"taxonomy":"folder","embeddable":true,"href":"https:\/\/f-wines.com\/fr\/wp-json\/wp\/v2\/folder?post=3037"}],"curies":[{"name":"wp","href":"https:\/\/api.w.org\/{rel}","templated":true}]}}