{"id":361,"date":"2024-06-06T18:16:24","date_gmt":"2024-06-06T18:16:24","guid":{"rendered":"https:\/\/f-wines.com\/?page_id=361"},"modified":"2024-09-27T11:00:11","modified_gmt":"2024-09-27T11:00:11","slug":"the-team","status":"publish","type":"page","link":"https:\/\/f-wines.com\/fr\/the-team\/","title":{"rendered":"L'\u00e9quipe"},"content":{"rendered":"<div data-elementor-type=\"wp-page\" data-elementor-id=\"361\" class=\"elementor elementor-361\">\n\t\t\t\t\t\t<section class=\"elementor-section elementor-top-section elementor-element elementor-element-oeztiia elementor-section-boxed elementor-section-height-default elementor-section-height-default\" data-id=\"oeztiia\" data-element_type=\"section\" data-e-type=\"section\" data-settings=\"{&quot;background_background&quot;:&quot;classic&quot;}\">\n\t\t\t\t\t\t<div class=\"elementor-container elementor-column-gap-default\">\n\t\t\t\t\t<div class=\"elementor-column elementor-col-100 elementor-top-column elementor-element elementor-element-4951cb9\" data-id=\"4951cb9\" data-element_type=\"column\" data-e-type=\"column\">\n\t\t\t<div class=\"elementor-widget-wrap elementor-element-populated\">\n\t\t\t\t\t\t<section class=\"elementor-section elementor-inner-section elementor-element elementor-element-d490686 elementor-section-content-middle elementor-section-boxed elementor-section-height-default elementor-section-height-default\" data-id=\"d490686\" data-element_type=\"section\" data-e-type=\"section\" data-settings=\"{&quot;background_background&quot;:&quot;classic&quot;}\">\n\t\t\t\t\t\t<div class=\"elementor-container elementor-column-gap-default\">\n\t\t\t\t\t<div class=\"elementor-column elementor-col-100 elementor-inner-column elementor-element elementor-element-e7f6f4a\" data-id=\"e7f6f4a\" data-element_type=\"column\" data-e-type=\"column\">\n\t\t\t<div class=\"elementor-widget-wrap elementor-element-populated\">\n\t\t\t\t\t\t<div class=\"elementor-element elementor-element-804c0c5 elementor-widget elementor-widget-heading\" data-id=\"804c0c5\" data-element_type=\"widget\" data-e-type=\"widget\" data-widget_type=\"heading.default\">\n\t\t\t\t<div class=\"elementor-widget-container\">\n\t\t\t\t\t<h5 class=\"elementor-heading-title elementor-size-default\">Manon FLORES<\/h5>\t\t\t\t<\/div>\n\t\t\t\t<\/div>\n\t\t\t\t<div class=\"elementor-element elementor-element-c16ae60 elementor-widget elementor-widget-heading\" data-id=\"c16ae60\" data-element_type=\"widget\" data-e-type=\"widget\" data-widget_type=\"heading.default\">\n\t\t\t\t<div class=\"elementor-widget-container\">\n\t\t\t\t\t<div class=\"elementor-heading-title elementor-size-small\">Fondatrice &amp; Pr\u00e9sidente<\/div>\t\t\t\t<\/div>\n\t\t\t\t<\/div>\n\t\t\t\t<div class=\"elementor-element elementor-element-9be1d62 elementor-widget elementor-widget-image\" data-id=\"9be1d62\" data-element_type=\"widget\" data-e-type=\"widget\" data-widget_type=\"image.default\">\n\t\t\t\t<div class=\"elementor-widget-container\">\n\t\t\t\t\t\t\t\t\t\t\t\t\t\t\t<img fetchpriority=\"high\" decoding=\"async\" width=\"292\" height=\"300\" src=\"https:\/\/f-wines.com\/wp-content\/uploads\/2024\/09\/46349029_10215142559051826_6130115575000596480_n-2-292x300.jpg\" class=\"attachment-medium size-medium wp-image-2854\" alt=\"\" srcset=\"https:\/\/f-wines.com\/wp-content\/uploads\/2024\/09\/46349029_10215142559051826_6130115575000596480_n-2-292x300.jpg 292w, https:\/\/f-wines.com\/wp-content\/uploads\/2024\/09\/46349029_10215142559051826_6130115575000596480_n-2-997x1024.jpg 997w, https:\/\/f-wines.com\/wp-content\/uploads\/2024\/09\/46349029_10215142559051826_6130115575000596480_n-2-768x788.jpg 768w, https:\/\/f-wines.com\/wp-content\/uploads\/2024\/09\/46349029_10215142559051826_6130115575000596480_n-2-12x12.jpg 12w, https:\/\/f-wines.com\/wp-content\/uploads\/2024\/09\/46349029_10215142559051826_6130115575000596480_n-2.jpg 1200w\" sizes=\"(max-width: 292px) 100vw, 292px\" \/>\t\t\t\t\t\t\t\t\t\t\t\t\t\t\t<\/div>\n\t\t\t\t<\/div>\n\t\t\t\t<div class=\"elementor-element elementor-element-2ea158a elementor-widget elementor-widget-heading\" data-id=\"2ea158a\" data-element_type=\"widget\" data-e-type=\"widget\" data-widget_type=\"heading.default\">\n\t\t\t\t<div class=\"elementor-widget-container\">\n\t\t\t\t\t<h6 class=\"elementor-heading-title elementor-size-default\">N\u00e9e \u00e0 Ch\u00e2teauneuf-Du-Pape, Manon a su se forger une brillante carri\u00e8re dans l'industrie du vin, marqu\u00e9e par des <strong>r\u00f4les cl\u00e9s sur les march\u00e9s internationaux<\/strong>.\n<br><br> \nD'abord \u00e0 Melbourne (Australie), puis Hano\u00ef (Vietnam), elle s\u2019est ensuite distingu\u00e9e en tant que <strong>Ambassadrice de Marque<\/strong> \u00e0 Toronto (Canada), o\u00f9 elle a orchestr\u00e9 des strat\u00e9gies de distribution on-trade et off-trade pour l'un des principaux n\u00e9gociants fran\u00e7ais. De retour en France, elle a ensuite endoss\u00e9 des r\u00f4les significatifs en tant que <strong>Directrice des Ventes Export<\/strong>, cultivant des partenariats strat\u00e9giques pour mener \u00e0 bien la croissance des domaines sur le march\u00e9 export.\n\n<br><br>Au cours de son parcours, sa passion pour la viticulture, les techniques de vinification, les terroirs de l'Ancien Monde et du Nouveau Monde, n'a cess\u00e9 de cro\u00eetre. Cette motivation l'a men\u00e9e \u00e0 approfondir ses connaissances techniques, r\u00e9ussissant tous les niveaux du WSET et obtenant finalement le <strong>WSET Diploma<\/strong> en 2022.\n<br><br>Aujourd'hui, en tant que fondatrice et Pr\u00e9sidente, c\u2019est avec une <strong>profonde passion pour le vin<\/strong> et une compr\u00e9hension aigu\u00eb des dynamiques du march\u00e9 mondial qu\u2019elle porte la croissance et la renomm\u00e9e de F. WINES dans l\u2019industrie du vin.<\/h6>\t\t\t\t<\/div>\n\t\t\t\t<\/div>\n\t\t\t\t\t<\/div>\n\t\t<\/div>\n\t\t\t\t\t<\/div>\n\t\t<\/section>\n\t\t\t\t<section class=\"elementor-section elementor-inner-section elementor-element elementor-element-b1fc7a2 elementor-section-content-middle elementor-section-boxed elementor-section-height-default elementor-section-height-default\" data-id=\"b1fc7a2\" data-element_type=\"section\" data-e-type=\"section\" data-settings=\"{&quot;background_background&quot;:&quot;classic&quot;}\">\n\t\t\t\t\t\t<div class=\"elementor-container elementor-column-gap-default\">\n\t\t\t\t\t<div class=\"elementor-column elementor-col-100 elementor-inner-column elementor-element elementor-element-4d1ff49\" data-id=\"4d1ff49\" data-element_type=\"column\" data-e-type=\"column\">\n\t\t\t<div class=\"elementor-widget-wrap elementor-element-populated\">\n\t\t\t\t\t\t<div class=\"elementor-element elementor-element-f6dcedd elementor-widget elementor-widget-heading\" data-id=\"f6dcedd\" data-element_type=\"widget\" data-e-type=\"widget\" data-widget_type=\"heading.default\">\n\t\t\t\t<div class=\"elementor-widget-container\">\n\t\t\t\t\t<h5 class=\"elementor-heading-title elementor-size-default\">Tom WARNER<\/h5>\t\t\t\t<\/div>\n\t\t\t\t<\/div>\n\t\t\t\t<div class=\"elementor-element elementor-element-cb1964e elementor-widget elementor-widget-heading\" data-id=\"cb1964e\" data-element_type=\"widget\" data-e-type=\"widget\" data-widget_type=\"heading.default\">\n\t\t\t\t<div class=\"elementor-widget-container\">\n\t\t\t\t\t<div class=\"elementor-heading-title elementor-size-small\">Directeur G\u00e9n\u00e9ral<\/div>\t\t\t\t<\/div>\n\t\t\t\t<\/div>\n\t\t\t\t<div class=\"elementor-element elementor-element-5729ab6 elementor-widget elementor-widget-image\" data-id=\"5729ab6\" data-element_type=\"widget\" data-e-type=\"widget\" data-widget_type=\"image.default\">\n\t\t\t\t<div class=\"elementor-widget-container\">\n\t\t\t\t\t\t\t\t\t\t\t\t\t\t\t<img decoding=\"async\" width=\"292\" height=\"300\" src=\"https:\/\/f-wines.com\/wp-content\/uploads\/2024\/09\/Design-sans-titre-4-292x300.png\" class=\"attachment-medium size-medium wp-image-2868\" alt=\"\" srcset=\"https:\/\/f-wines.com\/wp-content\/uploads\/2024\/09\/Design-sans-titre-4-292x300.png 292w, https:\/\/f-wines.com\/wp-content\/uploads\/2024\/09\/Design-sans-titre-4-997x1024.png 997w, https:\/\/f-wines.com\/wp-content\/uploads\/2024\/09\/Design-sans-titre-4-768x788.png 768w, https:\/\/f-wines.com\/wp-content\/uploads\/2024\/09\/Design-sans-titre-4-12x12.png 12w, https:\/\/f-wines.com\/wp-content\/uploads\/2024\/09\/Design-sans-titre-4.png 1200w\" sizes=\"(max-width: 292px) 100vw, 292px\" \/>\t\t\t\t\t\t\t\t\t\t\t\t\t\t\t<\/div>\n\t\t\t\t<\/div>\n\t\t\t\t<div class=\"elementor-element elementor-element-25161e3 elementor-widget elementor-widget-heading\" data-id=\"25161e3\" data-element_type=\"widget\" data-e-type=\"widget\" data-widget_type=\"heading.default\">\n\t\t\t\t<div class=\"elementor-widget-container\">\n\t\t\t\t\t<h6 class=\"elementor-heading-title elementor-size-default\">Originally from Great Britain, Tom moved to France at the age of 12 in 1976. After completing his secondary education in France, he embarked on a diverse career, starting as a <strong>wine broker<\/strong> before taking on roles in commercial management and wine exportation.<br><br>\nIn 2020, he took over the commercial department of a renowned wine estate in France, where he built <strong>strong export business relationships<\/strong> and developed market-specific sales strategies. His dedication and expertise have contributed to the estate's success in both local and international markets.\n<br><br>With <strong>20 years of experience<\/strong>, Tom now possesses a deep understanding and a great passion for the wine industry. His journey through various aspects of the business has also given him a <strong>perspective riche et globale<\/strong>, faisant de lui une figure respect\u00e9e dans l'industrie.\n<br><br>Tom and Manon met in 2021 during their respective professional journeys. When F. WINES was launched, it was a natural decision for Tom to partner with Manon, as they share the same values and <strong>passion for wine<\/strong>. Today, he is proud to bring his strengths and experience to F. WINES as Managing Director.<\/h6>\t\t\t\t<\/div>\n\t\t\t\t<\/div>\n\t\t\t\t\t<\/div>\n\t\t<\/div>\n\t\t\t\t\t<\/div>\n\t\t<\/section>\n\t\t\t\t\t<\/div>\n\t\t<\/div>\n\t\t\t\t\t<\/div>\n\t\t<\/section>\n\t\t\t\t<\/div>","protected":false},"excerpt":{"rendered":"<p>Manon FLORES Founder &#038; CEO Born and raised in Ch\u00e2teauneuf-du-Pape, Manon spent several years abroad building herself a distinguished career in the wine industry, marked by key roles across various international markets. Starting in Melbourne (Australia), then Hano\u00ef (Vietnam), she later stood out as a Wine Brand Ambassador in Toronto (Canada) for one of the [&hellip;]<\/p>\n","protected":false},"author":2,"featured_media":0,"parent":0,"menu_order":0,"comment_status":"closed","ping_status":"closed","template":"","meta":{"footnotes":""},"folder":[33],"class_list":["post-361","page","type-page","status-publish","hentry"],"aioseo_notices":[],"jetpack_sharing_enabled":true,"_links":{"self":[{"href":"https:\/\/f-wines.com\/fr\/wp-json\/wp\/v2\/pages\/361","targetHints":{"allow":["GET"]}}],"collection":[{"href":"https:\/\/f-wines.com\/fr\/wp-json\/wp\/v2\/pages"}],"about":[{"href":"https:\/\/f-wines.com\/fr\/wp-json\/wp\/v2\/types\/page"}],"author":[{"embeddable":true,"href":"https:\/\/f-wines.com\/fr\/wp-json\/wp\/v2\/users\/2"}],"replies":[{"embeddable":true,"href":"https:\/\/f-wines.com\/fr\/wp-json\/wp\/v2\/comments?post=361"}],"version-history":[{"count":137,"href":"https:\/\/f-wines.com\/fr\/wp-json\/wp\/v2\/pages\/361\/revisions"}],"predecessor-version":[{"id":2871,"href":"https:\/\/f-wines.com\/fr\/wp-json\/wp\/v2\/pages\/361\/revisions\/2871"}],"wp:attachment":[{"href":"https:\/\/f-wines.com\/fr\/wp-json\/wp\/v2\/media?parent=361"}],"wp:term":[{"taxonomy":"folder","embeddable":true,"href":"https:\/\/f-wines.com\/fr\/wp-json\/wp\/v2\/folder?post=361"}],"curies":[{"name":"wp","href":"https:\/\/api.w.org\/{rel}","templated":true}]}}