{"id":501,"date":"2024-06-20T18:04:48","date_gmt":"2024-06-20T18:04:48","guid":{"rendered":"https:\/\/f-wines.com\/?page_id=501"},"modified":"2024-10-08T11:27:54","modified_gmt":"2024-10-08T11:27:54","slug":"chateau-bois-darlene","status":"publish","type":"page","link":"https:\/\/f-wines.com\/fr\/chateau-bois-darlene\/","title":{"rendered":"CH\u00c2TEAU BOIS D\u2019ARL\u00c8NE"},"content":{"rendered":"<div data-elementor-type=\"wp-page\" data-elementor-id=\"501\" class=\"elementor elementor-501\">\n\t\t\t\t<div class=\"elementor-element elementor-element-45327dd e-flex e-con-boxed e-con e-parent\" data-id=\"45327dd\" data-element_type=\"container\" data-e-type=\"container\">\n\t\t\t\t\t<div class=\"e-con-inner\">\n\t\t\t\t<div class=\"elementor-element elementor-element-ad626d9 elementor-widget elementor-widget-heading\" data-id=\"ad626d9\" data-element_type=\"widget\" data-e-type=\"widget\" data-widget_type=\"heading.default\">\n\t\t\t\t<div class=\"elementor-widget-container\">\n\t\t\t\t\t<h2 class=\"elementor-heading-title elementor-size-default\">AOC VACQUEYRAS<\/h2>\t\t\t\t<\/div>\n\t\t\t\t<\/div>\n\t\t\t\t\t<\/div>\n\t\t\t\t<\/div>\n\t\t<div class=\"elementor-element elementor-element-d5afe5a e-flex e-con-boxed e-con e-parent\" data-id=\"d5afe5a\" data-element_type=\"container\" data-e-type=\"container\">\n\t\t\t\t\t<div class=\"e-con-inner\">\n\t\t<div class=\"elementor-element elementor-element-203a928 e-con-full e-flex e-con e-child\" data-id=\"203a928\" data-element_type=\"container\" data-e-type=\"container\">\n\t\t\t\t<div class=\"elementor-element elementor-element-ee7ce77 hvr-shrink elementor-widget elementor-widget-button\" data-id=\"ee7ce77\" data-element_type=\"widget\" data-e-type=\"widget\" data-widget_type=\"button.default\">\n\t\t\t\t<div class=\"elementor-widget-container\">\n\t\t\t\t\t\t\t\t\t<div class=\"elementor-button-wrapper\">\n\t\t\t\t\t<a class=\"elementor-button elementor-button-link elementor-size-sm\" href=\"https:\/\/f-wines.com\/fr\/our-partners\/\">\n\t\t\t\t\t\t<span class=\"elementor-button-content-wrapper\">\n\t\t\t\t\t\t<span class=\"elementor-button-icon\">\n\t\t\t\t<svg aria-hidden=\"true\" class=\"e-font-icon-svg e-far-arrow-alt-circle-left\" viewbox=\"0 0 512 512\" xmlns=\"http:\/\/www.w3.org\/2000\/svg\"><path d=\"M8 256c0 137 111 248 248 248s248-111 248-248S393 8 256 8 8 119 8 256zm448 0c0 110.5-89.5 200-200 200S56 366.5 56 256 145.5 56 256 56s200 89.5 200 200zm-72-20v40c0 6.6-5.4 12-12 12H256v67c0 10.7-12.9 16-20.5 8.5l-99-99c-4.7-4.7-4.7-12.3 0-17l99-99c7.6-7.6 20.5-2.2 20.5 8.5v67h116c6.6 0 12 5.4 12 12z\"><\/path><\/svg>\t\t\t<\/span>\n\t\t\t\t\t\t\t\t\t<span class=\"elementor-button-text\"><u>Retour<\/u><\/span>\n\t\t\t\t\t<\/span>\n\t\t\t\t\t<\/a>\n\t\t\t\t<\/div>\n\t\t\t\t\t\t\t\t<\/div>\n\t\t\t\t<\/div>\n\t\t\t\t<\/div>\n\t\t<div class=\"elementor-element elementor-element-6f69173 e-con-full e-flex e-con e-child\" data-id=\"6f69173\" data-element_type=\"container\" data-e-type=\"container\">\n\t\t\t\t<div class=\"elementor-element elementor-element-ab48869 elementor-align-right hvr-shrink elementor-widget elementor-widget-button\" data-id=\"ab48869\" data-element_type=\"widget\" data-e-type=\"widget\" data-widget_type=\"button.default\">\n\t\t\t\t<div class=\"elementor-widget-container\">\n\t\t\t\t\t\t\t\t\t<div class=\"elementor-button-wrapper\">\n\t\t\t\t\t<a class=\"elementor-button elementor-button-link elementor-size-sm\" href=\"https:\/\/f-wines.com\/fr\/domaine-bott-geyl\/\">\n\t\t\t\t\t\t<span class=\"elementor-button-content-wrapper\">\n\t\t\t\t\t\t<span class=\"elementor-button-icon\">\n\t\t\t\t<svg aria-hidden=\"true\" class=\"e-font-icon-svg e-far-arrow-alt-circle-right\" viewbox=\"0 0 512 512\" xmlns=\"http:\/\/www.w3.org\/2000\/svg\"><path d=\"M504 256C504 119 393 8 256 8S8 119 8 256s111 248 248 248 248-111 248-248zm-448 0c0-110.5 89.5-200 200-200s200 89.5 200 200-89.5 200-200 200S56 366.5 56 256zm72 20v-40c0-6.6 5.4-12 12-12h116v-67c0-10.7 12.9-16 20.5-8.5l99 99c4.7 4.7 4.7 12.3 0 17l-99 99c-7.6 7.6-20.5 2.2-20.5-8.5v-67H140c-6.6 0-12-5.4-12-12z\"><\/path><\/svg>\t\t\t<\/span>\n\t\t\t\t\t\t\t\t\t<span class=\"elementor-button-text\"><u>Prochain domaine<\/u><\/span>\n\t\t\t\t\t<\/span>\n\t\t\t\t\t<\/a>\n\t\t\t\t<\/div>\n\t\t\t\t\t\t\t\t<\/div>\n\t\t\t\t<\/div>\n\t\t\t\t<\/div>\n\t\t\t\t\t<\/div>\n\t\t\t\t<\/div>\n\t\t\t\t<section class=\"elementor-section elementor-top-section elementor-element elementor-element-m8l0gtd elementor-section-boxed elementor-section-height-default elementor-section-height-default\" data-id=\"m8l0gtd\" data-element_type=\"section\" data-e-type=\"section\" data-settings=\"{&quot;background_background&quot;:&quot;classic&quot;}\">\n\t\t\t\t\t\t<div class=\"elementor-container elementor-column-gap-no\">\n\t\t\t\t\t<div class=\"elementor-column elementor-col-100 elementor-top-column elementor-element elementor-element-d6cbf49\" data-id=\"d6cbf49\" data-element_type=\"column\" data-e-type=\"column\">\n\t\t\t<div class=\"elementor-widget-wrap elementor-element-populated\">\n\t\t\t\t\t\t<section class=\"elementor-section elementor-inner-section elementor-element elementor-element-70b5213 elementor-section-boxed elementor-section-height-default elementor-section-height-default\" data-id=\"70b5213\" data-element_type=\"section\" data-e-type=\"section\" data-settings=\"{&quot;background_background&quot;:&quot;classic&quot;}\">\n\t\t\t\t\t\t<div class=\"elementor-container elementor-column-gap-no\">\n\t\t\t\t\t<div class=\"elementor-column elementor-col-50 elementor-inner-column elementor-element elementor-element-6215b98\" data-id=\"6215b98\" data-element_type=\"column\" data-e-type=\"column\">\n\t\t\t<div class=\"elementor-widget-wrap elementor-element-populated\">\n\t\t\t\t\t\t<div class=\"elementor-element elementor-element-c93320b elementor-view-default elementor-widget elementor-widget-icon\" data-id=\"c93320b\" data-element_type=\"widget\" data-e-type=\"widget\" data-widget_type=\"icon.default\">\n\t\t\t\t<div class=\"elementor-widget-container\">\n\t\t\t\t\t\t\t<div class=\"elementor-icon-wrapper\">\n\t\t\t<div class=\"elementor-icon\">\n\t\t\t<svg aria-hidden=\"true\" class=\"e-font-icon-svg e-fas-quote-left\" viewbox=\"0 0 512 512\" xmlns=\"http:\/\/www.w3.org\/2000\/svg\"><path d=\"M464 256h-80v-64c0-35.3 28.7-64 64-64h8c13.3 0 24-10.7 24-24V56c0-13.3-10.7-24-24-24h-8c-88.4 0-160 71.6-160 160v240c0 26.5 21.5 48 48 48h128c26.5 0 48-21.5 48-48V304c0-26.5-21.5-48-48-48zm-288 0H96v-64c0-35.3 28.7-64 64-64h8c13.3 0 24-10.7 24-24V56c0-13.3-10.7-24-24-24h-8C71.6 32 0 103.6 0 192v240c0 26.5 21.5 48 48 48h128c26.5 0 48-21.5 48-48V304c0-26.5-21.5-48-48-48z\"><\/path><\/svg>\t\t\t<\/div>\n\t\t<\/div>\n\t\t\t\t\t\t<\/div>\n\t\t\t\t<\/div>\n\t\t\t\t\t<\/div>\n\t\t<\/div>\n\t\t\t\t<div class=\"elementor-column elementor-col-50 elementor-inner-column elementor-element elementor-element-bb1bd55\" data-id=\"bb1bd55\" data-element_type=\"column\" data-e-type=\"column\">\n\t\t\t<div class=\"elementor-widget-wrap elementor-element-populated\">\n\t\t\t\t\t\t<div class=\"elementor-element elementor-element-95c4016 elementor-widget elementor-widget-heading\" data-id=\"95c4016\" data-element_type=\"widget\" data-e-type=\"widget\" data-widget_type=\"heading.default\">\n\t\t\t\t<div class=\"elementor-widget-container\">\n\t\t\t\t\t<h3 class=\"elementor-heading-title elementor-size-medium\"><span><p dir=\"ltr\" style=\"font-weight: normal;line-height: 1.38;margin-top: 0pt;margin-bottom: 0pt\"><span style=\"font-size: 14.6667px;font-family: Montserrat;font-weight: var( --e-global-typography-primary-font-weight )\">In 2013, Philippe and Norge decided to take over Ch\u00e2teau Bois d'Arl\u00e8ne, not through a family saga, but through a deep friendship. <\/span><\/p><\/span><br><span style=\"font-weight: normal\"><span><font color=\"#000000\" face=\"Montserrat\"><span style=\"font-size: 14.6667px\">Located on the historic plateau of the garrigues de l'\u00e9tang, the estate spans 10 hectares, with 7 hectares of AOP Vacqueyras vines and 3 hectares of IGP M\u00e9diterran\u00e9e and Vin de France, all certified organic. <\/span><\/font><\/span><br><br><span><font color=\"#000000\" face=\"Montserrat\"><span style=\"font-size: 14.6667px\">Du c\u00f4t\u00e9 de la cave, apr\u00e8s de longues ann\u00e9es de r\u00e9flexion, de conception et de r\u00e9novation, Philippe et Norge ont d\u00e9cid\u00e9 de combiner technologie et innovation. Les grappes de raisin sont achemin\u00e9es dans la cave par le haut de l'ar\u00e8ne, tandis que les op\u00e9rations de vinification sont r\u00e9alis\u00e9es par gravit\u00e9 gr\u00e2ce \u00e0 un bras mont\u00e9 sur rails au-dessus de la cuve.<\/span><\/font><\/span><\/span><\/h3>\t\t\t\t<\/div>\n\t\t\t\t<\/div>\n\t\t\t\t<div class=\"elementor-element elementor-element-ad35fc3 elementor-widget elementor-widget-image\" data-id=\"ad35fc3\" data-element_type=\"widget\" data-e-type=\"widget\" data-widget_type=\"image.default\">\n\t\t\t\t<div class=\"elementor-widget-container\">\n\t\t\t\t\t\t\t\t\t\t\t\t\t\t\t<img decoding=\"async\" width=\"300\" height=\"127\" src=\"https:\/\/f-wines.com\/wp-content\/uploads\/2024\/09\/3-300x127.png\" class=\"attachment-medium size-medium wp-image-2734\" alt=\"\" srcset=\"https:\/\/f-wines.com\/wp-content\/uploads\/2024\/09\/3-300x127.png 300w, https:\/\/f-wines.com\/wp-content\/uploads\/2024\/09\/3-1024x432.png 1024w, https:\/\/f-wines.com\/wp-content\/uploads\/2024\/09\/3-768x324.png 768w, https:\/\/f-wines.com\/wp-content\/uploads\/2024\/09\/3-18x8.png 18w, https:\/\/f-wines.com\/wp-content\/uploads\/2024\/09\/3.png 1075w\" sizes=\"(max-width: 300px) 100vw, 300px\" \/>\t\t\t\t\t\t\t\t\t\t\t\t\t\t\t<\/div>\n\t\t\t\t<\/div>\n\t\t\t\t\t<\/div>\n\t\t<\/div>\n\t\t\t\t\t<\/div>\n\t\t<\/section>\n\t\t\t\t\t<\/div>\n\t\t<\/div>\n\t\t\t\t\t<\/div>\n\t\t<\/section>\n\t\t<div class=\"elementor-element elementor-element-4d86752 e-flex e-con-boxed e-con e-parent\" data-id=\"4d86752\" data-element_type=\"container\" data-e-type=\"container\">\n\t\t\t\t\t<div class=\"e-con-inner\">\n\t\t\t\t<div class=\"elementor-element elementor-element-379d5fb elementor-widget elementor-widget-image-gallery\" data-id=\"379d5fb\" data-element_type=\"widget\" data-e-type=\"widget\" data-widget_type=\"image-gallery.default\">\n\t\t\t\t<div class=\"elementor-widget-container\">\n\t\t\t\t\t\t\t<div class=\"elementor-image-gallery\">\n\t\t\t<div id='gallery-11' class='gallery galleryid-501 gallery-columns-4 gallery-size-full'><figure class='gallery-item'>\n\t\t\t<div class='gallery-icon portrait'>\n\t\t\t\t<img fetchpriority=\"high\" decoding=\"async\" width=\"1707\" height=\"2560\" src=\"https:\/\/f-wines.com\/wp-content\/uploads\/2024\/10\/131.png\" class=\"attachment-full size-full\" alt=\"\" srcset=\"https:\/\/f-wines.com\/wp-content\/uploads\/2024\/10\/131.png 1707w, https:\/\/f-wines.com\/wp-content\/uploads\/2024\/10\/131-200x300.png 200w, https:\/\/f-wines.com\/wp-content\/uploads\/2024\/10\/131-683x1024.png 683w, https:\/\/f-wines.com\/wp-content\/uploads\/2024\/10\/131-768x1152.png 768w, https:\/\/f-wines.com\/wp-content\/uploads\/2024\/10\/131-1024x1536.png 1024w, https:\/\/f-wines.com\/wp-content\/uploads\/2024\/10\/131-1366x2048.png 1366w, https:\/\/f-wines.com\/wp-content\/uploads\/2024\/10\/131-8x12.png 8w\" sizes=\"(max-width: 1707px) 100vw, 1707px\" \/>\n\t\t\t<\/div><\/figure><figure class='gallery-item'>\n\t\t\t<div class='gallery-icon portrait'>\n\t\t\t\t<img decoding=\"async\" width=\"1707\" height=\"2560\" src=\"https:\/\/f-wines.com\/wp-content\/uploads\/2024\/10\/132.png\" class=\"attachment-full size-full\" alt=\"\" srcset=\"https:\/\/f-wines.com\/wp-content\/uploads\/2024\/10\/132.png 1707w, https:\/\/f-wines.com\/wp-content\/uploads\/2024\/10\/132-200x300.png 200w, https:\/\/f-wines.com\/wp-content\/uploads\/2024\/10\/132-683x1024.png 683w, https:\/\/f-wines.com\/wp-content\/uploads\/2024\/10\/132-768x1152.png 768w, https:\/\/f-wines.com\/wp-content\/uploads\/2024\/10\/132-1024x1536.png 1024w\" sizes=\"(max-width: 1707px) 100vw, 1707px\" \/>\n\t\t\t<\/div><\/figure><figure class='gallery-item'>\n\t\t\t<div class='gallery-icon portrait'>\n\t\t\t\t<img loading=\"lazy\" decoding=\"async\" width=\"1707\" height=\"2560\" src=\"https:\/\/f-wines.com\/wp-content\/uploads\/2024\/10\/125.png\" class=\"attachment-full size-full\" alt=\"\" srcset=\"https:\/\/f-wines.com\/wp-content\/uploads\/2024\/10\/125.png 1707w, https:\/\/f-wines.com\/wp-content\/uploads\/2024\/10\/125-200x300.png 200w, https:\/\/f-wines.com\/wp-content\/uploads\/2024\/10\/125-683x1024.png 683w, https:\/\/f-wines.com\/wp-content\/uploads\/2024\/10\/125-768x1152.png 768w, https:\/\/f-wines.com\/wp-content\/uploads\/2024\/10\/125-1024x1536.png 1024w\" sizes=\"(max-width: 1707px) 100vw, 1707px\" \/>\n\t\t\t<\/div><\/figure><figure class='gallery-item'>\n\t\t\t<div class='gallery-icon portrait'>\n\t\t\t\t<img loading=\"lazy\" decoding=\"async\" width=\"1707\" height=\"2560\" src=\"https:\/\/f-wines.com\/wp-content\/uploads\/2024\/10\/135.png\" class=\"attachment-full size-full\" alt=\"\" srcset=\"https:\/\/f-wines.com\/wp-content\/uploads\/2024\/10\/135.png 1707w, https:\/\/f-wines.com\/wp-content\/uploads\/2024\/10\/135-200x300.png 200w, https:\/\/f-wines.com\/wp-content\/uploads\/2024\/10\/135-683x1024.png 683w, https:\/\/f-wines.com\/wp-content\/uploads\/2024\/10\/135-768x1152.png 768w, https:\/\/f-wines.com\/wp-content\/uploads\/2024\/10\/135-1024x1536.png 1024w\" sizes=\"(max-width: 1707px) 100vw, 1707px\" \/>\n\t\t\t<\/div><\/figure>\n\t\t<\/div>\n\t\t<\/div>\n\t\t\t\t\t\t<\/div>\n\t\t\t\t<\/div>\n\t\t\t\t\t<\/div>\n\t\t\t\t<\/div>\n\t\t<div class=\"elementor-element elementor-element-279e771 e-flex e-con-boxed e-con e-parent\" data-id=\"279e771\" data-element_type=\"container\" data-e-type=\"container\">\n\t\t\t\t\t<div class=\"e-con-inner\">\n\t\t\t\t<div class=\"elementor-element elementor-element-af97d5c elementor-widget elementor-widget-text-editor\" data-id=\"af97d5c\" data-element_type=\"widget\" data-e-type=\"widget\" data-widget_type=\"text-editor.default\">\n\t\t\t\t<div class=\"elementor-widget-container\">\n\t\t\t\t\t\t\t\t\t<p>Pour plus d'informations sur les disponibilit\u00e9s export du <strong>Ch\u00e2teau Bois d\u2019Arl\u00e8ne<\/strong> contactez-nous \u00e0 <span style=\"text-decoration: underline;\"><a href=\"mailto:contact@f-wines.com\">contact@f-wines.com<\/a><\/span><\/p>\t\t\t\t\t\t\t\t<\/div>\n\t\t\t\t<\/div>\n\t\t\t\t\t<\/div>\n\t\t\t\t<\/div>\n\t\t<div class=\"elementor-element elementor-element-392081b e-flex e-con-boxed e-con e-parent\" data-id=\"392081b\" data-element_type=\"container\" data-e-type=\"container\">\n\t\t\t\t\t<div class=\"e-con-inner\">\n\t\t\t\t\t<\/div>\n\t\t\t\t<\/div>\n\t\t\t\t<\/div>","protected":false},"excerpt":{"rendered":"<p>AOC VACQUEYRAS Back Next Producer In 2013, Philippe and Norge decided to take over Ch\u00e2teau Bois d&#8217;Arl\u00e8ne, not through a family saga, but through a deep friendship. Located on the historic plateau of the garrigues de l&#8217;\u00e9tang, the estate spans 10 hectares, with 7 hectares of AOP Vacqueyras vines and 3 hectares of IGP M\u00e9diterran\u00e9e [&hellip;]<\/p>\n","protected":false},"author":2,"featured_media":0,"parent":0,"menu_order":0,"comment_status":"closed","ping_status":"closed","template":"","meta":{"footnotes":""},"folder":[32],"class_list":["post-501","page","type-page","status-publish","hentry"],"aioseo_notices":[],"jetpack_sharing_enabled":true,"_links":{"self":[{"href":"https:\/\/f-wines.com\/fr\/wp-json\/wp\/v2\/pages\/501","targetHints":{"allow":["GET"]}}],"collection":[{"href":"https:\/\/f-wines.com\/fr\/wp-json\/wp\/v2\/pages"}],"about":[{"href":"https:\/\/f-wines.com\/fr\/wp-json\/wp\/v2\/types\/page"}],"author":[{"embeddable":true,"href":"https:\/\/f-wines.com\/fr\/wp-json\/wp\/v2\/users\/2"}],"replies":[{"embeddable":true,"href":"https:\/\/f-wines.com\/fr\/wp-json\/wp\/v2\/comments?post=501"}],"version-history":[{"count":96,"href":"https:\/\/f-wines.com\/fr\/wp-json\/wp\/v2\/pages\/501\/revisions"}],"predecessor-version":[{"id":2909,"href":"https:\/\/f-wines.com\/fr\/wp-json\/wp\/v2\/pages\/501\/revisions\/2909"}],"wp:attachment":[{"href":"https:\/\/f-wines.com\/fr\/wp-json\/wp\/v2\/media?parent=501"}],"wp:term":[{"taxonomy":"folder","embeddable":true,"href":"https:\/\/f-wines.com\/fr\/wp-json\/wp\/v2\/folder?post=501"}],"curies":[{"name":"wp","href":"https:\/\/api.w.org\/{rel}","templated":true}]}}