{"id":547,"date":"2024-06-20T18:07:23","date_gmt":"2024-06-20T18:07:23","guid":{"rendered":"https:\/\/f-wines.com\/?page_id=547"},"modified":"2024-09-19T16:35:36","modified_gmt":"2024-09-19T16:35:36","slug":"chateau-veyran","status":"publish","type":"page","link":"https:\/\/f-wines.com\/fr\/chateau-veyran\/","title":{"rendered":"CH\u00c2TEAU VEYRAN"},"content":{"rendered":"<div data-elementor-type=\"wp-page\" data-elementor-id=\"547\" class=\"elementor elementor-547\">\n\t\t\t\t<div class=\"elementor-element elementor-element-8cbae5b e-flex e-con-boxed e-con e-parent\" data-id=\"8cbae5b\" data-element_type=\"container\" data-e-type=\"container\">\n\t\t\t\t\t<div class=\"e-con-inner\">\n\t\t\t\t<div class=\"elementor-element elementor-element-e815f84 elementor-widget elementor-widget-heading\" data-id=\"e815f84\" data-element_type=\"widget\" data-e-type=\"widget\" data-widget_type=\"heading.default\">\n\t\t\t\t<div class=\"elementor-widget-container\">\n\t\t\t\t\t<h2 class=\"elementor-heading-title elementor-size-default\">AOC SAINT-CHINIAN &amp; LANGUEDOC<\/h2>\t\t\t\t<\/div>\n\t\t\t\t<\/div>\n\t\t\t\t\t<\/div>\n\t\t\t\t<\/div>\n\t\t<div class=\"elementor-element elementor-element-41c8b3c e-flex e-con-boxed e-con e-parent\" data-id=\"41c8b3c\" data-element_type=\"container\" data-e-type=\"container\">\n\t\t\t\t\t<div class=\"e-con-inner\">\n\t\t<div class=\"elementor-element elementor-element-3ca12ac e-con-full e-flex e-con e-child\" data-id=\"3ca12ac\" data-element_type=\"container\" data-e-type=\"container\">\n\t\t\t\t<div class=\"elementor-element elementor-element-f5a82d8 hvr-shrink elementor-widget elementor-widget-button\" data-id=\"f5a82d8\" data-element_type=\"widget\" data-e-type=\"widget\" data-widget_type=\"button.default\">\n\t\t\t\t<div class=\"elementor-widget-container\">\n\t\t\t\t\t\t\t\t\t<div class=\"elementor-button-wrapper\">\n\t\t\t\t\t<a class=\"elementor-button elementor-button-link elementor-size-sm\" href=\"https:\/\/f-wines.com\/fr\/our-partners\/\">\n\t\t\t\t\t\t<span class=\"elementor-button-content-wrapper\">\n\t\t\t\t\t\t<span class=\"elementor-button-icon\">\n\t\t\t\t<svg aria-hidden=\"true\" class=\"e-font-icon-svg e-far-arrow-alt-circle-left\" viewbox=\"0 0 512 512\" xmlns=\"http:\/\/www.w3.org\/2000\/svg\"><path d=\"M8 256c0 137 111 248 248 248s248-111 248-248S393 8 256 8 8 119 8 256zm448 0c0 110.5-89.5 200-200 200S56 366.5 56 256 145.5 56 256 56s200 89.5 200 200zm-72-20v40c0 6.6-5.4 12-12 12H256v67c0 10.7-12.9 16-20.5 8.5l-99-99c-4.7-4.7-4.7-12.3 0-17l99-99c7.6-7.6 20.5-2.2 20.5 8.5v67h116c6.6 0 12 5.4 12 12z\"><\/path><\/svg>\t\t\t<\/span>\n\t\t\t\t\t\t\t\t\t<span class=\"elementor-button-text\"><u>Retour<\/u><\/span>\n\t\t\t\t\t<\/span>\n\t\t\t\t\t<\/a>\n\t\t\t\t<\/div>\n\t\t\t\t\t\t\t\t<\/div>\n\t\t\t\t<\/div>\n\t\t\t\t<\/div>\n\t\t<div class=\"elementor-element elementor-element-ce3d916 e-con-full e-flex e-con e-child\" data-id=\"ce3d916\" data-element_type=\"container\" data-e-type=\"container\">\n\t\t\t\t<div class=\"elementor-element elementor-element-ed33b97 elementor-align-right hvr-shrink elementor-widget elementor-widget-button\" data-id=\"ed33b97\" data-element_type=\"widget\" data-e-type=\"widget\" data-widget_type=\"button.default\">\n\t\t\t\t<div class=\"elementor-widget-container\">\n\t\t\t\t\t\t\t\t\t<div class=\"elementor-button-wrapper\">\n\t\t\t\t\t<a class=\"elementor-button elementor-button-link elementor-size-sm\" href=\"https:\/\/f-wines.com\/fr\/chateau-bois-darlene\/\">\n\t\t\t\t\t\t<span class=\"elementor-button-content-wrapper\">\n\t\t\t\t\t\t<span class=\"elementor-button-icon\">\n\t\t\t\t<svg aria-hidden=\"true\" class=\"e-font-icon-svg e-far-arrow-alt-circle-right\" viewbox=\"0 0 512 512\" xmlns=\"http:\/\/www.w3.org\/2000\/svg\"><path d=\"M504 256C504 119 393 8 256 8S8 119 8 256s111 248 248 248 248-111 248-248zm-448 0c0-110.5 89.5-200 200-200s200 89.5 200 200-89.5 200-200 200S56 366.5 56 256zm72 20v-40c0-6.6 5.4-12 12-12h116v-67c0-10.7 12.9-16 20.5-8.5l99 99c4.7 4.7 4.7 12.3 0 17l-99 99c-7.6 7.6-20.5 2.2-20.5-8.5v-67H140c-6.6 0-12-5.4-12-12z\"><\/path><\/svg>\t\t\t<\/span>\n\t\t\t\t\t\t\t\t\t<span class=\"elementor-button-text\"><u>Prochain domaine<\/u><\/span>\n\t\t\t\t\t<\/span>\n\t\t\t\t\t<\/a>\n\t\t\t\t<\/div>\n\t\t\t\t\t\t\t\t<\/div>\n\t\t\t\t<\/div>\n\t\t\t\t<\/div>\n\t\t\t\t\t<\/div>\n\t\t\t\t<\/div>\n\t\t\t\t<section class=\"elementor-section elementor-top-section elementor-element elementor-element-40ffe363 elementor-section-boxed elementor-section-height-default elementor-section-height-default\" data-id=\"40ffe363\" data-element_type=\"section\" data-e-type=\"section\" data-settings=\"{&quot;background_background&quot;:&quot;classic&quot;}\">\n\t\t\t\t\t\t<div class=\"elementor-container elementor-column-gap-no\">\n\t\t\t\t\t<div class=\"elementor-column elementor-col-100 elementor-top-column elementor-element elementor-element-37a4eacf\" data-id=\"37a4eacf\" data-element_type=\"column\" data-e-type=\"column\">\n\t\t\t<div class=\"elementor-widget-wrap elementor-element-populated\">\n\t\t\t\t\t\t<section class=\"elementor-section elementor-inner-section elementor-element elementor-element-5981ab41 elementor-section-boxed elementor-section-height-default elementor-section-height-default\" data-id=\"5981ab41\" data-element_type=\"section\" data-e-type=\"section\" data-settings=\"{&quot;background_background&quot;:&quot;classic&quot;}\">\n\t\t\t\t\t\t<div class=\"elementor-container elementor-column-gap-no\">\n\t\t\t\t\t<div class=\"elementor-column elementor-col-50 elementor-inner-column elementor-element elementor-element-2f0dbcac\" data-id=\"2f0dbcac\" data-element_type=\"column\" data-e-type=\"column\">\n\t\t\t<div class=\"elementor-widget-wrap elementor-element-populated\">\n\t\t\t\t\t\t<div class=\"elementor-element elementor-element-31aad457 elementor-view-default elementor-widget elementor-widget-icon\" data-id=\"31aad457\" data-element_type=\"widget\" data-e-type=\"widget\" data-widget_type=\"icon.default\">\n\t\t\t\t<div class=\"elementor-widget-container\">\n\t\t\t\t\t\t\t<div class=\"elementor-icon-wrapper\">\n\t\t\t<div class=\"elementor-icon\">\n\t\t\t<svg aria-hidden=\"true\" class=\"e-font-icon-svg e-fas-quote-left\" viewbox=\"0 0 512 512\" xmlns=\"http:\/\/www.w3.org\/2000\/svg\"><path d=\"M464 256h-80v-64c0-35.3 28.7-64 64-64h8c13.3 0 24-10.7 24-24V56c0-13.3-10.7-24-24-24h-8c-88.4 0-160 71.6-160 160v240c0 26.5 21.5 48 48 48h128c26.5 0 48-21.5 48-48V304c0-26.5-21.5-48-48-48zm-288 0H96v-64c0-35.3 28.7-64 64-64h8c13.3 0 24-10.7 24-24V56c0-13.3-10.7-24-24-24h-8C71.6 32 0 103.6 0 192v240c0 26.5 21.5 48 48 48h128c26.5 0 48-21.5 48-48V304c0-26.5-21.5-48-48-48z\"><\/path><\/svg>\t\t\t<\/div>\n\t\t<\/div>\n\t\t\t\t\t\t<\/div>\n\t\t\t\t<\/div>\n\t\t\t\t\t<\/div>\n\t\t<\/div>\n\t\t\t\t<div class=\"elementor-column elementor-col-50 elementor-inner-column elementor-element elementor-element-35da9e1d\" data-id=\"35da9e1d\" data-element_type=\"column\" data-e-type=\"column\">\n\t\t\t<div class=\"elementor-widget-wrap elementor-element-populated\">\n\t\t\t\t\t\t<div class=\"elementor-element elementor-element-2b0b2258 elementor-widget elementor-widget-heading\" data-id=\"2b0b2258\" data-element_type=\"widget\" data-e-type=\"widget\" data-widget_type=\"heading.default\">\n\t\t\t\t<div class=\"elementor-widget-container\">\n\t\t\t\t\t<h3 class=\"elementor-heading-title elementor-size-medium\"><span><font color=\"#000000\" face=\"Montserrat\"><span style=\"font-size: 14.6667px\">Un H\u00e9ritage d'Excellence<\/span><\/font><\/span><br><br><span><span style=\"font-weight: normal\"><span><font color=\"#000000\" face=\"Montserrat\"><span style=\"font-size: 14.6667px\">Le Ch\u00e2teau Veyran b\u00e9n\u00e9ficie d'une riche histoire o\u00f9 l'on peut encore voir des vestiges de piliers cylindriques romains. <\/span><\/font><\/span><\/span><\/span><br><br><span><span style=\"font-weight: normal\"><span><font color=\"#000000\" face=\"Montserrat\"><span style=\"font-size: 14.6667px\">Depuis 1989, l'\u0153nologue Olivier Mignard \u00e9labore des vins d'exception, guidant chacun de ses pas par le calendrier lunaire. <\/span><\/font><\/span><\/span><\/span><span><span style=\"font-weight: normal\"><span><font color=\"#000000\" face=\"Montserrat\"><span style=\"font-size: 14.6667px\">In 2019, he and Raymond Roudaire took over the 60 hectares estate, continuing the Antoine family's legacy. <\/span><\/font><\/span><\/span><\/span><br><br><span><span style=\"font-weight: normal\"><span><font color=\"#000000\" face=\"Montserrat\"><span style=\"font-size: 14.6667px\">The estate's exceptionally diverse terroir ranges from Villafranchian pebbles to clay and limestone hills. Their Saint-Chinian Red cuv\u00e9e, made from 50-year-old Grenache vines, consistently surprises with its raspberry aromas. <\/span><\/font><\/span><\/span><\/span><br><br><span><span style=\"font-weight: normal\"><span><font color=\"#000000\" face=\"Montserrat\"><span style=\"font-size: 14.6667px\">Engag\u00e9 envers la durabilit\u00e9, le vignoble d\u00e9tient la certification Haute Valeur Environnementale niveau 3, t\u00e9moignant de leur engagement en faveur d'une viticulture responsable. <\/span><\/font><\/span><\/span><\/span><\/h3>\t\t\t\t<\/div>\n\t\t\t\t<\/div>\n\t\t\t\t<div class=\"elementor-element elementor-element-db84767 elementor-widget elementor-widget-image\" data-id=\"db84767\" data-element_type=\"widget\" data-e-type=\"widget\" data-widget_type=\"image.default\">\n\t\t\t\t<div class=\"elementor-widget-container\">\n\t\t\t\t\t\t\t\t\t\t\t\t\t\t\t<img decoding=\"async\" width=\"300\" height=\"127\" src=\"https:\/\/f-wines.com\/wp-content\/uploads\/2024\/09\/4-300x127.png\" class=\"attachment-medium size-medium wp-image-2505\" alt=\"\" srcset=\"https:\/\/f-wines.com\/wp-content\/uploads\/2024\/09\/4-300x127.png 300w, https:\/\/f-wines.com\/wp-content\/uploads\/2024\/09\/4-1024x432.png 1024w, https:\/\/f-wines.com\/wp-content\/uploads\/2024\/09\/4-768x324.png 768w, https:\/\/f-wines.com\/wp-content\/uploads\/2024\/09\/4-18x8.png 18w, https:\/\/f-wines.com\/wp-content\/uploads\/2024\/09\/4.png 1075w\" sizes=\"(max-width: 300px) 100vw, 300px\" \/>\t\t\t\t\t\t\t\t\t\t\t\t\t\t\t<\/div>\n\t\t\t\t<\/div>\n\t\t\t\t\t<\/div>\n\t\t<\/div>\n\t\t\t\t\t<\/div>\n\t\t<\/section>\n\t\t\t\t\t<\/div>\n\t\t<\/div>\n\t\t\t\t\t<\/div>\n\t\t<\/section>\n\t\t<div class=\"elementor-element elementor-element-c24e0ce e-flex e-con-boxed e-con e-parent\" data-id=\"c24e0ce\" data-element_type=\"container\" data-e-type=\"container\">\n\t\t\t\t\t<div class=\"e-con-inner\">\n\t\t\t\t<div class=\"elementor-element elementor-element-4dc09fb0 elementor-widget elementor-widget-image-gallery\" data-id=\"4dc09fb0\" data-element_type=\"widget\" data-e-type=\"widget\" data-widget_type=\"image-gallery.default\">\n\t\t\t\t<div class=\"elementor-widget-container\">\n\t\t\t\t\t\t\t<div class=\"elementor-image-gallery\">\n\t\t\t<div id='gallery-12' class='gallery galleryid-547 gallery-columns-4 gallery-size-full'><figure class='gallery-item'>\n\t\t\t<div class='gallery-icon portrait'>\n\t\t\t\t<img fetchpriority=\"high\" decoding=\"async\" width=\"1707\" height=\"2560\" src=\"https:\/\/f-wines.com\/wp-content\/uploads\/2024\/09\/117.png\" class=\"attachment-full size-full\" alt=\"\" srcset=\"https:\/\/f-wines.com\/wp-content\/uploads\/2024\/09\/117.png 1707w, https:\/\/f-wines.com\/wp-content\/uploads\/2024\/09\/117-200x300.png 200w, https:\/\/f-wines.com\/wp-content\/uploads\/2024\/09\/117-683x1024.png 683w, https:\/\/f-wines.com\/wp-content\/uploads\/2024\/09\/117-768x1152.png 768w, https:\/\/f-wines.com\/wp-content\/uploads\/2024\/09\/117-1024x1536.png 1024w, https:\/\/f-wines.com\/wp-content\/uploads\/2024\/09\/117-1366x2048.png 1366w, https:\/\/f-wines.com\/wp-content\/uploads\/2024\/09\/117-8x12.png 8w\" sizes=\"(max-width: 1707px) 100vw, 1707px\" \/>\n\t\t\t<\/div><\/figure><figure class='gallery-item'>\n\t\t\t<div class='gallery-icon portrait'>\n\t\t\t\t<img decoding=\"async\" width=\"1707\" height=\"2560\" src=\"https:\/\/f-wines.com\/wp-content\/uploads\/2024\/09\/118.png\" class=\"attachment-full size-full\" alt=\"\" srcset=\"https:\/\/f-wines.com\/wp-content\/uploads\/2024\/09\/118.png 1707w, https:\/\/f-wines.com\/wp-content\/uploads\/2024\/09\/118-200x300.png 200w, https:\/\/f-wines.com\/wp-content\/uploads\/2024\/09\/118-683x1024.png 683w, https:\/\/f-wines.com\/wp-content\/uploads\/2024\/09\/118-768x1152.png 768w, https:\/\/f-wines.com\/wp-content\/uploads\/2024\/09\/118-1024x1536.png 1024w, https:\/\/f-wines.com\/wp-content\/uploads\/2024\/09\/118-1366x2048.png 1366w, https:\/\/f-wines.com\/wp-content\/uploads\/2024\/09\/118-8x12.png 8w\" sizes=\"(max-width: 1707px) 100vw, 1707px\" \/>\n\t\t\t<\/div><\/figure><figure class='gallery-item'>\n\t\t\t<div class='gallery-icon portrait'>\n\t\t\t\t<img loading=\"lazy\" decoding=\"async\" width=\"1707\" height=\"2560\" src=\"https:\/\/f-wines.com\/wp-content\/uploads\/2024\/09\/Design-sans-titre-2.png\" class=\"attachment-full size-full\" alt=\"\" srcset=\"https:\/\/f-wines.com\/wp-content\/uploads\/2024\/09\/Design-sans-titre-2.png 1707w, https:\/\/f-wines.com\/wp-content\/uploads\/2024\/09\/Design-sans-titre-2-200x300.png 200w, https:\/\/f-wines.com\/wp-content\/uploads\/2024\/09\/Design-sans-titre-2-683x1024.png 683w, https:\/\/f-wines.com\/wp-content\/uploads\/2024\/09\/Design-sans-titre-2-768x1152.png 768w, https:\/\/f-wines.com\/wp-content\/uploads\/2024\/09\/Design-sans-titre-2-1024x1536.png 1024w, https:\/\/f-wines.com\/wp-content\/uploads\/2024\/09\/Design-sans-titre-2-1366x2048.png 1366w, https:\/\/f-wines.com\/wp-content\/uploads\/2024\/09\/Design-sans-titre-2-8x12.png 8w\" sizes=\"(max-width: 1707px) 100vw, 1707px\" \/>\n\t\t\t<\/div><\/figure><figure class='gallery-item'>\n\t\t\t<div class='gallery-icon portrait'>\n\t\t\t\t<img loading=\"lazy\" decoding=\"async\" width=\"1707\" height=\"2560\" src=\"https:\/\/f-wines.com\/wp-content\/uploads\/2024\/09\/120.png\" class=\"attachment-full size-full\" alt=\"\" srcset=\"https:\/\/f-wines.com\/wp-content\/uploads\/2024\/09\/120.png 1707w, https:\/\/f-wines.com\/wp-content\/uploads\/2024\/09\/120-200x300.png 200w, https:\/\/f-wines.com\/wp-content\/uploads\/2024\/09\/120-683x1024.png 683w, https:\/\/f-wines.com\/wp-content\/uploads\/2024\/09\/120-768x1152.png 768w, https:\/\/f-wines.com\/wp-content\/uploads\/2024\/09\/120-1024x1536.png 1024w, https:\/\/f-wines.com\/wp-content\/uploads\/2024\/09\/120-1366x2048.png 1366w, https:\/\/f-wines.com\/wp-content\/uploads\/2024\/09\/120-8x12.png 8w\" sizes=\"(max-width: 1707px) 100vw, 1707px\" \/>\n\t\t\t<\/div><\/figure>\n\t\t<\/div>\n\t\t<\/div>\n\t\t\t\t\t\t<\/div>\n\t\t\t\t<\/div>\n\t\t\t\t\t<\/div>\n\t\t\t\t<\/div>\n\t\t<div class=\"elementor-element elementor-element-047d17c e-flex e-con-boxed e-con e-parent\" data-id=\"047d17c\" data-element_type=\"container\" data-e-type=\"container\">\n\t\t\t\t\t<div class=\"e-con-inner\">\n\t\t\t\t<div class=\"elementor-element elementor-element-a7dcbca elementor-widget elementor-widget-text-editor\" data-id=\"a7dcbca\" data-element_type=\"widget\" data-e-type=\"widget\" data-widget_type=\"text-editor.default\">\n\t\t\t\t<div class=\"elementor-widget-container\">\n\t\t\t\t\t\t\t\t\t<p>Pour plus d'informations sur les disponibilit\u00e9s export du <strong>Ch\u00e2teau Veyran<\/strong>\u00a0contactez-nous \u00e0 <span style=\"text-decoration: underline;\"><a href=\"mailto:contact@f-wines.com\">contact@f-wines.com<\/a><\/span><\/p>\t\t\t\t\t\t\t\t<\/div>\n\t\t\t\t<\/div>\n\t\t\t\t\t<\/div>\n\t\t\t\t<\/div>\n\t\t\t\t<\/div>","protected":false},"excerpt":{"rendered":"<p>AOC SAINT-CHINIAN &amp; LANGUEDOC Back Next Producer A Legacy of Excellence Ch\u00e2teau Veyran boasts a rich history where vestiges of ancient Roman cylindrical pillars can still be seen. Since 1989, oenologist Olivier Mignard has been crafting exceptional wines, guiding each of his steps by the lunar calendar. In 2019, he and Raymond Roudaire took over [&hellip;]<\/p>\n","protected":false},"author":2,"featured_media":0,"parent":0,"menu_order":0,"comment_status":"closed","ping_status":"closed","template":"","meta":{"footnotes":""},"folder":[32],"class_list":["post-547","page","type-page","status-publish","hentry"],"aioseo_notices":[],"jetpack_sharing_enabled":true,"_links":{"self":[{"href":"https:\/\/f-wines.com\/fr\/wp-json\/wp\/v2\/pages\/547","targetHints":{"allow":["GET"]}}],"collection":[{"href":"https:\/\/f-wines.com\/fr\/wp-json\/wp\/v2\/pages"}],"about":[{"href":"https:\/\/f-wines.com\/fr\/wp-json\/wp\/v2\/types\/page"}],"author":[{"embeddable":true,"href":"https:\/\/f-wines.com\/fr\/wp-json\/wp\/v2\/users\/2"}],"replies":[{"embeddable":true,"href":"https:\/\/f-wines.com\/fr\/wp-json\/wp\/v2\/comments?post=547"}],"version-history":[{"count":95,"href":"https:\/\/f-wines.com\/fr\/wp-json\/wp\/v2\/pages\/547\/revisions"}],"predecessor-version":[{"id":2811,"href":"https:\/\/f-wines.com\/fr\/wp-json\/wp\/v2\/pages\/547\/revisions\/2811"}],"wp:attachment":[{"href":"https:\/\/f-wines.com\/fr\/wp-json\/wp\/v2\/media?parent=547"}],"wp:term":[{"taxonomy":"folder","embeddable":true,"href":"https:\/\/f-wines.com\/fr\/wp-json\/wp\/v2\/folder?post=547"}],"curies":[{"name":"wp","href":"https:\/\/api.w.org\/{rel}","templated":true}]}}