{"id":584,"date":"2024-06-21T16:10:42","date_gmt":"2024-06-21T16:10:42","guid":{"rendered":"https:\/\/f-wines.com\/?page_id=584"},"modified":"2025-01-24T10:54:50","modified_gmt":"2025-01-24T10:54:50","slug":"domaine-de-la-grande-bauquiere","status":"publish","type":"page","link":"https:\/\/f-wines.com\/fr\/domaine-de-la-grande-bauquiere\/","title":{"rendered":"LA GRANDE BAUQUIERE"},"content":{"rendered":"<div data-elementor-type=\"wp-page\" data-elementor-id=\"584\" class=\"elementor elementor-584\">\n\t\t\t\t<div class=\"elementor-element elementor-element-b77ad9b e-flex e-con-boxed e-con e-parent\" data-id=\"b77ad9b\" data-element_type=\"container\" data-e-type=\"container\">\n\t\t\t\t\t<div class=\"e-con-inner\">\n\t\t\t\t<div class=\"elementor-element elementor-element-d3f2fd9 elementor-widget elementor-widget-heading\" data-id=\"d3f2fd9\" data-element_type=\"widget\" data-e-type=\"widget\" data-widget_type=\"heading.default\">\n\t\t\t\t<div class=\"elementor-widget-container\">\n\t\t\t\t\t<h2 class=\"elementor-heading-title elementor-size-default\">AOC C\u00d4TES DE PROVENCE<\/h2>\t\t\t\t<\/div>\n\t\t\t\t<\/div>\n\t\t\t\t\t<\/div>\n\t\t\t\t<\/div>\n\t\t<div class=\"elementor-element elementor-element-8cfc5c9 e-flex e-con-boxed e-con e-parent\" data-id=\"8cfc5c9\" data-element_type=\"container\" data-e-type=\"container\">\n\t\t\t\t\t<div class=\"e-con-inner\">\n\t\t<div class=\"elementor-element elementor-element-4dcd8ac e-con-full e-flex e-con e-child\" data-id=\"4dcd8ac\" data-element_type=\"container\" data-e-type=\"container\">\n\t\t\t\t<div class=\"elementor-element elementor-element-6cb74eb hvr-shrink elementor-widget elementor-widget-button\" data-id=\"6cb74eb\" data-element_type=\"widget\" data-e-type=\"widget\" data-widget_type=\"button.default\">\n\t\t\t\t<div class=\"elementor-widget-container\">\n\t\t\t\t\t\t\t\t\t<div class=\"elementor-button-wrapper\">\n\t\t\t\t\t<a class=\"elementor-button elementor-button-link elementor-size-sm\" href=\"https:\/\/f-wines.com\/fr\/our-partners\/\">\n\t\t\t\t\t\t<span class=\"elementor-button-content-wrapper\">\n\t\t\t\t\t\t<span class=\"elementor-button-icon\">\n\t\t\t\t<svg aria-hidden=\"true\" class=\"e-font-icon-svg e-far-arrow-alt-circle-left\" viewbox=\"0 0 512 512\" xmlns=\"http:\/\/www.w3.org\/2000\/svg\"><path d=\"M8 256c0 137 111 248 248 248s248-111 248-248S393 8 256 8 8 119 8 256zm448 0c0 110.5-89.5 200-200 200S56 366.5 56 256 145.5 56 256 56s200 89.5 200 200zm-72-20v40c0 6.6-5.4 12-12 12H256v67c0 10.7-12.9 16-20.5 8.5l-99-99c-4.7-4.7-4.7-12.3 0-17l99-99c7.6-7.6 20.5-2.2 20.5 8.5v67h116c6.6 0 12 5.4 12 12z\"><\/path><\/svg>\t\t\t<\/span>\n\t\t\t\t\t\t\t\t\t<span class=\"elementor-button-text\"><u>Retour<\/u><\/span>\n\t\t\t\t\t<\/span>\n\t\t\t\t\t<\/a>\n\t\t\t\t<\/div>\n\t\t\t\t\t\t\t\t<\/div>\n\t\t\t\t<\/div>\n\t\t\t\t<\/div>\n\t\t<div class=\"elementor-element elementor-element-cc70b61 e-con-full e-flex e-con e-child\" data-id=\"cc70b61\" data-element_type=\"container\" data-e-type=\"container\">\n\t\t\t\t<div class=\"elementor-element elementor-element-ee81828 elementor-align-right hvr-shrink elementor-widget elementor-widget-button\" data-id=\"ee81828\" data-element_type=\"widget\" data-e-type=\"widget\" data-widget_type=\"button.default\">\n\t\t\t\t<div class=\"elementor-widget-container\">\n\t\t\t\t\t\t\t\t\t<div class=\"elementor-button-wrapper\">\n\t\t\t\t\t<a class=\"elementor-button elementor-button-link elementor-size-sm\" href=\"https:\/\/f-wines.com\/fr\/chateau-veyran\/\">\n\t\t\t\t\t\t<span class=\"elementor-button-content-wrapper\">\n\t\t\t\t\t\t<span class=\"elementor-button-icon\">\n\t\t\t\t<svg aria-hidden=\"true\" class=\"e-font-icon-svg e-far-arrow-alt-circle-right\" viewbox=\"0 0 512 512\" xmlns=\"http:\/\/www.w3.org\/2000\/svg\"><path d=\"M504 256C504 119 393 8 256 8S8 119 8 256s111 248 248 248 248-111 248-248zm-448 0c0-110.5 89.5-200 200-200s200 89.5 200 200-89.5 200-200 200S56 366.5 56 256zm72 20v-40c0-6.6 5.4-12 12-12h116v-67c0-10.7 12.9-16 20.5-8.5l99 99c4.7 4.7 4.7 12.3 0 17l-99 99c-7.6 7.6-20.5 2.2-20.5-8.5v-67H140c-6.6 0-12-5.4-12-12z\"><\/path><\/svg>\t\t\t<\/span>\n\t\t\t\t\t\t\t\t\t<span class=\"elementor-button-text\"><u>Prochain domaine<\/u><\/span>\n\t\t\t\t\t<\/span>\n\t\t\t\t\t<\/a>\n\t\t\t\t<\/div>\n\t\t\t\t\t\t\t\t<\/div>\n\t\t\t\t<\/div>\n\t\t\t\t<\/div>\n\t\t\t\t\t<\/div>\n\t\t\t\t<\/div>\n\t\t\t\t<section class=\"elementor-section elementor-top-section elementor-element elementor-element-3167b17e elementor-section-boxed elementor-section-height-default elementor-section-height-default\" data-id=\"3167b17e\" data-element_type=\"section\" data-e-type=\"section\" data-settings=\"{&quot;background_background&quot;:&quot;classic&quot;}\">\n\t\t\t\t\t\t<div class=\"elementor-container elementor-column-gap-no\">\n\t\t\t\t\t<div class=\"elementor-column elementor-col-100 elementor-top-column elementor-element elementor-element-6bdce2c8\" data-id=\"6bdce2c8\" data-element_type=\"column\" data-e-type=\"column\">\n\t\t\t<div class=\"elementor-widget-wrap elementor-element-populated\">\n\t\t\t\t\t\t<section class=\"elementor-section elementor-inner-section elementor-element elementor-element-6476d32e elementor-section-boxed elementor-section-height-default elementor-section-height-default\" data-id=\"6476d32e\" data-element_type=\"section\" data-e-type=\"section\" data-settings=\"{&quot;background_background&quot;:&quot;classic&quot;}\">\n\t\t\t\t\t\t<div class=\"elementor-container elementor-column-gap-no\">\n\t\t\t\t\t<div class=\"elementor-column elementor-col-50 elementor-inner-column elementor-element elementor-element-6ace4d64\" data-id=\"6ace4d64\" data-element_type=\"column\" data-e-type=\"column\">\n\t\t\t<div class=\"elementor-widget-wrap elementor-element-populated\">\n\t\t\t\t\t\t<div class=\"elementor-element elementor-element-19991ffa elementor-view-default elementor-widget elementor-widget-icon\" data-id=\"19991ffa\" data-element_type=\"widget\" data-e-type=\"widget\" data-widget_type=\"icon.default\">\n\t\t\t\t<div class=\"elementor-widget-container\">\n\t\t\t\t\t\t\t<div class=\"elementor-icon-wrapper\">\n\t\t\t<div class=\"elementor-icon\">\n\t\t\t<svg aria-hidden=\"true\" class=\"e-font-icon-svg e-fas-quote-left\" viewbox=\"0 0 512 512\" xmlns=\"http:\/\/www.w3.org\/2000\/svg\"><path d=\"M464 256h-80v-64c0-35.3 28.7-64 64-64h8c13.3 0 24-10.7 24-24V56c0-13.3-10.7-24-24-24h-8c-88.4 0-160 71.6-160 160v240c0 26.5 21.5 48 48 48h128c26.5 0 48-21.5 48-48V304c0-26.5-21.5-48-48-48zm-288 0H96v-64c0-35.3 28.7-64 64-64h8c13.3 0 24-10.7 24-24V56c0-13.3-10.7-24-24-24h-8C71.6 32 0 103.6 0 192v240c0 26.5 21.5 48 48 48h128c26.5 0 48-21.5 48-48V304c0-26.5-21.5-48-48-48z\"><\/path><\/svg>\t\t\t<\/div>\n\t\t<\/div>\n\t\t\t\t\t\t<\/div>\n\t\t\t\t<\/div>\n\t\t\t\t\t<\/div>\n\t\t<\/div>\n\t\t\t\t<div class=\"elementor-column elementor-col-50 elementor-inner-column elementor-element elementor-element-5d09a667\" data-id=\"5d09a667\" data-element_type=\"column\" data-e-type=\"column\">\n\t\t\t<div class=\"elementor-widget-wrap elementor-element-populated\">\n\t\t\t\t\t\t<div class=\"elementor-element elementor-element-4af3a800 elementor-widget elementor-widget-heading\" data-id=\"4af3a800\" data-element_type=\"widget\" data-e-type=\"widget\" data-widget_type=\"heading.default\">\n\t\t\t\t<div class=\"elementor-widget-container\">\n\t\t\t\t\t<h3 class=\"elementor-heading-title elementor-size-medium\"><span><p dir=\"ltr\" style=\"line-height: 1.38;margin-top: 0pt;margin-bottom: 0pt\"><font color=\"#000000\" face=\"Montserrat\" style=\"font-size: 19px\"><span style=\"font-size: 14.6667px\">Nich\u00e9 au pied de la montagne Sainte-Victoire, le Domaine La Grande Bauqui\u00e8re est dot\u00e9 d\u2019un remarquable terroir, propice \u00e0 l\u2019\u00e9laboration de grands vins.<\/span><\/font><\/p><\/span><br><span><p dir=\"ltr\" style=\"line-height: 1.38;margin-top: 0pt;margin-bottom: 0pt\"><span style=\"font-size: 14.6667px;font-weight: 400;font-family: Montserrat\">Certifi\u00e9es en agriculture biologique, les vignes, r\u00e9parties sur 80 ha d\u2019un seul tenant, sont prot\u00e9g\u00e9es par un \u00e9crin v\u00e9g\u00e9tal qui d\u00e9limite le paysage et conf\u00e8re au vignoble sa singularit\u00e9.  \nLes cuv\u00e9es se d\u00e9clinent en trois couleurs, issues des c\u00e9pages traditionnels de la Provence : le Grenache, le Cinsault, la Syrah, le Rolle. Le ros\u00e9, majoritaire, repr\u00e9sente 85% de la production en C\u00f4tes de Provence et IGP M\u00e9diterran\u00e9e.&nbsp;<\/span><\/p><\/span><br><span><p dir=\"ltr\" style=\"line-height: 1.38;margin-top: 0pt;margin-bottom: 0pt\"><span style=\"font-size: 14.6667px;font-weight: 400;font-family: Montserrat\"><i>  \u00ab Nos vins tirent de notre terroir leur identit\u00e9, leurs effluves solaires et min\u00e9rales, pour des moments de joie et de convivialit\u00e9. \u00bb<\/i> <\/span><span style=\"font-size: 14.6667px;font-family: Montserrat\">Doroth\u00e9e Salat<\/span><span style=\"font-family: Montserrat, sans-serif;font-size: 19px\"><\/span><\/p><\/span><\/h3>\t\t\t\t<\/div>\n\t\t\t\t<\/div>\n\t\t\t\t<div class=\"elementor-element elementor-element-e81a217 elementor-widget elementor-widget-image\" data-id=\"e81a217\" data-element_type=\"widget\" data-e-type=\"widget\" data-widget_type=\"image.default\">\n\t\t\t\t<div class=\"elementor-widget-container\">\n\t\t\t\t\t\t\t\t\t\t\t\t\t\t\t<img decoding=\"async\" width=\"300\" height=\"127\" src=\"https:\/\/f-wines.com\/wp-content\/uploads\/2024\/06\/1-300x127.png\" class=\"attachment-medium size-medium wp-image-256\" alt=\"\" srcset=\"https:\/\/f-wines.com\/wp-content\/uploads\/2024\/06\/1-300x127.png 300w, https:\/\/f-wines.com\/wp-content\/uploads\/2024\/06\/1-1024x432.png 1024w, https:\/\/f-wines.com\/wp-content\/uploads\/2024\/06\/1-768x324.png 768w, https:\/\/f-wines.com\/wp-content\/uploads\/2024\/06\/1.png 1075w\" sizes=\"(max-width: 300px) 100vw, 300px\" \/>\t\t\t\t\t\t\t\t\t\t\t\t\t\t\t<\/div>\n\t\t\t\t<\/div>\n\t\t\t\t\t<\/div>\n\t\t<\/div>\n\t\t\t\t\t<\/div>\n\t\t<\/section>\n\t\t\t\t\t<\/div>\n\t\t<\/div>\n\t\t\t\t\t<\/div>\n\t\t<\/section>\n\t\t<div class=\"elementor-element elementor-element-7129f14f e-flex e-con-boxed e-con e-parent\" data-id=\"7129f14f\" data-element_type=\"container\" data-e-type=\"container\">\n\t\t\t\t\t<div class=\"e-con-inner\">\n\t\t\t\t<div class=\"elementor-element elementor-element-3fd5ab6d elementor-widget elementor-widget-image-gallery\" data-id=\"3fd5ab6d\" data-element_type=\"widget\" data-e-type=\"widget\" data-widget_type=\"image-gallery.default\">\n\t\t\t\t<div class=\"elementor-widget-container\">\n\t\t\t\t\t\t\t<div class=\"elementor-image-gallery\">\n\t\t\t<div id='gallery-6' class='gallery galleryid-584 gallery-columns-4 gallery-size-full'><figure class='gallery-item'>\n\t\t\t<div class='gallery-icon portrait'>\n\t\t\t\t<img fetchpriority=\"high\" decoding=\"async\" width=\"1080\" height=\"1617\" src=\"https:\/\/f-wines.com\/wp-content\/uploads\/2024\/09\/Dom_LA_GRANDE_BAUQUIERE_002-scaled-e1726600296445.jpg\" class=\"attachment-full size-full\" alt=\"\" srcset=\"https:\/\/f-wines.com\/wp-content\/uploads\/2024\/09\/Dom_LA_GRANDE_BAUQUIERE_002-scaled-e1726600296445.jpg 1080w, https:\/\/f-wines.com\/wp-content\/uploads\/2024\/09\/Dom_LA_GRANDE_BAUQUIERE_002-scaled-e1726600296445-200x300.jpg 200w, https:\/\/f-wines.com\/wp-content\/uploads\/2024\/09\/Dom_LA_GRANDE_BAUQUIERE_002-scaled-e1726600296445-684x1024.jpg 684w, https:\/\/f-wines.com\/wp-content\/uploads\/2024\/09\/Dom_LA_GRANDE_BAUQUIERE_002-scaled-e1726600296445-768x1150.jpg 768w, https:\/\/f-wines.com\/wp-content\/uploads\/2024\/09\/Dom_LA_GRANDE_BAUQUIERE_002-scaled-e1726600296445-1026x1536.jpg 1026w, https:\/\/f-wines.com\/wp-content\/uploads\/2024\/09\/Dom_LA_GRANDE_BAUQUIERE_002-scaled-e1726600296445-8x12.jpg 8w\" sizes=\"(max-width: 1080px) 100vw, 1080px\" \/>\n\t\t\t<\/div><\/figure><figure class='gallery-item'>\n\t\t\t<div class='gallery-icon portrait'>\n\t\t\t\t<img decoding=\"async\" width=\"1707\" height=\"2560\" src=\"https:\/\/f-wines.com\/wp-content\/uploads\/2024\/06\/12.jpg\" class=\"attachment-full size-full\" alt=\"\" srcset=\"https:\/\/f-wines.com\/wp-content\/uploads\/2024\/06\/12.jpg 1707w, https:\/\/f-wines.com\/wp-content\/uploads\/2024\/06\/12-200x300.jpg 200w, https:\/\/f-wines.com\/wp-content\/uploads\/2024\/06\/12-683x1024.jpg 683w, https:\/\/f-wines.com\/wp-content\/uploads\/2024\/06\/12-768x1152.jpg 768w, https:\/\/f-wines.com\/wp-content\/uploads\/2024\/06\/12-1024x1536.jpg 1024w, https:\/\/f-wines.com\/wp-content\/uploads\/2024\/06\/12-1366x2048.jpg 1366w, https:\/\/f-wines.com\/wp-content\/uploads\/2024\/06\/12-8x12.jpg 8w\" sizes=\"(max-width: 1707px) 100vw, 1707px\" \/>\n\t\t\t<\/div><\/figure><figure class='gallery-item'>\n\t\t\t<div class='gallery-icon portrait'>\n\t\t\t\t<img loading=\"lazy\" decoding=\"async\" width=\"1707\" height=\"2560\" src=\"https:\/\/f-wines.com\/wp-content\/uploads\/2024\/09\/13.jpg\" class=\"attachment-full size-full\" alt=\"\" srcset=\"https:\/\/f-wines.com\/wp-content\/uploads\/2024\/09\/13.jpg 1707w, https:\/\/f-wines.com\/wp-content\/uploads\/2024\/09\/13-200x300.jpg 200w, https:\/\/f-wines.com\/wp-content\/uploads\/2024\/09\/13-683x1024.jpg 683w, https:\/\/f-wines.com\/wp-content\/uploads\/2024\/09\/13-768x1152.jpg 768w, https:\/\/f-wines.com\/wp-content\/uploads\/2024\/09\/13-1024x1536.jpg 1024w, https:\/\/f-wines.com\/wp-content\/uploads\/2024\/09\/13-1366x2048.jpg 1366w, https:\/\/f-wines.com\/wp-content\/uploads\/2024\/09\/13-8x12.jpg 8w\" sizes=\"(max-width: 1707px) 100vw, 1707px\" \/>\n\t\t\t<\/div><\/figure><figure class='gallery-item'>\n\t\t\t<div class='gallery-icon portrait'>\n\t\t\t\t<img loading=\"lazy\" decoding=\"async\" width=\"1707\" height=\"2560\" src=\"https:\/\/f-wines.com\/wp-content\/uploads\/2024\/09\/14.jpg\" class=\"attachment-full size-full\" alt=\"\" srcset=\"https:\/\/f-wines.com\/wp-content\/uploads\/2024\/09\/14.jpg 1707w, https:\/\/f-wines.com\/wp-content\/uploads\/2024\/09\/14-200x300.jpg 200w, https:\/\/f-wines.com\/wp-content\/uploads\/2024\/09\/14-683x1024.jpg 683w, https:\/\/f-wines.com\/wp-content\/uploads\/2024\/09\/14-768x1152.jpg 768w, https:\/\/f-wines.com\/wp-content\/uploads\/2024\/09\/14-1024x1536.jpg 1024w, https:\/\/f-wines.com\/wp-content\/uploads\/2024\/09\/14-1366x2048.jpg 1366w, https:\/\/f-wines.com\/wp-content\/uploads\/2024\/09\/14-8x12.jpg 8w\" sizes=\"(max-width: 1707px) 100vw, 1707px\" \/>\n\t\t\t<\/div><\/figure>\n\t\t<\/div>\n\t\t<\/div>\n\t\t\t\t\t\t<\/div>\n\t\t\t\t<\/div>\n\t\t\t\t\t<\/div>\n\t\t\t\t<\/div>\n\t\t<div class=\"elementor-element elementor-element-6d46f02 e-flex e-con-boxed e-con e-parent\" data-id=\"6d46f02\" data-element_type=\"container\" data-e-type=\"container\">\n\t\t\t\t\t<div class=\"e-con-inner\">\n\t\t\t\t<div class=\"elementor-element elementor-element-c656809 elementor-widget elementor-widget-text-editor\" data-id=\"c656809\" data-element_type=\"widget\" data-e-type=\"widget\" data-widget_type=\"text-editor.default\">\n\t\t\t\t<div class=\"elementor-widget-container\">\n\t\t\t\t\t\t\t\t\t<p>Pour plus d'informations sur les disponibilit\u00e9s export du <strong>La Grande Bauqui\u00e8re<\/strong> contactez-nous \u00e0 <a href=\"mailto:contact@f-wines.com\">contact@f-wines.com<\/a><\/p>\t\t\t\t\t\t\t\t<\/div>\n\t\t\t\t<\/div>\n\t\t\t\t\t<\/div>\n\t\t\t\t<\/div>\n\t\t\t\t<\/div>","protected":false},"excerpt":{"rendered":"<p>AOC C\u00d4TES DE PROVENCE Back Next Producer Nestled at the foot of the Sainte-Victoire mountain, Domaine La Grande Bauqui\u00e8re boasts a remarkable terroir ideal for crafting exceptional wines. The 80-hectare vineyard, certified organic and surrounded by a lush natural barrier, is truly unique. Wines are produced in three colors from traditional Proven\u00e7al grape varieties: Grenache, [&hellip;]<\/p>\n","protected":false},"author":2,"featured_media":0,"parent":0,"menu_order":0,"comment_status":"closed","ping_status":"closed","template":"","meta":{"footnotes":""},"folder":[32],"class_list":["post-584","page","type-page","status-publish","hentry"],"aioseo_notices":[],"jetpack_sharing_enabled":true,"_links":{"self":[{"href":"https:\/\/f-wines.com\/fr\/wp-json\/wp\/v2\/pages\/584","targetHints":{"allow":["GET"]}}],"collection":[{"href":"https:\/\/f-wines.com\/fr\/wp-json\/wp\/v2\/pages"}],"about":[{"href":"https:\/\/f-wines.com\/fr\/wp-json\/wp\/v2\/types\/page"}],"author":[{"embeddable":true,"href":"https:\/\/f-wines.com\/fr\/wp-json\/wp\/v2\/users\/2"}],"replies":[{"embeddable":true,"href":"https:\/\/f-wines.com\/fr\/wp-json\/wp\/v2\/comments?post=584"}],"version-history":[{"count":70,"href":"https:\/\/f-wines.com\/fr\/wp-json\/wp\/v2\/pages\/584\/revisions"}],"predecessor-version":[{"id":3025,"href":"https:\/\/f-wines.com\/fr\/wp-json\/wp\/v2\/pages\/584\/revisions\/3025"}],"wp:attachment":[{"href":"https:\/\/f-wines.com\/fr\/wp-json\/wp\/v2\/media?parent=584"}],"wp:term":[{"taxonomy":"folder","embeddable":true,"href":"https:\/\/f-wines.com\/fr\/wp-json\/wp\/v2\/folder?post=584"}],"curies":[{"name":"wp","href":"https:\/\/api.w.org\/{rel}","templated":true}]}}