{"id":851,"date":"2024-06-26T16:18:26","date_gmt":"2024-06-26T16:18:26","guid":{"rendered":"https:\/\/f-wines.com\/?page_id=851"},"modified":"2025-01-24T10:55:18","modified_gmt":"2025-01-24T10:55:18","slug":"maison-lestapis","status":"publish","type":"page","link":"https:\/\/f-wines.com\/fr\/maison-lestapis\/","title":{"rendered":"MAISON LESTAPIS"},"content":{"rendered":"<div data-elementor-type=\"wp-page\" data-elementor-id=\"851\" class=\"elementor elementor-851\">\n\t\t\t\t<div class=\"elementor-element elementor-element-ea9e0cd e-flex e-con-boxed e-con e-parent\" data-id=\"ea9e0cd\" data-element_type=\"container\" data-e-type=\"container\">\n\t\t\t\t\t<div class=\"e-con-inner\">\n\t\t\t\t<div class=\"elementor-element elementor-element-33bb7ed elementor-widget elementor-widget-heading\" data-id=\"33bb7ed\" data-element_type=\"widget\" data-e-type=\"widget\" data-widget_type=\"heading.default\">\n\t\t\t\t<div class=\"elementor-widget-container\">\n\t\t\t\t\t<h2 class=\"elementor-heading-title elementor-size-default\">BORDEAUX GRANDS CRUS CLASS\u00c9S &amp; CH\u00c2TEAUX <\/h2>\t\t\t\t<\/div>\n\t\t\t\t<\/div>\n\t\t\t\t\t<\/div>\n\t\t\t\t<\/div>\n\t\t<div class=\"elementor-element elementor-element-9cd9a6f e-flex e-con-boxed e-con e-parent\" data-id=\"9cd9a6f\" data-element_type=\"container\" data-e-type=\"container\">\n\t\t\t\t\t<div class=\"e-con-inner\">\n\t\t<div class=\"elementor-element elementor-element-9594263 e-con-full e-flex e-con e-child\" data-id=\"9594263\" data-element_type=\"container\" data-e-type=\"container\">\n\t\t\t\t<div class=\"elementor-element elementor-element-dd0c94a hvr-shrink elementor-widget elementor-widget-button\" data-id=\"dd0c94a\" data-element_type=\"widget\" data-e-type=\"widget\" data-widget_type=\"button.default\">\n\t\t\t\t<div class=\"elementor-widget-container\">\n\t\t\t\t\t\t\t\t\t<div class=\"elementor-button-wrapper\">\n\t\t\t\t\t<a class=\"elementor-button elementor-button-link elementor-size-sm\" href=\"https:\/\/f-wines.com\/fr\/our-partners\/\">\n\t\t\t\t\t\t<span class=\"elementor-button-content-wrapper\">\n\t\t\t\t\t\t<span class=\"elementor-button-icon\">\n\t\t\t\t<svg aria-hidden=\"true\" class=\"e-font-icon-svg e-far-arrow-alt-circle-left\" viewbox=\"0 0 512 512\" xmlns=\"http:\/\/www.w3.org\/2000\/svg\"><path d=\"M8 256c0 137 111 248 248 248s248-111 248-248S393 8 256 8 8 119 8 256zm448 0c0 110.5-89.5 200-200 200S56 366.5 56 256 145.5 56 256 56s200 89.5 200 200zm-72-20v40c0 6.6-5.4 12-12 12H256v67c0 10.7-12.9 16-20.5 8.5l-99-99c-4.7-4.7-4.7-12.3 0-17l99-99c7.6-7.6 20.5-2.2 20.5 8.5v67h116c6.6 0 12 5.4 12 12z\"><\/path><\/svg>\t\t\t<\/span>\n\t\t\t\t\t\t\t\t\t<span class=\"elementor-button-text\"><u>Retour<\/u><\/span>\n\t\t\t\t\t<\/span>\n\t\t\t\t\t<\/a>\n\t\t\t\t<\/div>\n\t\t\t\t\t\t\t\t<\/div>\n\t\t\t\t<\/div>\n\t\t\t\t<\/div>\n\t\t<div class=\"elementor-element elementor-element-a9e0ff4 e-con-full e-flex e-con e-child\" data-id=\"a9e0ff4\" data-element_type=\"container\" data-e-type=\"container\">\n\t\t\t\t<div class=\"elementor-element elementor-element-53e30f2 elementor-align-right hvr-shrink elementor-widget elementor-widget-button\" data-id=\"53e30f2\" data-element_type=\"widget\" data-e-type=\"widget\" data-widget_type=\"button.default\">\n\t\t\t\t<div class=\"elementor-widget-container\">\n\t\t\t\t\t\t\t\t\t<div class=\"elementor-button-wrapper\">\n\t\t\t\t\t<a class=\"elementor-button elementor-button-link elementor-size-sm\" href=\"https:\/\/f-wines.com\/fr\/domaine-jubain\/\">\n\t\t\t\t\t\t<span class=\"elementor-button-content-wrapper\">\n\t\t\t\t\t\t<span class=\"elementor-button-icon\">\n\t\t\t\t<svg aria-hidden=\"true\" class=\"e-font-icon-svg e-far-arrow-alt-circle-right\" viewbox=\"0 0 512 512\" xmlns=\"http:\/\/www.w3.org\/2000\/svg\"><path d=\"M504 256C504 119 393 8 256 8S8 119 8 256s111 248 248 248 248-111 248-248zm-448 0c0-110.5 89.5-200 200-200s200 89.5 200 200-89.5 200-200 200S56 366.5 56 256zm72 20v-40c0-6.6 5.4-12 12-12h116v-67c0-10.7 12.9-16 20.5-8.5l99 99c4.7 4.7 4.7 12.3 0 17l-99 99c-7.6 7.6-20.5 2.2-20.5-8.5v-67H140c-6.6 0-12-5.4-12-12z\"><\/path><\/svg>\t\t\t<\/span>\n\t\t\t\t\t\t\t\t\t<span class=\"elementor-button-text\"><u>Prochain domaine<\/u><\/span>\n\t\t\t\t\t<\/span>\n\t\t\t\t\t<\/a>\n\t\t\t\t<\/div>\n\t\t\t\t\t\t\t\t<\/div>\n\t\t\t\t<\/div>\n\t\t\t\t<\/div>\n\t\t\t\t\t<\/div>\n\t\t\t\t<\/div>\n\t\t\t\t<section class=\"elementor-section elementor-top-section elementor-element elementor-element-1a76fa5 elementor-section-boxed elementor-section-height-default elementor-section-height-default\" data-id=\"1a76fa5\" data-element_type=\"section\" data-e-type=\"section\" data-settings=\"{&quot;background_background&quot;:&quot;classic&quot;}\">\n\t\t\t\t\t\t<div class=\"elementor-container elementor-column-gap-no\">\n\t\t\t\t\t<div class=\"elementor-column elementor-col-100 elementor-top-column elementor-element elementor-element-62e8ed57\" data-id=\"62e8ed57\" data-element_type=\"column\" data-e-type=\"column\">\n\t\t\t<div class=\"elementor-widget-wrap elementor-element-populated\">\n\t\t\t\t\t\t<section class=\"elementor-section elementor-inner-section elementor-element elementor-element-740cfa02 elementor-section-boxed elementor-section-height-default elementor-section-height-default\" data-id=\"740cfa02\" data-element_type=\"section\" data-e-type=\"section\" data-settings=\"{&quot;background_background&quot;:&quot;classic&quot;}\">\n\t\t\t\t\t\t<div class=\"elementor-container elementor-column-gap-no\">\n\t\t\t\t\t<div class=\"elementor-column elementor-col-50 elementor-inner-column elementor-element elementor-element-4fbac482\" data-id=\"4fbac482\" data-element_type=\"column\" data-e-type=\"column\">\n\t\t\t<div class=\"elementor-widget-wrap elementor-element-populated\">\n\t\t\t\t\t\t<div class=\"elementor-element elementor-element-247dded8 elementor-view-default elementor-widget elementor-widget-icon\" data-id=\"247dded8\" data-element_type=\"widget\" data-e-type=\"widget\" data-widget_type=\"icon.default\">\n\t\t\t\t<div class=\"elementor-widget-container\">\n\t\t\t\t\t\t\t<div class=\"elementor-icon-wrapper\">\n\t\t\t<div class=\"elementor-icon\">\n\t\t\t<svg aria-hidden=\"true\" class=\"e-font-icon-svg e-fas-quote-left\" viewbox=\"0 0 512 512\" xmlns=\"http:\/\/www.w3.org\/2000\/svg\"><path d=\"M464 256h-80v-64c0-35.3 28.7-64 64-64h8c13.3 0 24-10.7 24-24V56c0-13.3-10.7-24-24-24h-8c-88.4 0-160 71.6-160 160v240c0 26.5 21.5 48 48 48h128c26.5 0 48-21.5 48-48V304c0-26.5-21.5-48-48-48zm-288 0H96v-64c0-35.3 28.7-64 64-64h8c13.3 0 24-10.7 24-24V56c0-13.3-10.7-24-24-24h-8C71.6 32 0 103.6 0 192v240c0 26.5 21.5 48 48 48h128c26.5 0 48-21.5 48-48V304c0-26.5-21.5-48-48-48z\"><\/path><\/svg>\t\t\t<\/div>\n\t\t<\/div>\n\t\t\t\t\t\t<\/div>\n\t\t\t\t<\/div>\n\t\t\t\t\t<\/div>\n\t\t<\/div>\n\t\t\t\t<div class=\"elementor-column elementor-col-50 elementor-inner-column elementor-element elementor-element-7f574c38\" data-id=\"7f574c38\" data-element_type=\"column\" data-e-type=\"column\">\n\t\t\t<div class=\"elementor-widget-wrap elementor-element-populated\">\n\t\t\t\t\t\t<div class=\"elementor-element elementor-element-6b623c0b elementor-widget elementor-widget-heading\" data-id=\"6b623c0b\" data-element_type=\"widget\" data-e-type=\"widget\" data-widget_type=\"heading.default\">\n\t\t\t\t<div class=\"elementor-widget-container\">\n\t\t\t\t\t<h3 class=\"elementor-heading-title elementor-size-medium\"><span><font color=\"#000000\" face=\"Montserrat\"><span style=\"font-size: 14.6667px\">L'histoire commence en 1818, lorsque les fr\u00e8res de Lestapis se sont install\u00e9s \u00e0 Bordeaux pour \u00e9tablir leur maison de n\u00e9goce de vin. Lestapis &amp; Cie, membre et administrateur du N\u00e9goce de Bordeaux, perp\u00e9tue l'h\u00e9ritage et la tradition de ses fondateurs. <\/span><\/font><\/span> <span><font color=\"#000000\" face=\"Montserrat\"><span style=\"font-size: 14.6667px\"><br><\/span><\/font><\/span><br><font color=\"#000000\" face=\"Montserrat\"><span style=\"font-size: 14.6667px;font-weight: 400\">En juin 2022, Lestapis &amp; Cie \u00e9crit une nouvelle page de son histoire en devenant membre du groupe Wine Around, avec l'ambition d'atteindre son plein potentiel de d\u00e9veloppement. <\/span><\/font><br><br><font color=\"#000000\" face=\"Montserrat\"><span style=\"font-size: 14.6667px;font-weight: 400\">Maison Lestapis a d\u00e9velopp\u00e9 une expertise dans les Grands Crus, avec un stock cons\u00e9quent de mill\u00e9simes anciens, conserv\u00e9s dans des conditions parfaites, et propose une gamme de petits ch\u00e2teaux issus de domaines familiaux, distribu\u00e9s en exclusivit\u00e9 avec lesquels ils entretiennent des partenariats \u00e9troits et des relations privil\u00e9gi\u00e9es. <\/span><\/font><\/h3>\t\t\t\t<\/div>\n\t\t\t\t<\/div>\n\t\t\t\t<div class=\"elementor-element elementor-element-67a39a0 elementor-widget elementor-widget-image\" data-id=\"67a39a0\" data-element_type=\"widget\" data-e-type=\"widget\" data-widget_type=\"image.default\">\n\t\t\t\t<div class=\"elementor-widget-container\">\n\t\t\t\t\t\t\t\t\t\t\t\t\t\t\t<img decoding=\"async\" width=\"300\" height=\"127\" src=\"https:\/\/f-wines.com\/wp-content\/uploads\/2024\/09\/2-300x127.png\" class=\"attachment-medium size-medium wp-image-2730\" alt=\"\" srcset=\"https:\/\/f-wines.com\/wp-content\/uploads\/2024\/09\/2-300x127.png 300w, https:\/\/f-wines.com\/wp-content\/uploads\/2024\/09\/2-1024x432.png 1024w, https:\/\/f-wines.com\/wp-content\/uploads\/2024\/09\/2-768x324.png 768w, https:\/\/f-wines.com\/wp-content\/uploads\/2024\/09\/2-18x8.png 18w, https:\/\/f-wines.com\/wp-content\/uploads\/2024\/09\/2.png 1075w\" sizes=\"(max-width: 300px) 100vw, 300px\" \/>\t\t\t\t\t\t\t\t\t\t\t\t\t\t\t<\/div>\n\t\t\t\t<\/div>\n\t\t\t\t\t<\/div>\n\t\t<\/div>\n\t\t\t\t\t<\/div>\n\t\t<\/section>\n\t\t\t\t\t<\/div>\n\t\t<\/div>\n\t\t\t\t\t<\/div>\n\t\t<\/section>\n\t\t<div class=\"elementor-element elementor-element-6860e4e1 e-flex e-con-boxed e-con e-parent\" data-id=\"6860e4e1\" data-element_type=\"container\" data-e-type=\"container\">\n\t\t\t\t\t<div class=\"e-con-inner\">\n\t\t\t\t<div class=\"elementor-element elementor-element-697aafca elementor-widget elementor-widget-image-gallery\" data-id=\"697aafca\" data-element_type=\"widget\" data-e-type=\"widget\" data-widget_type=\"image-gallery.default\">\n\t\t\t\t<div class=\"elementor-widget-container\">\n\t\t\t\t\t\t\t<div class=\"elementor-image-gallery\">\n\t\t\t<div id='gallery-5' class='gallery galleryid-851 gallery-columns-4 gallery-size-full'><figure class='gallery-item'>\n\t\t\t<div class='gallery-icon portrait'>\n\t\t\t\t<img fetchpriority=\"high\" decoding=\"async\" width=\"1707\" height=\"2560\" src=\"https:\/\/f-wines.com\/wp-content\/uploads\/2024\/09\/33.jpg\" class=\"attachment-full size-full\" alt=\"\" srcset=\"https:\/\/f-wines.com\/wp-content\/uploads\/2024\/09\/33.jpg 1707w, https:\/\/f-wines.com\/wp-content\/uploads\/2024\/09\/33-200x300.jpg 200w, https:\/\/f-wines.com\/wp-content\/uploads\/2024\/09\/33-683x1024.jpg 683w, https:\/\/f-wines.com\/wp-content\/uploads\/2024\/09\/33-768x1152.jpg 768w, https:\/\/f-wines.com\/wp-content\/uploads\/2024\/09\/33-1024x1536.jpg 1024w, https:\/\/f-wines.com\/wp-content\/uploads\/2024\/09\/33-1366x2048.jpg 1366w, https:\/\/f-wines.com\/wp-content\/uploads\/2024\/09\/33-8x12.jpg 8w\" sizes=\"(max-width: 1707px) 100vw, 1707px\" \/>\n\t\t\t<\/div><\/figure><figure class='gallery-item'>\n\t\t\t<div class='gallery-icon portrait'>\n\t\t\t\t<img decoding=\"async\" width=\"1707\" height=\"2560\" src=\"https:\/\/f-wines.com\/wp-content\/uploads\/2024\/09\/34.jpg\" class=\"attachment-full size-full\" alt=\"\" srcset=\"https:\/\/f-wines.com\/wp-content\/uploads\/2024\/09\/34.jpg 1707w, https:\/\/f-wines.com\/wp-content\/uploads\/2024\/09\/34-200x300.jpg 200w, https:\/\/f-wines.com\/wp-content\/uploads\/2024\/09\/34-683x1024.jpg 683w, https:\/\/f-wines.com\/wp-content\/uploads\/2024\/09\/34-768x1152.jpg 768w, https:\/\/f-wines.com\/wp-content\/uploads\/2024\/09\/34-1024x1536.jpg 1024w, https:\/\/f-wines.com\/wp-content\/uploads\/2024\/09\/34-1366x2048.jpg 1366w, https:\/\/f-wines.com\/wp-content\/uploads\/2024\/09\/34-8x12.jpg 8w\" sizes=\"(max-width: 1707px) 100vw, 1707px\" \/>\n\t\t\t<\/div><\/figure><figure class='gallery-item'>\n\t\t\t<div class='gallery-icon portrait'>\n\t\t\t\t<img loading=\"lazy\" decoding=\"async\" width=\"1707\" height=\"2560\" src=\"https:\/\/f-wines.com\/wp-content\/uploads\/2024\/09\/30.jpg\" class=\"attachment-full size-full\" alt=\"\" srcset=\"https:\/\/f-wines.com\/wp-content\/uploads\/2024\/09\/30.jpg 1707w, https:\/\/f-wines.com\/wp-content\/uploads\/2024\/09\/30-200x300.jpg 200w, https:\/\/f-wines.com\/wp-content\/uploads\/2024\/09\/30-683x1024.jpg 683w, https:\/\/f-wines.com\/wp-content\/uploads\/2024\/09\/30-768x1152.jpg 768w, https:\/\/f-wines.com\/wp-content\/uploads\/2024\/09\/30-1024x1536.jpg 1024w, https:\/\/f-wines.com\/wp-content\/uploads\/2024\/09\/30-1366x2048.jpg 1366w, https:\/\/f-wines.com\/wp-content\/uploads\/2024\/09\/30-8x12.jpg 8w\" sizes=\"(max-width: 1707px) 100vw, 1707px\" \/>\n\t\t\t<\/div><\/figure><figure class='gallery-item'>\n\t\t\t<div class='gallery-icon portrait'>\n\t\t\t\t<img loading=\"lazy\" decoding=\"async\" width=\"1707\" height=\"2560\" src=\"https:\/\/f-wines.com\/wp-content\/uploads\/2024\/09\/27.jpg\" class=\"attachment-full size-full\" alt=\"\" srcset=\"https:\/\/f-wines.com\/wp-content\/uploads\/2024\/09\/27.jpg 1707w, https:\/\/f-wines.com\/wp-content\/uploads\/2024\/09\/27-200x300.jpg 200w, https:\/\/f-wines.com\/wp-content\/uploads\/2024\/09\/27-683x1024.jpg 683w, https:\/\/f-wines.com\/wp-content\/uploads\/2024\/09\/27-768x1152.jpg 768w, https:\/\/f-wines.com\/wp-content\/uploads\/2024\/09\/27-1024x1536.jpg 1024w, https:\/\/f-wines.com\/wp-content\/uploads\/2024\/09\/27-1366x2048.jpg 1366w, https:\/\/f-wines.com\/wp-content\/uploads\/2024\/09\/27-8x12.jpg 8w\" sizes=\"(max-width: 1707px) 100vw, 1707px\" \/>\n\t\t\t<\/div><\/figure>\n\t\t<\/div>\n\t\t<\/div>\n\t\t\t\t\t\t<\/div>\n\t\t\t\t<\/div>\n\t\t\t\t\t<\/div>\n\t\t\t\t<\/div>\n\t\t<div class=\"elementor-element elementor-element-20736b5 e-flex e-con-boxed e-con e-parent\" data-id=\"20736b5\" data-element_type=\"container\" data-e-type=\"container\">\n\t\t\t\t\t<div class=\"e-con-inner\">\n\t\t\t\t<div class=\"elementor-element elementor-element-ac37ac6 elementor-widget elementor-widget-text-editor\" data-id=\"ac37ac6\" data-element_type=\"widget\" data-e-type=\"widget\" data-widget_type=\"text-editor.default\">\n\t\t\t\t<div class=\"elementor-widget-container\">\n\t\t\t\t\t\t\t\t\t<p>Pour plus d'informations sur les disponibilit\u00e9s export du <strong>Maison Lestapis<\/strong> contactez-nous \u00e0 <span style=\"text-decoration: underline;\"><a href=\"mailto:contact@f-wines.com\">contact@f-wines.com<\/a><\/span><\/p>\t\t\t\t\t\t\t\t<\/div>\n\t\t\t\t<\/div>\n\t\t\t\t\t<\/div>\n\t\t\t\t<\/div>\n\t\t\t\t<\/div>","protected":false},"excerpt":{"rendered":"<p>BORDEAUX GRANDS CRUS CLASS\u00c9S &amp; CH\u00c2TEAUX Back Next Producer The story begins in 1818, when the de Lestapis brothers settled in Bordeaux to base their wine merchant house. Lestapis &amp; Cie, member and administrator of Bordeaux N\u00e9goce, retains the heritage and tradition of its founders. In June 2022, Lestapis &amp; Cie is writing a new [&hellip;]<\/p>\n","protected":false},"author":2,"featured_media":0,"parent":0,"menu_order":0,"comment_status":"closed","ping_status":"closed","template":"","meta":{"footnotes":""},"folder":[32],"class_list":["post-851","page","type-page","status-publish","hentry"],"aioseo_notices":[],"jetpack_sharing_enabled":true,"_links":{"self":[{"href":"https:\/\/f-wines.com\/fr\/wp-json\/wp\/v2\/pages\/851","targetHints":{"allow":["GET"]}}],"collection":[{"href":"https:\/\/f-wines.com\/fr\/wp-json\/wp\/v2\/pages"}],"about":[{"href":"https:\/\/f-wines.com\/fr\/wp-json\/wp\/v2\/types\/page"}],"author":[{"embeddable":true,"href":"https:\/\/f-wines.com\/fr\/wp-json\/wp\/v2\/users\/2"}],"replies":[{"embeddable":true,"href":"https:\/\/f-wines.com\/fr\/wp-json\/wp\/v2\/comments?post=851"}],"version-history":[{"count":83,"href":"https:\/\/f-wines.com\/fr\/wp-json\/wp\/v2\/pages\/851\/revisions"}],"predecessor-version":[{"id":3026,"href":"https:\/\/f-wines.com\/fr\/wp-json\/wp\/v2\/pages\/851\/revisions\/3026"}],"wp:attachment":[{"href":"https:\/\/f-wines.com\/fr\/wp-json\/wp\/v2\/media?parent=851"}],"wp:term":[{"taxonomy":"folder","embeddable":true,"href":"https:\/\/f-wines.com\/fr\/wp-json\/wp\/v2\/folder?post=851"}],"curies":[{"name":"wp","href":"https:\/\/api.w.org\/{rel}","templated":true}]}}