{"id":90,"date":"2024-05-16T18:00:40","date_gmt":"2024-05-16T18:00:40","guid":{"rendered":"https:\/\/f-wines.com\/?page_id=90"},"modified":"2025-11-23T18:08:23","modified_gmt":"2025-11-23T18:08:23","slug":"about","status":"publish","type":"page","link":"https:\/\/f-wines.com\/fr\/about\/","title":{"rendered":"\u00c0 propos"},"content":{"rendered":"<div data-elementor-type=\"wp-page\" data-elementor-id=\"90\" class=\"elementor elementor-90\">\n\t\t\t\t<div class=\"elementor-element elementor-element-d7418d8 e-flex e-con-boxed e-con e-parent\" data-id=\"d7418d8\" data-element_type=\"container\" data-e-type=\"container\">\n\t\t\t\t\t<div class=\"e-con-inner\">\n\t\t\t\t<div class=\"elementor-element elementor-element-78e7ab4 elementor-widget elementor-widget-heading\" data-id=\"78e7ab4\" data-element_type=\"widget\" data-e-type=\"widget\" data-widget_type=\"heading.default\">\n\t\t\t\t<div class=\"elementor-widget-container\">\n\t\t\t\t\t<h2 class=\"elementor-heading-title elementor-size-default\"><span style=\"font-weight:normal\"><p dir=\"ltr\" style=\"line-height:1.38;text-align: center;margin-top:0pt;margin-bottom:0pt\"><br><\/p><\/span>\"F. WINES advocates for estates and appellations worldwide\"<\/h2>\t\t\t\t<\/div>\n\t\t\t\t<\/div>\n\t\t\t\t\t<\/div>\n\t\t\t\t<\/div>\n\t\t<div class=\"elementor-element elementor-element-817fa15 e-flex e-con-boxed e-con e-parent\" data-id=\"817fa15\" data-element_type=\"container\" data-e-type=\"container\">\n\t\t\t\t\t<div class=\"e-con-inner\">\n\t\t\t\t<div class=\"elementor-element elementor-element-f8e7615 elementor-widget elementor-widget-image\" data-id=\"f8e7615\" data-element_type=\"widget\" data-e-type=\"widget\" data-widget_type=\"image.default\">\n\t\t\t\t<div class=\"elementor-widget-container\">\n\t\t\t\t\t\t\t\t\t\t\t\t\t\t\t<img fetchpriority=\"high\" decoding=\"async\" width=\"1600\" height=\"740\" src=\"https:\/\/f-wines.com\/wp-content\/uploads\/2024\/09\/7-copie.jpg\" class=\"attachment-full size-full wp-image-2501\" alt=\"\" srcset=\"https:\/\/f-wines.com\/wp-content\/uploads\/2024\/09\/7-copie.jpg 1600w, https:\/\/f-wines.com\/wp-content\/uploads\/2024\/09\/7-copie-300x139.jpg 300w, https:\/\/f-wines.com\/wp-content\/uploads\/2024\/09\/7-copie-1024x474.jpg 1024w, https:\/\/f-wines.com\/wp-content\/uploads\/2024\/09\/7-copie-768x355.jpg 768w, https:\/\/f-wines.com\/wp-content\/uploads\/2024\/09\/7-copie-1536x710.jpg 1536w, https:\/\/f-wines.com\/wp-content\/uploads\/2024\/09\/7-copie-18x8.jpg 18w\" sizes=\"(max-width: 1600px) 100vw, 1600px\" \/>\t\t\t\t\t\t\t\t\t\t\t\t\t\t\t<\/div>\n\t\t\t\t<\/div>\n\t\t\t\t\t<\/div>\n\t\t\t\t<\/div>\n\t\t<div class=\"elementor-element elementor-element-bf76fe9 e-flex e-con-boxed e-con e-parent\" data-id=\"bf76fe9\" data-element_type=\"container\" data-e-type=\"container\">\n\t\t\t\t\t<div class=\"e-con-inner\">\n\t\t\t\t<div class=\"elementor-element elementor-element-05adf63 elementor-widget elementor-widget-n-accordion\" data-id=\"05adf63\" data-element_type=\"widget\" data-e-type=\"widget\" data-settings=\"{&quot;default_state&quot;:&quot;all_collapsed&quot;,&quot;max_items_expended&quot;:&quot;one&quot;,&quot;n_accordion_animation_duration&quot;:{&quot;unit&quot;:&quot;ms&quot;,&quot;size&quot;:400,&quot;sizes&quot;:[]}}\" data-widget_type=\"nested-accordion.default\">\n\t\t\t\t<div class=\"elementor-widget-container\">\n\t\t\t\t\t\t\t<div class=\"e-n-accordion\" aria-label=\"Accordion. Open links with Enter or Space, close with Escape, and navigate with Arrow Keys\">\n\t\t\t\t\t\t<details id=\"e-n-accordion-item-5950\" class=\"e-n-accordion-item\" >\n\t\t\t\t<summary class=\"e-n-accordion-item-title\" data-accordion-index=\"1\" tabindex=\"0\" aria-expanded=\"false\" aria-controls=\"e-n-accordion-item-5950\" >\n\t\t\t\t\t<span class='e-n-accordion-item-title-header'><div class=\"e-n-accordion-item-title-text\"> NOTRE OFFRE <\/div><\/span>\n\t\t\t\t\t\t\t<span class='e-n-accordion-item-title-icon'>\n\t\t\t<span class='e-opened' ><svg aria-hidden=\"true\" class=\"e-font-icon-svg e-fas-minus\" viewbox=\"0 0 448 512\" xmlns=\"http:\/\/www.w3.org\/2000\/svg\"><path d=\"M416 208H32c-17.67 0-32 14.33-32 32v32c0 17.67 14.33 32 32 32h384c17.67 0 32-14.33 32-32v-32c0-17.67-14.33-32-32-32z\"><\/path><\/svg><\/span>\n\t\t\t<span class='e-closed'><svg aria-hidden=\"true\" class=\"e-font-icon-svg e-fas-plus\" viewbox=\"0 0 448 512\" xmlns=\"http:\/\/www.w3.org\/2000\/svg\"><path d=\"M416 208H272V64c0-17.67-14.33-32-32-32h-32c-17.67 0-32 14.33-32 32v144H32c-17.67 0-32 14.33-32 32v32c0 17.67 14.33 32 32 32h144v144c0 17.67 14.33 32 32 32h32c17.67 0 32-14.33 32-32V304h144c17.67 0 32-14.33 32-32v-32c0-17.67-14.33-32-32-32z\"><\/path><\/svg><\/span>\n\t\t<\/span>\n\n\t\t\t\t\t\t<\/summary>\n\t\t\t\t<div role=\"region\" aria-labelledby=\"e-n-accordion-item-5950\" class=\"elementor-element elementor-element-429f47f e-con-full e-flex e-con e-child\" data-id=\"429f47f\" data-element_type=\"container\" data-e-type=\"container\">\n\t\t<div role=\"region\" aria-labelledby=\"e-n-accordion-item-5950\" class=\"elementor-element elementor-element-e2d2694 e-flex e-con-boxed e-con e-child\" data-id=\"e2d2694\" data-element_type=\"container\" data-e-type=\"container\">\n\t\t\t\t\t<div class=\"e-con-inner\">\n\t\t\t\t<div class=\"elementor-element elementor-element-1a7d413 elementor-widget elementor-widget-text-editor\" data-id=\"1a7d413\" data-element_type=\"widget\" data-e-type=\"widget\" data-widget_type=\"text-editor.default\">\n\t\t\t\t<div class=\"elementor-widget-container\">\n\t\t\t\t\t\t\t\t\t<p>F. WINES est le lien essentiel entre un domaine et un importateur.\u00a0<strong>Nous repr\u00e9sentons domaines et appellations dans le monde entier<\/strong>, dans un but de croissance sur le march\u00e9 export de fa\u00e7on durable et p\u00e9renne.\u00a0<\/p><p class=\"translation-block\">En tant <strong>qu'ambassadeur export<\/strong>, nous sommes fiers de guider nos partenaires dans leur strat\u00e9gie de d\u00e9veloppement commercial export, de faciliter leur expansion vers de nouveaux march\u00e9s, et d'apporter notre expertise aux \u00e9quipes de vente des distributeurs par le biais de formations produit approfondies. Notre mission s\u2019\u00e9tend \u00e0 la mise en valeur des cuv\u00e9es partenaires sur la sc\u00e8ne internationale, en veillant \u00e0 ce que l\u2019histoire unique et la qualit\u00e9 exceptionnelle de chacun des vins trouvent \u00e9cho aupr\u00e8s des consommateurs du monde entier.<\/p><p><strong>VOUS \u00caTES IMPORTATEUR ?<\/strong>\u00a0<strong>We source the right producers for you<\/strong>\u00a0<b>VOUS \u00caTES IMPORTATEUR? Nous s\u00e9lectionnons pour vous les domaines pertinents<\/b>\u00a0de notre portefeuille. Nous sommes votre support au sein de votre march\u00e9 pour repr\u00e9senter les producteurs.<\/p><p class=\"translation-block\"><b>VOUS \u00caTES PRODUCTEUR? Nous ciblons pour vous les importateurs pertinents<\/b> au sein de notre r\u00e9seau \u00e9tabli de longue date. Nous sommes votre voix et votre ambassadeur sur les march\u00e9s cl\u00e9s.<\/p>\t\t\t\t\t\t\t\t<\/div>\n\t\t\t\t<\/div>\n\t\t\t\t\t<\/div>\n\t\t\t\t<\/div>\n\t\t\t\t<\/div>\n\t\t\t\t\t<\/details>\n\t\t\t\t\t\t<details id=\"e-n-accordion-item-5951\" class=\"e-n-accordion-item\" >\n\t\t\t\t<summary class=\"e-n-accordion-item-title\" data-accordion-index=\"2\" tabindex=\"-1\" aria-expanded=\"false\" aria-controls=\"e-n-accordion-item-5951\" >\n\t\t\t\t\t<span class='e-n-accordion-item-title-header'><div class=\"e-n-accordion-item-title-text\"> NOTRE PHILOSOPHIE <\/div><\/span>\n\t\t\t\t\t\t\t<span class='e-n-accordion-item-title-icon'>\n\t\t\t<span class='e-opened' ><svg aria-hidden=\"true\" class=\"e-font-icon-svg e-fas-minus\" viewbox=\"0 0 448 512\" xmlns=\"http:\/\/www.w3.org\/2000\/svg\"><path d=\"M416 208H32c-17.67 0-32 14.33-32 32v32c0 17.67 14.33 32 32 32h384c17.67 0 32-14.33 32-32v-32c0-17.67-14.33-32-32-32z\"><\/path><\/svg><\/span>\n\t\t\t<span class='e-closed'><svg aria-hidden=\"true\" class=\"e-font-icon-svg e-fas-plus\" viewbox=\"0 0 448 512\" xmlns=\"http:\/\/www.w3.org\/2000\/svg\"><path d=\"M416 208H272V64c0-17.67-14.33-32-32-32h-32c-17.67 0-32 14.33-32 32v144H32c-17.67 0-32 14.33-32 32v32c0 17.67 14.33 32 32 32h144v144c0 17.67 14.33 32 32 32h32c17.67 0 32-14.33 32-32V304h144c17.67 0 32-14.33 32-32v-32c0-17.67-14.33-32-32-32z\"><\/path><\/svg><\/span>\n\t\t<\/span>\n\n\t\t\t\t\t\t<\/summary>\n\t\t\t\t<div role=\"region\" aria-labelledby=\"e-n-accordion-item-5951\" class=\"elementor-element elementor-element-9e7629b e-con-full e-flex e-con e-child\" data-id=\"9e7629b\" data-element_type=\"container\" data-e-type=\"container\">\n\t\t<div role=\"region\" aria-labelledby=\"e-n-accordion-item-5951\" class=\"elementor-element elementor-element-0ed3df1 e-flex e-con-boxed e-con e-child\" data-id=\"0ed3df1\" data-element_type=\"container\" data-e-type=\"container\">\n\t\t\t\t\t<div class=\"e-con-inner\">\n\t\t\t\t<div class=\"elementor-element elementor-element-9591a3b elementor-widget elementor-widget-text-editor\" data-id=\"9591a3b\" data-element_type=\"widget\" data-e-type=\"widget\" data-widget_type=\"text-editor.default\">\n\t\t\t\t<div class=\"elementor-widget-container\">\n\t\t\t\t\t\t\t\t\t<p style=\"color: #71717a; font-family: 'DM Sans', sans-serif; font-size: 16px;\" class=\"translation-block\">La philosophie F. WINES est de privil\u00e9gier <strong>les relations d'affaires de qualit\u00e9<\/strong> qui respectent et transmettent l'essence m\u00eame d'un domaine et d'une appellation.<\/p><p style=\"color: #71717a; font-family: 'DM Sans', sans-serif; font-size: 16px;\" class=\"translation-block\">En tant que porte-parole des vignerons, notre souhait est d\u2019\u00e9tablir des collaborations durables, bas\u00e9es sur la confiance et la transparence, <strong>garantissant la transmission de messages<\/strong> authentiques d'un pays \u00e0 l'autre.<\/p><p style=\"color: #71717a; font-family: 'DM Sans', sans-serif; font-size: 16px;\" class=\"translation-block\">Nous croyons au pouvoir du vin pour nous unir dans des moments de partage et de passion, favorisant un sentiment d'humilit\u00e9. Nos valeurs \u00e9thiques sont centr\u00e9es sur le respect mutuel et une croissance commune. Par notre <strong>souci du d\u00e9tail<\/strong>, nous veillons \u00e0 garantir l'excellence en mati\u00e8re de conditionnement et d'image marketing.\u00a0<\/p><p style=\"color: #71717a; font-family: 'DM Sans', sans-serif; font-size: 16px;\" class=\"translation-block\">Notre vocation est avant tout d\u2019assurer une \u00a0<strong>repr\u00e9sentation haut de gamme\u00a0<\/strong>, c\u2019est pourquoi chaque domaine est mis en avant dans des moments qui leur sont exclusifs, pour une promotion optimale sur le march\u00e9 export.<\/p>\t\t\t\t\t\t\t\t<\/div>\n\t\t\t\t<\/div>\n\t\t\t\t\t<\/div>\n\t\t\t\t<\/div>\n\t\t\t\t<\/div>\n\t\t\t\t\t<\/details>\n\t\t\t\t\t\t<details id=\"e-n-accordion-item-5952\" class=\"e-n-accordion-item\" >\n\t\t\t\t<summary class=\"e-n-accordion-item-title\" data-accordion-index=\"3\" tabindex=\"-1\" aria-expanded=\"false\" aria-controls=\"e-n-accordion-item-5952\" >\n\t\t\t\t\t<span class='e-n-accordion-item-title-header'><div class=\"e-n-accordion-item-title-text\"> NOTRE MISSION <\/div><\/span>\n\t\t\t\t\t\t\t<span class='e-n-accordion-item-title-icon'>\n\t\t\t<span class='e-opened' ><svg aria-hidden=\"true\" class=\"e-font-icon-svg e-fas-minus\" viewbox=\"0 0 448 512\" xmlns=\"http:\/\/www.w3.org\/2000\/svg\"><path d=\"M416 208H32c-17.67 0-32 14.33-32 32v32c0 17.67 14.33 32 32 32h384c17.67 0 32-14.33 32-32v-32c0-17.67-14.33-32-32-32z\"><\/path><\/svg><\/span>\n\t\t\t<span class='e-closed'><svg aria-hidden=\"true\" class=\"e-font-icon-svg e-fas-plus\" viewbox=\"0 0 448 512\" xmlns=\"http:\/\/www.w3.org\/2000\/svg\"><path d=\"M416 208H272V64c0-17.67-14.33-32-32-32h-32c-17.67 0-32 14.33-32 32v144H32c-17.67 0-32 14.33-32 32v32c0 17.67 14.33 32 32 32h144v144c0 17.67 14.33 32 32 32h32c17.67 0 32-14.33 32-32V304h144c17.67 0 32-14.33 32-32v-32c0-17.67-14.33-32-32-32z\"><\/path><\/svg><\/span>\n\t\t<\/span>\n\n\t\t\t\t\t\t<\/summary>\n\t\t\t\t<div role=\"region\" aria-labelledby=\"e-n-accordion-item-5952\" class=\"elementor-element elementor-element-8fd7a8a e-con-full e-flex e-con e-child\" data-id=\"8fd7a8a\" data-element_type=\"container\" data-e-type=\"container\">\n\t\t<div role=\"region\" aria-labelledby=\"e-n-accordion-item-5952\" class=\"elementor-element elementor-element-c3b6ce1 e-flex e-con-boxed e-con e-child\" data-id=\"c3b6ce1\" data-element_type=\"container\" data-e-type=\"container\">\n\t\t\t\t\t<div class=\"e-con-inner\">\n\t\t\t\t<div class=\"elementor-element elementor-element-bd076a5 elementor-widget elementor-widget-text-editor\" data-id=\"bd076a5\" data-element_type=\"widget\" data-e-type=\"widget\" data-widget_type=\"text-editor.default\">\n\t\t\t\t<div class=\"elementor-widget-container\">\n\t\t\t\t\t\t\t\t\t<p class=\"translation-block\">F. WINES est la garantie d'<strong>un lien solide entre un domaine et un importateur<\/strong>, gr\u00e2ce \u00e0 notre expertise sur le positionnement des vins au sein de march\u00e9s sp\u00e9cifiques, et gr\u00e2ce \u00e0 la n\u00e9gociation d'accords commerciaux r\u00e9ciproquement b\u00e9n\u00e9fiques.<\/p><p class=\"translation-block\">En tant qu'<strong>Ambassadeur Export<\/strong>, nous repr\u00e9sentons domaines et AOC \u00e0 l'occasion d'\u00e9v\u00e9nements internationaux, en facilitant les connections avec les importateurs, sommeliers, influenceurs et les m\u00e9dias.<\/p><p class=\"translation-block\">Nous accueillons les grands comptes et la presse internationale dans nos domaines, formons les forces de vente dans chaque march\u00e9, et organisons des masterclasses. Nous sommes \u00e0 l'initiative de <strong>conseils en strat\u00e9gie marketing<\/strong>, d\u00e9veloppons des plans d'actions adapt\u00e9s, renfor\u00e7ons les relations commerciales existantes, et suivons de pr\u00eat les nouveaux listings produit.<\/p><p>Notre\u00a0<strong>expertise en n\u00e9gociation commerciale<\/strong>\u00a0et notre \u00e9troite collaboration avec les domaines et les \u00e9quipes marketing permettent que chaque cuv\u00e9e atteigne son plein potentiel \u00e0 l\u2019international.<\/p>\t\t\t\t\t\t\t\t<\/div>\n\t\t\t\t<\/div>\n\t\t\t\t\t<\/div>\n\t\t\t\t<\/div>\n\t\t\t\t<\/div>\n\t\t\t\t\t<\/details>\n\t\t\t\t\t<\/div>\n\t\t\t\t\t\t<\/div>\n\t\t\t\t<\/div>\n\t\t\t\t\t<\/div>\n\t\t\t\t<\/div>\n\t\t\t\t<\/div>","protected":false},"excerpt":{"rendered":"<p>&#8220;F. WINES advocates for estates and appellations worldwide&#8221; OUR OFFER F. WINES serves as the essential bridge between an estate and an importer, and\u00a0advocates for estates and appellations worldwide, committed to fostering enduring growth and sustainable export practices.\u00a0 As dedicated\u00a0export ambassador, we take pride in guiding our partners through strategic business development, facilitating market expansions [&hellip;]<\/p>\n","protected":false},"author":2,"featured_media":0,"parent":0,"menu_order":0,"comment_status":"closed","ping_status":"closed","template":"","meta":{"footnotes":""},"folder":[33],"class_list":["post-90","page","type-page","status-publish","hentry"],"aioseo_notices":[],"jetpack_sharing_enabled":true,"_links":{"self":[{"href":"https:\/\/f-wines.com\/fr\/wp-json\/wp\/v2\/pages\/90","targetHints":{"allow":["GET"]}}],"collection":[{"href":"https:\/\/f-wines.com\/fr\/wp-json\/wp\/v2\/pages"}],"about":[{"href":"https:\/\/f-wines.com\/fr\/wp-json\/wp\/v2\/types\/page"}],"author":[{"embeddable":true,"href":"https:\/\/f-wines.com\/fr\/wp-json\/wp\/v2\/users\/2"}],"replies":[{"embeddable":true,"href":"https:\/\/f-wines.com\/fr\/wp-json\/wp\/v2\/comments?post=90"}],"version-history":[{"count":232,"href":"https:\/\/f-wines.com\/fr\/wp-json\/wp\/v2\/pages\/90\/revisions"}],"predecessor-version":[{"id":3272,"href":"https:\/\/f-wines.com\/fr\/wp-json\/wp\/v2\/pages\/90\/revisions\/3272"}],"wp:attachment":[{"href":"https:\/\/f-wines.com\/fr\/wp-json\/wp\/v2\/media?parent=90"}],"wp:term":[{"taxonomy":"folder","embeddable":true,"href":"https:\/\/f-wines.com\/fr\/wp-json\/wp\/v2\/folder?post=90"}],"curies":[{"name":"wp","href":"https:\/\/api.w.org\/{rel}","templated":true}]}}