{"id":987,"date":"2024-06-26T17:34:28","date_gmt":"2024-06-26T17:34:28","guid":{"rendered":"https:\/\/f-wines.com\/?page_id=987"},"modified":"2025-01-24T10:56:44","modified_gmt":"2025-01-24T10:56:44","slug":"domaine-melinon","status":"publish","type":"page","link":"https:\/\/f-wines.com\/fr\/domaine-melinon\/","title":{"rendered":"DOMAINE MELINON"},"content":{"rendered":"<div data-elementor-type=\"wp-page\" data-elementor-id=\"987\" class=\"elementor elementor-987\">\n\t\t\t\t<div class=\"elementor-element elementor-element-e481004 e-flex e-con-boxed e-con e-parent\" data-id=\"e481004\" data-element_type=\"container\" data-e-type=\"container\">\n\t\t\t\t\t<div class=\"e-con-inner\">\n\t\t\t\t<div class=\"elementor-element elementor-element-2f78b35 elementor-widget elementor-widget-heading\" data-id=\"2f78b35\" data-element_type=\"widget\" data-e-type=\"widget\" data-widget_type=\"heading.default\">\n\t\t\t\t<div class=\"elementor-widget-container\">\n\t\t\t\t\t<h2 class=\"elementor-heading-title elementor-size-default\">AOC BEAUJOLAIS VILLAGES &amp; CRUS<\/h2>\t\t\t\t<\/div>\n\t\t\t\t<\/div>\n\t\t\t\t\t<\/div>\n\t\t\t\t<\/div>\n\t\t<div class=\"elementor-element elementor-element-259ce88 e-flex e-con-boxed e-con e-parent\" data-id=\"259ce88\" data-element_type=\"container\" data-e-type=\"container\">\n\t\t\t\t\t<div class=\"e-con-inner\">\n\t\t<div class=\"elementor-element elementor-element-a74a70a e-con-full e-flex e-con e-child\" data-id=\"a74a70a\" data-element_type=\"container\" data-e-type=\"container\">\n\t\t\t\t<div class=\"elementor-element elementor-element-426e57b hvr-shrink elementor-widget elementor-widget-button\" data-id=\"426e57b\" data-element_type=\"widget\" data-e-type=\"widget\" data-widget_type=\"button.default\">\n\t\t\t\t<div class=\"elementor-widget-container\">\n\t\t\t\t\t\t\t\t\t<div class=\"elementor-button-wrapper\">\n\t\t\t\t\t<a class=\"elementor-button elementor-button-link elementor-size-sm\" href=\"https:\/\/f-wines.com\/fr\/our-partners\/\">\n\t\t\t\t\t\t<span class=\"elementor-button-content-wrapper\">\n\t\t\t\t\t\t<span class=\"elementor-button-icon\">\n\t\t\t\t<svg aria-hidden=\"true\" class=\"e-font-icon-svg e-far-arrow-alt-circle-left\" viewbox=\"0 0 512 512\" xmlns=\"http:\/\/www.w3.org\/2000\/svg\"><path d=\"M8 256c0 137 111 248 248 248s248-111 248-248S393 8 256 8 8 119 8 256zm448 0c0 110.5-89.5 200-200 200S56 366.5 56 256 145.5 56 256 56s200 89.5 200 200zm-72-20v40c0 6.6-5.4 12-12 12H256v67c0 10.7-12.9 16-20.5 8.5l-99-99c-4.7-4.7-4.7-12.3 0-17l99-99c7.6-7.6 20.5-2.2 20.5 8.5v67h116c6.6 0 12 5.4 12 12z\"><\/path><\/svg>\t\t\t<\/span>\n\t\t\t\t\t\t\t\t\t<span class=\"elementor-button-text\"><u>Retour<\/u><\/span>\n\t\t\t\t\t<\/span>\n\t\t\t\t\t<\/a>\n\t\t\t\t<\/div>\n\t\t\t\t\t\t\t\t<\/div>\n\t\t\t\t<\/div>\n\t\t\t\t<\/div>\n\t\t<div class=\"elementor-element elementor-element-1ae6884 e-con-full e-flex e-con e-child\" data-id=\"1ae6884\" data-element_type=\"container\" data-e-type=\"container\">\n\t\t\t\t<div class=\"elementor-element elementor-element-0908ec5 elementor-align-right hvr-shrink elementor-widget elementor-widget-button\" data-id=\"0908ec5\" data-element_type=\"widget\" data-e-type=\"widget\" data-widget_type=\"button.default\">\n\t\t\t\t<div class=\"elementor-widget-container\">\n\t\t\t\t\t\t\t\t\t<div class=\"elementor-button-wrapper\">\n\t\t\t\t\t<a class=\"elementor-button elementor-button-link elementor-size-sm\" href=\"https:\/\/f-wines.com\/fr\/domaine-des-bernardins\/\">\n\t\t\t\t\t\t<span class=\"elementor-button-content-wrapper\">\n\t\t\t\t\t\t<span class=\"elementor-button-icon\">\n\t\t\t\t<svg aria-hidden=\"true\" class=\"e-font-icon-svg e-far-arrow-alt-circle-right\" viewbox=\"0 0 512 512\" xmlns=\"http:\/\/www.w3.org\/2000\/svg\"><path d=\"M504 256C504 119 393 8 256 8S8 119 8 256s111 248 248 248 248-111 248-248zm-448 0c0-110.5 89.5-200 200-200s200 89.5 200 200-89.5 200-200 200S56 366.5 56 256zm72 20v-40c0-6.6 5.4-12 12-12h116v-67c0-10.7 12.9-16 20.5-8.5l99 99c4.7 4.7 4.7 12.3 0 17l-99 99c-7.6 7.6-20.5 2.2-20.5-8.5v-67H140c-6.6 0-12-5.4-12-12z\"><\/path><\/svg>\t\t\t<\/span>\n\t\t\t\t\t\t\t\t\t<span class=\"elementor-button-text\"><u>Prochain domaine<\/u><\/span>\n\t\t\t\t\t<\/span>\n\t\t\t\t\t<\/a>\n\t\t\t\t<\/div>\n\t\t\t\t\t\t\t\t<\/div>\n\t\t\t\t<\/div>\n\t\t\t\t<\/div>\n\t\t\t\t\t<\/div>\n\t\t\t\t<\/div>\n\t\t\t\t<section class=\"elementor-section elementor-top-section elementor-element elementor-element-4acb3141 elementor-section-boxed elementor-section-height-default elementor-section-height-default\" data-id=\"4acb3141\" data-element_type=\"section\" data-e-type=\"section\" data-settings=\"{&quot;background_background&quot;:&quot;classic&quot;}\">\n\t\t\t\t\t\t<div class=\"elementor-container elementor-column-gap-no\">\n\t\t\t\t\t<div class=\"elementor-column elementor-col-100 elementor-top-column elementor-element elementor-element-91e99f4\" data-id=\"91e99f4\" data-element_type=\"column\" data-e-type=\"column\">\n\t\t\t<div class=\"elementor-widget-wrap elementor-element-populated\">\n\t\t\t\t\t\t<section class=\"elementor-section elementor-inner-section elementor-element elementor-element-6a611b57 elementor-section-boxed elementor-section-height-default elementor-section-height-default\" data-id=\"6a611b57\" data-element_type=\"section\" data-e-type=\"section\" data-settings=\"{&quot;background_background&quot;:&quot;classic&quot;}\">\n\t\t\t\t\t\t<div class=\"elementor-container elementor-column-gap-no\">\n\t\t\t\t\t<div class=\"elementor-column elementor-col-50 elementor-inner-column elementor-element elementor-element-79d8af8b\" data-id=\"79d8af8b\" data-element_type=\"column\" data-e-type=\"column\">\n\t\t\t<div class=\"elementor-widget-wrap elementor-element-populated\">\n\t\t\t\t\t\t<div class=\"elementor-element elementor-element-16b18d80 elementor-view-default elementor-widget elementor-widget-icon\" data-id=\"16b18d80\" data-element_type=\"widget\" data-e-type=\"widget\" data-widget_type=\"icon.default\">\n\t\t\t\t<div class=\"elementor-widget-container\">\n\t\t\t\t\t\t\t<div class=\"elementor-icon-wrapper\">\n\t\t\t<div class=\"elementor-icon\">\n\t\t\t<svg aria-hidden=\"true\" class=\"e-font-icon-svg e-fas-quote-left\" viewbox=\"0 0 512 512\" xmlns=\"http:\/\/www.w3.org\/2000\/svg\"><path d=\"M464 256h-80v-64c0-35.3 28.7-64 64-64h8c13.3 0 24-10.7 24-24V56c0-13.3-10.7-24-24-24h-8c-88.4 0-160 71.6-160 160v240c0 26.5 21.5 48 48 48h128c26.5 0 48-21.5 48-48V304c0-26.5-21.5-48-48-48zm-288 0H96v-64c0-35.3 28.7-64 64-64h8c13.3 0 24-10.7 24-24V56c0-13.3-10.7-24-24-24h-8C71.6 32 0 103.6 0 192v240c0 26.5 21.5 48 48 48h128c26.5 0 48-21.5 48-48V304c0-26.5-21.5-48-48-48z\"><\/path><\/svg>\t\t\t<\/div>\n\t\t<\/div>\n\t\t\t\t\t\t<\/div>\n\t\t\t\t<\/div>\n\t\t\t\t\t<\/div>\n\t\t<\/div>\n\t\t\t\t<div class=\"elementor-column elementor-col-50 elementor-inner-column elementor-element elementor-element-458b16e1\" data-id=\"458b16e1\" data-element_type=\"column\" data-e-type=\"column\">\n\t\t\t<div class=\"elementor-widget-wrap elementor-element-populated\">\n\t\t\t\t\t\t<div class=\"elementor-element elementor-element-1b832ffc elementor-widget elementor-widget-heading\" data-id=\"1b832ffc\" data-element_type=\"widget\" data-e-type=\"widget\" data-widget_type=\"heading.default\">\n\t\t\t\t<div class=\"elementor-widget-container\">\n\t\t\t\t\t<h3 class=\"elementor-heading-title elementor-size-medium\"><span><p dir=\"ltr\" style=\"line-height: 1.38;margin-top: 0pt;margin-bottom: 0pt\"><font color=\"#000000\" face=\"Montserrat\"><span style=\"font-size: 14.6667px\">Le Domaine M\u00e9linon, dirig\u00e9 par le vigneron Ga\u00e9tan M\u00e9linon, est situ\u00e9 \u00e0 Villi\u00e9-Morgon, au c\u0153ur des crus du Beaujolais.  <\/span><\/font><span style=\"font-weight: normal\"><br><\/span><\/p><\/span><br><font color=\"#000000\" face=\"Montserrat\"><span style=\"font-size: 14.6667px;font-weight: 400\">Le domaine s'\u00e9tend sur environ 18 hectares \u00e0 travers 7 appellations, comprenant Morgon, Chiroubles, R\u00e9gni\u00e9, Moulin \u00e0 Vent, Ch\u00e9nas, Juli\u00e9nas, et Beaujolais-Villages. <\/span><\/font><br><br><font color=\"#000000\" face=\"Montserrat\"><span style=\"font-size: 14.6667px;font-weight: 400\">Avec un h\u00e9ritage vinicole remontant \u00e0 Philibert Bulliat en 1737, cette famille de huiti\u00e8me g\u00e9n\u00e9ration pratique une viticulture durable et est en train de convertir certaines parcelles \u00e0 l'agriculture biologique. <\/span><\/font><br><br><font color=\"#000000\" face=\"Montserrat\"><span style=\"font-size: 14.6667px;font-weight: 400\">Ga\u00e9tan produit des vins authentiques qui expriment leur terroir, en utilisant des m\u00e9thodes traditionnelles incluant des levures indig\u00e8nes et un \u00e9levage en cuves b\u00e9ton ou en f\u00fbts de ch\u00eane. Le Domaine M\u00e9linon est d\u00e9di\u00e9 \u00e0 l'\u00e9laboration de vins qui procurent du plaisir, refl\u00e9tant leur travail m\u00e9ticuleux \u00e0 la vigne et en cave.<\/span><\/font><\/h3>\t\t\t\t<\/div>\n\t\t\t\t<\/div>\n\t\t\t\t<div class=\"elementor-element elementor-element-cf536e8 elementor-widget elementor-widget-image\" data-id=\"cf536e8\" data-element_type=\"widget\" data-e-type=\"widget\" data-widget_type=\"image.default\">\n\t\t\t\t<div class=\"elementor-widget-container\">\n\t\t\t\t\t\t\t\t\t\t\t\t\t\t\t<img decoding=\"async\" width=\"300\" height=\"127\" src=\"https:\/\/f-wines.com\/wp-content\/uploads\/2024\/07\/Logos-domaines-meme-taille-300x127.jpg\" class=\"attachment-medium size-medium wp-image-1420\" alt=\"\" srcset=\"https:\/\/f-wines.com\/wp-content\/uploads\/2024\/07\/Logos-domaines-meme-taille-300x127.jpg 300w, https:\/\/f-wines.com\/wp-content\/uploads\/2024\/07\/Logos-domaines-meme-taille-1024x432.jpg 1024w, https:\/\/f-wines.com\/wp-content\/uploads\/2024\/07\/Logos-domaines-meme-taille-768x324.jpg 768w, https:\/\/f-wines.com\/wp-content\/uploads\/2024\/07\/Logos-domaines-meme-taille-18x8.jpg 18w, https:\/\/f-wines.com\/wp-content\/uploads\/2024\/07\/Logos-domaines-meme-taille.jpg 1075w\" sizes=\"(max-width: 300px) 100vw, 300px\" \/>\t\t\t\t\t\t\t\t\t\t\t\t\t\t\t<\/div>\n\t\t\t\t<\/div>\n\t\t\t\t\t<\/div>\n\t\t<\/div>\n\t\t\t\t\t<\/div>\n\t\t<\/section>\n\t\t\t\t\t<\/div>\n\t\t<\/div>\n\t\t\t\t\t<\/div>\n\t\t<\/section>\n\t\t<div class=\"elementor-element elementor-element-52951cc6 e-flex e-con-boxed e-con e-parent\" data-id=\"52951cc6\" data-element_type=\"container\" data-e-type=\"container\">\n\t\t\t\t\t<div class=\"e-con-inner\">\n\t\t\t\t<div class=\"elementor-element elementor-element-5cdbc3d7 elementor-widget elementor-widget-image-gallery\" data-id=\"5cdbc3d7\" data-element_type=\"widget\" data-e-type=\"widget\" data-widget_type=\"image-gallery.default\">\n\t\t\t\t<div class=\"elementor-widget-container\">\n\t\t\t\t\t\t\t<div class=\"elementor-image-gallery\">\n\t\t\t<div id='gallery-3' class='gallery galleryid-987 gallery-columns-4 gallery-size-full'><figure class='gallery-item'>\n\t\t\t<div class='gallery-icon portrait'>\n\t\t\t\t<img fetchpriority=\"high\" decoding=\"async\" width=\"1707\" height=\"2560\" src=\"https:\/\/f-wines.com\/wp-content\/uploads\/2024\/09\/16.jpg\" class=\"attachment-full size-full\" alt=\"\" srcset=\"https:\/\/f-wines.com\/wp-content\/uploads\/2024\/09\/16.jpg 1707w, https:\/\/f-wines.com\/wp-content\/uploads\/2024\/09\/16-200x300.jpg 200w, https:\/\/f-wines.com\/wp-content\/uploads\/2024\/09\/16-683x1024.jpg 683w, https:\/\/f-wines.com\/wp-content\/uploads\/2024\/09\/16-768x1152.jpg 768w, https:\/\/f-wines.com\/wp-content\/uploads\/2024\/09\/16-1024x1536.jpg 1024w, https:\/\/f-wines.com\/wp-content\/uploads\/2024\/09\/16-1366x2048.jpg 1366w, https:\/\/f-wines.com\/wp-content\/uploads\/2024\/09\/16-8x12.jpg 8w\" sizes=\"(max-width: 1707px) 100vw, 1707px\" \/>\n\t\t\t<\/div><\/figure><figure class='gallery-item'>\n\t\t\t<div class='gallery-icon portrait'>\n\t\t\t\t<img decoding=\"async\" width=\"1707\" height=\"2560\" src=\"https:\/\/f-wines.com\/wp-content\/uploads\/2024\/09\/17.jpg\" class=\"attachment-full size-full\" alt=\"\" srcset=\"https:\/\/f-wines.com\/wp-content\/uploads\/2024\/09\/17.jpg 1707w, https:\/\/f-wines.com\/wp-content\/uploads\/2024\/09\/17-200x300.jpg 200w, https:\/\/f-wines.com\/wp-content\/uploads\/2024\/09\/17-683x1024.jpg 683w, https:\/\/f-wines.com\/wp-content\/uploads\/2024\/09\/17-768x1152.jpg 768w, https:\/\/f-wines.com\/wp-content\/uploads\/2024\/09\/17-1024x1536.jpg 1024w, https:\/\/f-wines.com\/wp-content\/uploads\/2024\/09\/17-1366x2048.jpg 1366w, https:\/\/f-wines.com\/wp-content\/uploads\/2024\/09\/17-8x12.jpg 8w\" sizes=\"(max-width: 1707px) 100vw, 1707px\" \/>\n\t\t\t<\/div><\/figure><figure class='gallery-item'>\n\t\t\t<div class='gallery-icon portrait'>\n\t\t\t\t<img loading=\"lazy\" decoding=\"async\" width=\"1707\" height=\"2560\" src=\"https:\/\/f-wines.com\/wp-content\/uploads\/2024\/07\/Design-sans-titre-2.jpg\" class=\"attachment-full size-full\" alt=\"\" srcset=\"https:\/\/f-wines.com\/wp-content\/uploads\/2024\/07\/Design-sans-titre-2.jpg 1707w, https:\/\/f-wines.com\/wp-content\/uploads\/2024\/07\/Design-sans-titre-2-200x300.jpg 200w, https:\/\/f-wines.com\/wp-content\/uploads\/2024\/07\/Design-sans-titre-2-683x1024.jpg 683w, https:\/\/f-wines.com\/wp-content\/uploads\/2024\/07\/Design-sans-titre-2-768x1152.jpg 768w, https:\/\/f-wines.com\/wp-content\/uploads\/2024\/07\/Design-sans-titre-2-1024x1536.jpg 1024w, https:\/\/f-wines.com\/wp-content\/uploads\/2024\/07\/Design-sans-titre-2-1366x2048.jpg 1366w, https:\/\/f-wines.com\/wp-content\/uploads\/2024\/07\/Design-sans-titre-2-8x12.jpg 8w\" sizes=\"(max-width: 1707px) 100vw, 1707px\" \/>\n\t\t\t<\/div><\/figure><figure class='gallery-item'>\n\t\t\t<div class='gallery-icon portrait'>\n\t\t\t\t<img loading=\"lazy\" decoding=\"async\" width=\"1707\" height=\"2560\" src=\"https:\/\/f-wines.com\/wp-content\/uploads\/2024\/09\/19-copie.jpg\" class=\"attachment-full size-full\" alt=\"\" srcset=\"https:\/\/f-wines.com\/wp-content\/uploads\/2024\/09\/19-copie.jpg 1707w, https:\/\/f-wines.com\/wp-content\/uploads\/2024\/09\/19-copie-200x300.jpg 200w, https:\/\/f-wines.com\/wp-content\/uploads\/2024\/09\/19-copie-683x1024.jpg 683w, https:\/\/f-wines.com\/wp-content\/uploads\/2024\/09\/19-copie-768x1152.jpg 768w, https:\/\/f-wines.com\/wp-content\/uploads\/2024\/09\/19-copie-1024x1536.jpg 1024w, https:\/\/f-wines.com\/wp-content\/uploads\/2024\/09\/19-copie-1366x2048.jpg 1366w, https:\/\/f-wines.com\/wp-content\/uploads\/2024\/09\/19-copie-8x12.jpg 8w\" sizes=\"(max-width: 1707px) 100vw, 1707px\" \/>\n\t\t\t<\/div><\/figure>\n\t\t<\/div>\n\t\t<\/div>\n\t\t\t\t\t\t<\/div>\n\t\t\t\t<\/div>\n\t\t\t\t\t<\/div>\n\t\t\t\t<\/div>\n\t\t<div class=\"elementor-element elementor-element-5eb021d e-flex e-con-boxed e-con e-parent\" data-id=\"5eb021d\" data-element_type=\"container\" data-e-type=\"container\">\n\t\t\t\t\t<div class=\"e-con-inner\">\n\t\t\t\t<div class=\"elementor-element elementor-element-7277685 elementor-widget elementor-widget-text-editor\" data-id=\"7277685\" data-element_type=\"widget\" data-e-type=\"widget\" data-widget_type=\"text-editor.default\">\n\t\t\t\t<div class=\"elementor-widget-container\">\n\t\t\t\t\t\t\t\t\t<p>Pour plus d'informations sur les disponibilit\u00e9s export du <strong>Domaine M\u00e9linon<\/strong> contactez-nous \u00e0 <span style=\"text-decoration: underline;\"><a href=\"mailto:contact@f-wines.com\">contact@f-wines.com<\/a><\/span><\/p>\t\t\t\t\t\t\t\t<\/div>\n\t\t\t\t<\/div>\n\t\t\t\t\t<\/div>\n\t\t\t\t<\/div>\n\t\t<div class=\"elementor-element elementor-element-abeeda4 e-flex e-con-boxed e-con e-parent\" data-id=\"abeeda4\" data-element_type=\"container\" data-e-type=\"container\">\n\t\t\t\t\t<div class=\"e-con-inner\">\n\t\t\t\t<div class=\"elementor-element elementor-element-34d199c elementor-align-right hvr-shrink elementor-widget elementor-widget-button\" data-id=\"34d199c\" data-element_type=\"widget\" data-e-type=\"widget\" data-widget_type=\"button.default\">\n\t\t\t\t<div class=\"elementor-widget-container\">\n\t\t\t\t\t\t\t\t\t<div class=\"elementor-button-wrapper\">\n\t\t\t\t\t<a class=\"elementor-button elementor-button-link elementor-size-sm\" href=\"https:\/\/f-wines.com\/fr\/chateau-veyran\/\">\n\t\t\t\t\t\t<span class=\"elementor-button-content-wrapper\">\n\t\t\t\t\t\t<span class=\"elementor-button-icon\">\n\t\t\t\t<svg aria-hidden=\"true\" class=\"e-font-icon-svg e-far-arrow-alt-circle-right\" viewbox=\"0 0 512 512\" xmlns=\"http:\/\/www.w3.org\/2000\/svg\"><path d=\"M504 256C504 119 393 8 256 8S8 119 8 256s111 248 248 248 248-111 248-248zm-448 0c0-110.5 89.5-200 200-200s200 89.5 200 200-89.5 200-200 200S56 366.5 56 256zm72 20v-40c0-6.6 5.4-12 12-12h116v-67c0-10.7 12.9-16 20.5-8.5l99 99c4.7 4.7 4.7 12.3 0 17l-99 99c-7.6 7.6-20.5 2.2-20.5-8.5v-67H140c-6.6 0-12-5.4-12-12z\"><\/path><\/svg>\t\t\t<\/span>\n\t\t\t\t\t\t\t\t\t<span class=\"elementor-button-text\"><u>Prochain domaine<\/u><\/span>\n\t\t\t\t\t<\/span>\n\t\t\t\t\t<\/a>\n\t\t\t\t<\/div>\n\t\t\t\t\t\t\t\t<\/div>\n\t\t\t\t<\/div>\n\t\t\t\t\t<\/div>\n\t\t\t\t<\/div>\n\t\t\t\t<\/div>","protected":false},"excerpt":{"rendered":"<p>AOC BEAUJOLAIS VILLAGES &amp; CRUS Back Next Producer Domaine M\u00e9linon, owned by winemaker Ga\u00e9tan M\u00e9linon, is situated in Villi\u00e9-Morgon, at the heart of the Beaujolais crus. The estate spans approximately 18 hectares across 7 appellations, including Morgon, Chiroubles, R\u00e9gni\u00e9, Moulin \u00e0 Vent, Ch\u00e9nas, Juli\u00e9nas, and Beaujolais-Villages. With a winemaking heritage dating back to Philibert Bulliat [&hellip;]<\/p>\n","protected":false},"author":2,"featured_media":0,"parent":0,"menu_order":0,"comment_status":"closed","ping_status":"closed","template":"","meta":{"footnotes":""},"folder":[32],"class_list":["post-987","page","type-page","status-publish","hentry"],"aioseo_notices":[],"jetpack_sharing_enabled":true,"_links":{"self":[{"href":"https:\/\/f-wines.com\/fr\/wp-json\/wp\/v2\/pages\/987","targetHints":{"allow":["GET"]}}],"collection":[{"href":"https:\/\/f-wines.com\/fr\/wp-json\/wp\/v2\/pages"}],"about":[{"href":"https:\/\/f-wines.com\/fr\/wp-json\/wp\/v2\/types\/page"}],"author":[{"embeddable":true,"href":"https:\/\/f-wines.com\/fr\/wp-json\/wp\/v2\/users\/2"}],"replies":[{"embeddable":true,"href":"https:\/\/f-wines.com\/fr\/wp-json\/wp\/v2\/comments?post=987"}],"version-history":[{"count":77,"href":"https:\/\/f-wines.com\/fr\/wp-json\/wp\/v2\/pages\/987\/revisions"}],"predecessor-version":[{"id":3028,"href":"https:\/\/f-wines.com\/fr\/wp-json\/wp\/v2\/pages\/987\/revisions\/3028"}],"wp:attachment":[{"href":"https:\/\/f-wines.com\/fr\/wp-json\/wp\/v2\/media?parent=987"}],"wp:term":[{"taxonomy":"folder","embeddable":true,"href":"https:\/\/f-wines.com\/fr\/wp-json\/wp\/v2\/folder?post=987"}],"curies":[{"name":"wp","href":"https:\/\/api.w.org\/{rel}","templated":true}]}}